{"id":69367,"date":"2022-06-01T14:14:24","date_gmt":"2022-06-01T12:14:24","guid":{"rendered":"http:\/\/valvex.com\/pliki-2\/"},"modified":"2024-02-13T01:20:15","modified_gmt":"2024-02-13T00:20:15","slug":"downloads","status":"publish","type":"page","link":"https:\/\/valvex.com\/de\/profibereich\/installateurbereich\/downloads\/","title":{"rendered":"Downloads"},"content":{"rendered":"\n<h3 class=\"wp-block-heading\">Downloads<\/h3>\n\n\n\n<p>In diesem Bereich finden Sie Kataloge, Preislisten, Anleitungen und alle technischen Daten zu unserem Angebot und den einzelnen Produkten. Egal, ob Sie sie f\u00fcr die Arbeit, ein Projekt oder den allt\u00e4glichen Gebrauch von Ger\u00e4ten ben\u00f6tigen \u2013 hier finden Sie alles, was Sie brauchen.<\/p>\n","protected":false},"excerpt":{"rendered":"<p>Downloads In diesem Bereich finden Sie Kataloge, Preislisten, Anleitungen und alle technischen Daten zu unserem Angebot und den einzelnen Produkten. Egal, ob Sie sie f\u00fcr die Arbeit, ein Projekt oder den allt\u00e4glichen Gebrauch von Ger\u00e4ten ben\u00f6tigen \u2013 hier finden Sie alles, was Sie brauchen.<\/p>\n","protected":false},"author":12,"featured_media":68170,"parent":69383,"menu_order":256,"comment_status":"closed","ping_status":"closed","template":"page-pliki.php","meta":{"_acf_changed":false,"footnotes":""},"class_list":["post-69367","page","type-page","status-publish","has-post-thumbnail","hentry"],"acf":[],"yoast_head":"<!-- This site is optimized with the Yoast SEO plugin v27.3 - https:\/\/yoast.com\/product\/yoast-seo-wordpress\/ -->\n<title>Downloads - Valvex<\/title>\n<meta name=\"robots\" content=\"index, follow, max-snippet:-1, max-image-preview:large, max-video-preview:-1\" \/>\n<link rel=\"canonical\" href=\"https:\/\/valvex.com\/de\/profibereich\/installateurbereich\/downloads\/\" \/>\n<meta property=\"og:locale\" content=\"de_DE\" \/>\n<meta property=\"og:type\" content=\"article\" \/>\n<meta property=\"og:title\" content=\"Downloads - Valvex\" \/>\n<meta property=\"og:description\" content=\"Downloads In diesem Bereich finden Sie Kataloge, Preislisten, Anleitungen und alle technischen Daten zu unserem Angebot und den einzelnen Produkten. Egal, ob Sie sie f\u00fcr die Arbeit, ein Projekt oder den allt\u00e4glichen Gebrauch von Ger\u00e4ten ben\u00f6tigen \u2013 hier finden Sie alles, was Sie brauchen.\" \/>\n<meta property=\"og:url\" content=\"https:\/\/valvex.com\/de\/profibereich\/installateurbereich\/downloads\/\" \/>\n<meta property=\"og:site_name\" content=\"Valvex\" \/>\n<meta property=\"article:modified_time\" content=\"2024-02-13T00:20:15+00:00\" \/>\n<meta property=\"og:image\" content=\"https:\/\/valvex.com\/wp-content\/uploads\/2022\/06\/Valvex-dla-instalatora.jpg\" \/>\n\t<meta property=\"og:image:width\" content=\"2400\" \/>\n\t<meta property=\"og:image:height\" content=\"843\" \/>\n\t<meta property=\"og:image:type\" content=\"image\/jpeg\" \/>\n<meta name=\"twitter:card\" content=\"summary_large_image\" \/>\n<meta name=\"twitter:label1\" content=\"Gesch\u00e4tzte Lesezeit\" \/>\n\t<meta name=\"twitter:data1\" content=\"1 Minute\" \/>\n<script type=\"application\/ld+json\" class=\"yoast-schema-graph\">{\"@context\":\"https:\\\/\\\/schema.org\",\"@graph\":[{\"@type\":\"WebPage\",\"@id\":\"https:\\\/\\\/valvex.com\\\/de\\\/profibereich\\\/installateurbereich\\\/downloads\\\/\",\"url\":\"https:\\\/\\\/valvex.com\\\/de\\\/profibereich\\\/installateurbereich\\\/downloads\\\/\",\"name\":\"Downloads - Valvex\",\"isPartOf\":{\"@id\":\"https:\\\/\\\/valvex.com\\\/de\\\/#website\"},\"primaryImageOfPage\":{\"@id\":\"https:\\\/\\\/valvex.com\\\/de\\\/profibereich\\\/installateurbereich\\\/downloads\\\/#primaryimage\"},\"image\":{\"@id\":\"https:\\\/\\\/valvex.com\\\/de\\\/profibereich\\\/installateurbereich\\\/downloads\\\/#primaryimage\"},\"thumbnailUrl\":\"https:\\\/\\\/valvex.com\\\/wp-content\\\/uploads\\\/2022\\\/06\\\/Valvex-dla-instalatora.jpg\",\"datePublished\":\"2022-06-01T12:14:24+00:00\",\"dateModified\":\"2024-02-13T00:20:15+00:00\",\"breadcrumb\":{\"@id\":\"https:\\\/\\\/valvex.com\\\/de\\\/profibereich\\\/installateurbereich\\\/downloads\\\/#breadcrumb\"},\"inLanguage\":\"de\",\"potentialAction\":[{\"@type\":\"ReadAction\",\"target\":[\"https:\\\/\\\/valvex.com\\\/de\\\/profibereich\\\/installateurbereich\\\/downloads\\\/\"]}]},{\"@type\":\"ImageObject\",\"inLanguage\":\"de\",\"@id\":\"https:\\\/\\\/valvex.com\\\/de\\\/profibereich\\\/installateurbereich\\\/downloads\\\/#primaryimage\",\"url\":\"https:\\\/\\\/valvex.com\\\/wp-content\\\/uploads\\\/2022\\\/06\\\/Valvex-dla-instalatora.jpg\",\"contentUrl\":\"https:\\\/\\\/valvex.com\\\/wp-content\\\/uploads\\\/2022\\\/06\\\/Valvex-dla-instalatora.jpg\",\"width\":2400,\"height\":843},{\"@type\":\"BreadcrumbList\",\"@id\":\"https:\\\/\\\/valvex.com\\\/de\\\/profibereich\\\/installateurbereich\\\/downloads\\\/#breadcrumb\",\"itemListElement\":[{\"@type\":\"ListItem\",\"position\":1,\"name\":\"Strona g\u0142\u00f3wna\",\"item\":\"https:\\\/\\\/valvex.com\\\/de\\\/\"},{\"@type\":\"ListItem\",\"position\":2,\"name\":\"Profibereich\",\"item\":\"https:\\\/\\\/valvex.com\\\/de\\\/strefa-profesjonalisty\\\/\"},{\"@type\":\"ListItem\",\"position\":3,\"name\":\"Installateurbereich\",\"item\":\"https:\\\/\\\/valvex.com\\\/de\\\/strefa-profesjonalisty\\\/strefa-instalatora\\\/\"},{\"@type\":\"ListItem\",\"position\":4,\"name\":\"Downloads\"}]},{\"@type\":\"WebSite\",\"@id\":\"https:\\\/\\\/valvex.com\\\/de\\\/#website\",\"url\":\"https:\\\/\\\/valvex.com\\\/de\\\/\",\"name\":\"Valvex\",\"description\":\"Hersteller von Sanit\u00e4ranlagen und Armaturen\\n\\n\",\"potentialAction\":[{\"@type\":\"SearchAction\",\"target\":{\"@type\":\"EntryPoint\",\"urlTemplate\":\"https:\\\/\\\/valvex.com\\\/de\\\/?s={search_term_string}\"},\"query-input\":{\"@type\":\"PropertyValueSpecification\",\"valueRequired\":true,\"valueName\":\"search_term_string\"}}],\"inLanguage\":\"de\"}]}<\/script>\n<!-- \/ Yoast SEO plugin. -->","yoast_head_json":{"title":"Downloads - Valvex","robots":{"index":"index","follow":"follow","max-snippet":"max-snippet:-1","max-image-preview":"max-image-preview:large","max-video-preview":"max-video-preview:-1"},"canonical":"https:\/\/valvex.com\/de\/profibereich\/installateurbereich\/downloads\/","og_locale":"de_DE","og_type":"article","og_title":"Downloads - Valvex","og_description":"Downloads In diesem Bereich finden Sie Kataloge, Preislisten, Anleitungen und alle technischen Daten zu unserem Angebot und den einzelnen Produkten. Egal, ob Sie sie f\u00fcr die Arbeit, ein Projekt oder den allt\u00e4glichen Gebrauch von Ger\u00e4ten ben\u00f6tigen \u2013 hier finden Sie alles, was Sie brauchen.","og_url":"https:\/\/valvex.com\/de\/profibereich\/installateurbereich\/downloads\/","og_site_name":"Valvex","article_modified_time":"2024-02-13T00:20:15+00:00","og_image":[{"width":2400,"height":843,"url":"https:\/\/valvex.com\/wp-content\/uploads\/2022\/06\/Valvex-dla-instalatora.jpg","type":"image\/jpeg"}],"twitter_card":"summary_large_image","twitter_misc":{"Gesch\u00e4tzte Lesezeit":"1 Minute"},"schema":{"@context":"https:\/\/schema.org","@graph":[{"@type":"WebPage","@id":"https:\/\/valvex.com\/de\/profibereich\/installateurbereich\/downloads\/","url":"https:\/\/valvex.com\/de\/profibereich\/installateurbereich\/downloads\/","name":"Downloads - Valvex","isPartOf":{"@id":"https:\/\/valvex.com\/de\/#website"},"primaryImageOfPage":{"@id":"https:\/\/valvex.com\/de\/profibereich\/installateurbereich\/downloads\/#primaryimage"},"image":{"@id":"https:\/\/valvex.com\/de\/profibereich\/installateurbereich\/downloads\/#primaryimage"},"thumbnailUrl":"https:\/\/valvex.com\/wp-content\/uploads\/2022\/06\/Valvex-dla-instalatora.jpg","datePublished":"2022-06-01T12:14:24+00:00","dateModified":"2024-02-13T00:20:15+00:00","breadcrumb":{"@id":"https:\/\/valvex.com\/de\/profibereich\/installateurbereich\/downloads\/#breadcrumb"},"inLanguage":"de","potentialAction":[{"@type":"ReadAction","target":["https:\/\/valvex.com\/de\/profibereich\/installateurbereich\/downloads\/"]}]},{"@type":"ImageObject","inLanguage":"de","@id":"https:\/\/valvex.com\/de\/profibereich\/installateurbereich\/downloads\/#primaryimage","url":"https:\/\/valvex.com\/wp-content\/uploads\/2022\/06\/Valvex-dla-instalatora.jpg","contentUrl":"https:\/\/valvex.com\/wp-content\/uploads\/2022\/06\/Valvex-dla-instalatora.jpg","width":2400,"height":843},{"@type":"BreadcrumbList","@id":"https:\/\/valvex.com\/de\/profibereich\/installateurbereich\/downloads\/#breadcrumb","itemListElement":[{"@type":"ListItem","position":1,"name":"Strona g\u0142\u00f3wna","item":"https:\/\/valvex.com\/de\/"},{"@type":"ListItem","position":2,"name":"Profibereich","item":"https:\/\/valvex.com\/de\/strefa-profesjonalisty\/"},{"@type":"ListItem","position":3,"name":"Installateurbereich","item":"https:\/\/valvex.com\/de\/strefa-profesjonalisty\/strefa-instalatora\/"},{"@type":"ListItem","position":4,"name":"Downloads"}]},{"@type":"WebSite","@id":"https:\/\/valvex.com\/de\/#website","url":"https:\/\/valvex.com\/de\/","name":"Valvex","description":"Hersteller von Sanit\u00e4ranlagen und Armaturen\n\n","potentialAction":[{"@type":"SearchAction","target":{"@type":"EntryPoint","urlTemplate":"https:\/\/valvex.com\/de\/?s={search_term_string}"},"query-input":{"@type":"PropertyValueSpecification","valueRequired":true,"valueName":"search_term_string"}}],"inLanguage":"de"}]}},"_links":{"self":[{"href":"https:\/\/valvex.com\/de\/wp-json\/wp\/v2\/pages\/69367","targetHints":{"allow":["GET"]}}],"collection":[{"href":"https:\/\/valvex.com\/de\/wp-json\/wp\/v2\/pages"}],"about":[{"href":"https:\/\/valvex.com\/de\/wp-json\/wp\/v2\/types\/page"}],"author":[{"embeddable":true,"href":"https:\/\/valvex.com\/de\/wp-json\/wp\/v2\/users\/12"}],"replies":[{"embeddable":true,"href":"https:\/\/valvex.com\/de\/wp-json\/wp\/v2\/comments?post=69367"}],"version-history":[{"count":0,"href":"https:\/\/valvex.com\/de\/wp-json\/wp\/v2\/pages\/69367\/revisions"}],"up":[{"embeddable":true,"href":"https:\/\/valvex.com\/de\/wp-json\/wp\/v2\/pages\/69383"}],"wp:featuredmedia":[{"embeddable":true,"href":"https:\/\/valvex.com\/de\/wp-json\/wp\/v2\/media\/68170"}],"wp:attachment":[{"href":"https:\/\/valvex.com\/de\/wp-json\/wp\/v2\/media?parent=69367"}],"curies":[{"name":"wp","href":"https:\/\/api.w.org\/{rel}","templated":true}]}}