{"id":69058,"date":"2022-03-20T22:19:08","date_gmt":"2022-03-20T21:19:08","guid":{"rendered":"http:\/\/valvex.com\/strefa-profesjonalisty\/strefa-dystrybutora\/produkty\/"},"modified":"2024-02-14T11:01:26","modified_gmt":"2024-02-14T10:01:26","slug":"produkte","status":"publish","type":"page","link":"https:\/\/valvex.com\/de\/profibereich\/fuer-den-haendler\/produkte\/","title":{"rendered":"Produkte"},"content":{"rendered":"\n<h3 class=\"wp-block-heading\">Ein Produkt finden<\/h3>\n\n\n\n<p>Suchen Sie nach einem bestimmten Produkt oder einer ganzen Serie? M\u00f6chten Sie deren Preise, Farbvarianten und Eigenschaften kennen? Oder planen Sie, verf\u00fcgbare Zubeh\u00f6rteile und Armaturen durchzusehen, um dann ein Set zu erstellen, das zu Ihrer Idee passt? Warten Sie nicht und lernen Sie die Produkte von Valvex mithilfe der untenstehenden Suchmaschine n\u00e4her kennen.<\/p>\n","protected":false},"excerpt":{"rendered":"<p>Ein Produkt finden Suchen Sie nach einem bestimmten Produkt oder einer ganzen Serie? M\u00f6chten Sie deren Preise, Farbvarianten und Eigenschaften kennen? Oder planen Sie, verf\u00fcgbare Zubeh\u00f6rteile und Armaturen durchzusehen, um dann ein Set zu erstellen, das zu Ihrer Idee passt? Warten Sie nicht und lernen Sie die Produkte von Valvex mithilfe der untenstehenden Suchmaschine n\u00e4her [&hellip;]<\/p>\n","protected":false},"author":12,"featured_media":68155,"parent":69053,"menu_order":227,"comment_status":"closed","ping_status":"closed","template":"page-search.php","meta":{"_acf_changed":false,"footnotes":""},"class_list":["post-69058","page","type-page","status-publish","has-post-thumbnail","hentry"],"acf":[],"yoast_head":"<!-- This site is optimized with the Yoast SEO plugin v27.3 - https:\/\/yoast.com\/product\/yoast-seo-wordpress\/ -->\n<title>Produkte - Valvex<\/title>\n<meta name=\"robots\" content=\"index, follow, max-snippet:-1, max-image-preview:large, max-video-preview:-1\" \/>\n<link rel=\"canonical\" href=\"https:\/\/valvex.com\/de\/profibereich\/fuer-den-haendler\/produkte\/\" \/>\n<meta property=\"og:locale\" content=\"de_DE\" \/>\n<meta property=\"og:type\" content=\"article\" \/>\n<meta property=\"og:title\" content=\"Produkte - Valvex\" \/>\n<meta property=\"og:description\" content=\"Ein Produkt finden Suchen Sie nach einem bestimmten Produkt oder einer ganzen Serie? M\u00f6chten Sie deren Preise, Farbvarianten und Eigenschaften kennen? Oder planen Sie, verf\u00fcgbare Zubeh\u00f6rteile und Armaturen durchzusehen, um dann ein Set zu erstellen, das zu Ihrer Idee passt? Warten Sie nicht und lernen Sie die Produkte von Valvex mithilfe der untenstehenden Suchmaschine n\u00e4her [&hellip;]\" \/>\n<meta property=\"og:url\" content=\"https:\/\/valvex.com\/de\/profibereich\/fuer-den-haendler\/produkte\/\" \/>\n<meta property=\"og:site_name\" content=\"Valvex\" \/>\n<meta property=\"article:modified_time\" content=\"2024-02-14T10:01:26+00:00\" \/>\n<meta property=\"og:image\" content=\"https:\/\/valvex.com\/wp-content\/uploads\/2022\/05\/dla-dystrybutora-scaled.jpg\" \/>\n\t<meta property=\"og:image:width\" content=\"2560\" \/>\n\t<meta property=\"og:image:height\" content=\"484\" \/>\n\t<meta property=\"og:image:type\" content=\"image\/jpeg\" \/>\n<meta name=\"twitter:card\" content=\"summary_large_image\" \/>\n<meta name=\"twitter:label1\" content=\"Gesch\u00e4tzte Lesezeit\" \/>\n\t<meta name=\"twitter:data1\" content=\"1 Minute\" \/>\n<script type=\"application\/ld+json\" class=\"yoast-schema-graph\">{\"@context\":\"https:\\\/\\\/schema.org\",\"@graph\":[{\"@type\":\"WebPage\",\"@id\":\"https:\\\/\\\/valvex.com\\\/de\\\/profibereich\\\/fuer-den-haendler\\\/produkte\\\/\",\"url\":\"https:\\\/\\\/valvex.com\\\/de\\\/profibereich\\\/fuer-den-haendler\\\/produkte\\\/\",\"name\":\"Produkte - Valvex\",\"isPartOf\":{\"@id\":\"https:\\\/\\\/valvex.com\\\/de\\\/#website\"},\"primaryImageOfPage\":{\"@id\":\"https:\\\/\\\/valvex.com\\\/de\\\/profibereich\\\/fuer-den-haendler\\\/produkte\\\/#primaryimage\"},\"image\":{\"@id\":\"https:\\\/\\\/valvex.com\\\/de\\\/profibereich\\\/fuer-den-haendler\\\/produkte\\\/#primaryimage\"},\"thumbnailUrl\":\"https:\\\/\\\/valvex.com\\\/wp-content\\\/uploads\\\/2022\\\/05\\\/dla-dystrybutora-scaled.jpg\",\"datePublished\":\"2022-03-20T21:19:08+00:00\",\"dateModified\":\"2024-02-14T10:01:26+00:00\",\"breadcrumb\":{\"@id\":\"https:\\\/\\\/valvex.com\\\/de\\\/profibereich\\\/fuer-den-haendler\\\/produkte\\\/#breadcrumb\"},\"inLanguage\":\"de\",\"potentialAction\":[{\"@type\":\"ReadAction\",\"target\":[\"https:\\\/\\\/valvex.com\\\/de\\\/profibereich\\\/fuer-den-haendler\\\/produkte\\\/\"]}]},{\"@type\":\"ImageObject\",\"inLanguage\":\"de\",\"@id\":\"https:\\\/\\\/valvex.com\\\/de\\\/profibereich\\\/fuer-den-haendler\\\/produkte\\\/#primaryimage\",\"url\":\"https:\\\/\\\/valvex.com\\\/wp-content\\\/uploads\\\/2022\\\/05\\\/dla-dystrybutora-scaled.jpg\",\"contentUrl\":\"https:\\\/\\\/valvex.com\\\/wp-content\\\/uploads\\\/2022\\\/05\\\/dla-dystrybutora-scaled.jpg\",\"width\":2880,\"height\":544},{\"@type\":\"BreadcrumbList\",\"@id\":\"https:\\\/\\\/valvex.com\\\/de\\\/profibereich\\\/fuer-den-haendler\\\/produkte\\\/#breadcrumb\",\"itemListElement\":[{\"@type\":\"ListItem\",\"position\":1,\"name\":\"Strona g\u0142\u00f3wna\",\"item\":\"https:\\\/\\\/valvex.com\\\/de\\\/\"},{\"@type\":\"ListItem\",\"position\":2,\"name\":\"Profibereich\",\"item\":\"https:\\\/\\\/valvex.com\\\/de\\\/strefa-profesjonalisty\\\/\"},{\"@type\":\"ListItem\",\"position\":3,\"name\":\"F\u00fcr den H\u00e4ndler\",\"item\":\"https:\\\/\\\/valvex.com\\\/de\\\/strefa-profesjonalisty\\\/strefa-dystrybutora\\\/\"},{\"@type\":\"ListItem\",\"position\":4,\"name\":\"Produkte\"}]},{\"@type\":\"WebSite\",\"@id\":\"https:\\\/\\\/valvex.com\\\/de\\\/#website\",\"url\":\"https:\\\/\\\/valvex.com\\\/de\\\/\",\"name\":\"Valvex\",\"description\":\"Hersteller von Sanit\u00e4ranlagen und Armaturen\\n\\n\",\"potentialAction\":[{\"@type\":\"SearchAction\",\"target\":{\"@type\":\"EntryPoint\",\"urlTemplate\":\"https:\\\/\\\/valvex.com\\\/de\\\/?s={search_term_string}\"},\"query-input\":{\"@type\":\"PropertyValueSpecification\",\"valueRequired\":true,\"valueName\":\"search_term_string\"}}],\"inLanguage\":\"de\"}]}<\/script>\n<!-- \/ Yoast SEO plugin. -->","yoast_head_json":{"title":"Produkte - Valvex","robots":{"index":"index","follow":"follow","max-snippet":"max-snippet:-1","max-image-preview":"max-image-preview:large","max-video-preview":"max-video-preview:-1"},"canonical":"https:\/\/valvex.com\/de\/profibereich\/fuer-den-haendler\/produkte\/","og_locale":"de_DE","og_type":"article","og_title":"Produkte - Valvex","og_description":"Ein Produkt finden Suchen Sie nach einem bestimmten Produkt oder einer ganzen Serie? M\u00f6chten Sie deren Preise, Farbvarianten und Eigenschaften kennen? Oder planen Sie, verf\u00fcgbare Zubeh\u00f6rteile und Armaturen durchzusehen, um dann ein Set zu erstellen, das zu Ihrer Idee passt? Warten Sie nicht und lernen Sie die Produkte von Valvex mithilfe der untenstehenden Suchmaschine n\u00e4her [&hellip;]","og_url":"https:\/\/valvex.com\/de\/profibereich\/fuer-den-haendler\/produkte\/","og_site_name":"Valvex","article_modified_time":"2024-02-14T10:01:26+00:00","og_image":[{"width":2560,"height":484,"url":"https:\/\/valvex.com\/wp-content\/uploads\/2022\/05\/dla-dystrybutora-scaled.jpg","type":"image\/jpeg"}],"twitter_card":"summary_large_image","twitter_misc":{"Gesch\u00e4tzte Lesezeit":"1 Minute"},"schema":{"@context":"https:\/\/schema.org","@graph":[{"@type":"WebPage","@id":"https:\/\/valvex.com\/de\/profibereich\/fuer-den-haendler\/produkte\/","url":"https:\/\/valvex.com\/de\/profibereich\/fuer-den-haendler\/produkte\/","name":"Produkte - Valvex","isPartOf":{"@id":"https:\/\/valvex.com\/de\/#website"},"primaryImageOfPage":{"@id":"https:\/\/valvex.com\/de\/profibereich\/fuer-den-haendler\/produkte\/#primaryimage"},"image":{"@id":"https:\/\/valvex.com\/de\/profibereich\/fuer-den-haendler\/produkte\/#primaryimage"},"thumbnailUrl":"https:\/\/valvex.com\/wp-content\/uploads\/2022\/05\/dla-dystrybutora-scaled.jpg","datePublished":"2022-03-20T21:19:08+00:00","dateModified":"2024-02-14T10:01:26+00:00","breadcrumb":{"@id":"https:\/\/valvex.com\/de\/profibereich\/fuer-den-haendler\/produkte\/#breadcrumb"},"inLanguage":"de","potentialAction":[{"@type":"ReadAction","target":["https:\/\/valvex.com\/de\/profibereich\/fuer-den-haendler\/produkte\/"]}]},{"@type":"ImageObject","inLanguage":"de","@id":"https:\/\/valvex.com\/de\/profibereich\/fuer-den-haendler\/produkte\/#primaryimage","url":"https:\/\/valvex.com\/wp-content\/uploads\/2022\/05\/dla-dystrybutora-scaled.jpg","contentUrl":"https:\/\/valvex.com\/wp-content\/uploads\/2022\/05\/dla-dystrybutora-scaled.jpg","width":2880,"height":544},{"@type":"BreadcrumbList","@id":"https:\/\/valvex.com\/de\/profibereich\/fuer-den-haendler\/produkte\/#breadcrumb","itemListElement":[{"@type":"ListItem","position":1,"name":"Strona g\u0142\u00f3wna","item":"https:\/\/valvex.com\/de\/"},{"@type":"ListItem","position":2,"name":"Profibereich","item":"https:\/\/valvex.com\/de\/strefa-profesjonalisty\/"},{"@type":"ListItem","position":3,"name":"F\u00fcr den H\u00e4ndler","item":"https:\/\/valvex.com\/de\/strefa-profesjonalisty\/strefa-dystrybutora\/"},{"@type":"ListItem","position":4,"name":"Produkte"}]},{"@type":"WebSite","@id":"https:\/\/valvex.com\/de\/#website","url":"https:\/\/valvex.com\/de\/","name":"Valvex","description":"Hersteller von Sanit\u00e4ranlagen und Armaturen\n\n","potentialAction":[{"@type":"SearchAction","target":{"@type":"EntryPoint","urlTemplate":"https:\/\/valvex.com\/de\/?s={search_term_string}"},"query-input":{"@type":"PropertyValueSpecification","valueRequired":true,"valueName":"search_term_string"}}],"inLanguage":"de"}]}},"_links":{"self":[{"href":"https:\/\/valvex.com\/de\/wp-json\/wp\/v2\/pages\/69058","targetHints":{"allow":["GET"]}}],"collection":[{"href":"https:\/\/valvex.com\/de\/wp-json\/wp\/v2\/pages"}],"about":[{"href":"https:\/\/valvex.com\/de\/wp-json\/wp\/v2\/types\/page"}],"author":[{"embeddable":true,"href":"https:\/\/valvex.com\/de\/wp-json\/wp\/v2\/users\/12"}],"replies":[{"embeddable":true,"href":"https:\/\/valvex.com\/de\/wp-json\/wp\/v2\/comments?post=69058"}],"version-history":[{"count":0,"href":"https:\/\/valvex.com\/de\/wp-json\/wp\/v2\/pages\/69058\/revisions"}],"up":[{"embeddable":true,"href":"https:\/\/valvex.com\/de\/wp-json\/wp\/v2\/pages\/69053"}],"wp:featuredmedia":[{"embeddable":true,"href":"https:\/\/valvex.com\/de\/wp-json\/wp\/v2\/media\/68155"}],"wp:attachment":[{"href":"https:\/\/valvex.com\/de\/wp-json\/wp\/v2\/media?parent=69058"}],"curies":[{"name":"wp","href":"https:\/\/api.w.org\/{rel}","templated":true}]}}