{"id":68664,"date":"2022-01-03T12:48:55","date_gmt":"2022-01-03T11:48:55","guid":{"rendered":"http:\/\/valvex.com\/strefa-profesjonalisty\/"},"modified":"2024-02-19T17:04:38","modified_gmt":"2024-02-19T16:04:38","slug":"profibereich","status":"publish","type":"page","link":"https:\/\/valvex.com\/de\/profibereich\/","title":{"rendered":"Profibereich"},"content":{"rendered":"\n<div style=\"height:50px\" aria-hidden=\"true\" class=\"wp-block-spacer\"><\/div>\n\n\n\n<h2 class=\"wp-block-heading has-large-font-size\">Profibereich<\/h2>\n\n\n\n<div style=\"height:40px\" aria-hidden=\"true\" class=\"wp-block-spacer\"><\/div>\n\n\n\n<div class=\"link-grid container mx-auto\">\n      <a href=\"https:\/\/valvex.com\/de\/profibereich\/fuer-den-haendler\/fuer-den-haendler\/\" class=\"link-grid-item\">\n        <span>\n          <img loading=\"lazy\" decoding=\"async\" src=\"\/wp-content\/uploads\/2022\/05\/Dystrybutor-Black.svg\" width=\"32\" height=\"32\" style=\"margin-right:10px\" alt=\"\">\n          F\u00fcr den H\u00e4ndler<\/span>\n        <img loading=\"lazy\" decoding=\"async\" src=\"http:\/\/valvex.com\/wp-content\/themes\/valvex\/assets\/icon-arrow-black.svg\" width=\"6\" height=\"11\" alt=\"\">\n      <\/a>\n      <a href=\"https:\/\/valvex.com\/de\/profibereich\/installateurbereich\/fuer-den-installateur\/\" class=\"link-grid-item\">\n        <span>\n          <img loading=\"lazy\" decoding=\"async\" src=\"http:\/\/valvex.com\/wp-content\/themes\/valvex\/assets\/icon-instalator.svg\" width=\"32\" height=\"32\" style=\"margin-right:10px\" alt=\"\">\n          F\u00fcr den Installateur        <\/span>\n        <img loading=\"lazy\" decoding=\"async\" src=\"http:\/\/valvex.com\/wp-content\/themes\/valvex\/assets\/icon-arrow-black.svg\" width=\"6\" height=\"11\" alt=\"\">\n      <\/a>\n      <a href=\"https:\/\/valvex.com\/de\/profibereich\/fur-den-designer\/fuer-den-designer\/\" class=\"link-grid-item\">\n        <span>\n          <img loading=\"lazy\" decoding=\"async\" src=\"\/wp-content\/uploads\/2022\/05\/Projektant-Black.svg\" width=\"32\" height=\"32\" style=\"margin-right:10px\" alt=\"\">\n         F\u00fcr den Designer       <\/span>\n        <img loading=\"lazy\" decoding=\"async\" src=\"http:\/\/valvex.com\/wp-content\/themes\/valvex\/assets\/icon-arrow-black.svg\" width=\"6\" height=\"11\" alt=\"\">\n      <\/a>\n      <a href=\"https:\/\/valvex.com\/de\/profibereich\/fur-den-investor\/fur-den-investor\/\" class=\"link-grid-item\">\n        <span>\n          <img loading=\"lazy\" decoding=\"async\" src=\"\/wp-content\/uploads\/2022\/05\/Inwestor-Black.svg\" width=\"32\" height=\"32\" style=\"margin-right:10px\" alt=\"\">\n          F\u00fcr den Investor        <\/span>\n        <img loading=\"lazy\" decoding=\"async\" src=\"http:\/\/valvex.com\/wp-content\/themes\/valvex\/assets\/icon-arrow-black.svg\" width=\"6\" height=\"11\" alt=\"\">\n      <\/a>\n    <\/div>\n","protected":false},"excerpt":{"rendered":"<p>Profibereich F\u00fcr den H\u00e4ndler F\u00fcr den Installateur F\u00fcr den Designer F\u00fcr den Investor<\/p>\n","protected":false},"author":12,"featured_media":0,"parent":0,"menu_order":209,"comment_status":"closed","ping_status":"closed","template":"","meta":{"_acf_changed":false,"footnotes":""},"class_list":["post-68664","page","type-page","status-publish","hentry"],"acf":[],"yoast_head":"<!-- This site is optimized with the Yoast SEO plugin v27.5 - https:\/\/yoast.com\/product\/yoast-seo-wordpress\/ -->\n<title>Profibereich - Valvex<\/title>\n<meta name=\"robots\" content=\"index, follow, max-snippet:-1, max-image-preview:large, max-video-preview:-1\" \/>\n<link rel=\"canonical\" href=\"https:\/\/valvex.com\/de\/profibereich\/\" \/>\n<meta property=\"og:locale\" content=\"de_DE\" \/>\n<meta property=\"og:type\" content=\"article\" \/>\n<meta property=\"og:title\" content=\"Profibereich - Valvex\" \/>\n<meta property=\"og:description\" content=\"Profibereich F\u00fcr den H\u00e4ndler F\u00fcr den Installateur F\u00fcr den Designer F\u00fcr den Investor\" \/>\n<meta property=\"og:url\" content=\"https:\/\/valvex.com\/de\/profibereich\/\" \/>\n<meta property=\"og:site_name\" content=\"Valvex\" \/>\n<meta property=\"article:modified_time\" content=\"2024-02-19T16:04:38+00:00\" \/>\n<meta property=\"og:image\" content=\"http:\/\/valvex.com\/wp-content\/themes\/valvex\/assets\/icon-arrow-black.svg\" \/>\n<meta name=\"twitter:card\" content=\"summary_large_image\" \/>\n<meta name=\"twitter:label1\" content=\"Gesch\u00e4tzte Lesezeit\" \/>\n\t<meta name=\"twitter:data1\" content=\"2 Minuten\" \/>\n<script type=\"application\/ld+json\" class=\"yoast-schema-graph\">{\"@context\":\"https:\\\/\\\/schema.org\",\"@graph\":[{\"@type\":\"WebPage\",\"@id\":\"https:\\\/\\\/valvex.com\\\/de\\\/profibereich\\\/\",\"url\":\"https:\\\/\\\/valvex.com\\\/de\\\/profibereich\\\/\",\"name\":\"Profibereich - Valvex\",\"isPartOf\":{\"@id\":\"https:\\\/\\\/valvex.com\\\/de\\\/#website\"},\"primaryImageOfPage\":{\"@id\":\"https:\\\/\\\/valvex.com\\\/de\\\/profibereich\\\/#primaryimage\"},\"image\":{\"@id\":\"https:\\\/\\\/valvex.com\\\/de\\\/profibereich\\\/#primaryimage\"},\"thumbnailUrl\":\"http:\\\/\\\/valvex.com\\\/wp-content\\\/themes\\\/valvex\\\/assets\\\/icon-arrow-black.svg\",\"datePublished\":\"2022-01-03T11:48:55+00:00\",\"dateModified\":\"2024-02-19T16:04:38+00:00\",\"breadcrumb\":{\"@id\":\"https:\\\/\\\/valvex.com\\\/de\\\/profibereich\\\/#breadcrumb\"},\"inLanguage\":\"de\",\"potentialAction\":[{\"@type\":\"ReadAction\",\"target\":[\"https:\\\/\\\/valvex.com\\\/de\\\/profibereich\\\/\"]}]},{\"@type\":\"ImageObject\",\"inLanguage\":\"de\",\"@id\":\"https:\\\/\\\/valvex.com\\\/de\\\/profibereich\\\/#primaryimage\",\"url\":\"http:\\\/\\\/valvex.com\\\/wp-content\\\/themes\\\/valvex\\\/assets\\\/icon-arrow-black.svg\",\"contentUrl\":\"http:\\\/\\\/valvex.com\\\/wp-content\\\/themes\\\/valvex\\\/assets\\\/icon-arrow-black.svg\"},{\"@type\":\"BreadcrumbList\",\"@id\":\"https:\\\/\\\/valvex.com\\\/de\\\/profibereich\\\/#breadcrumb\",\"itemListElement\":[{\"@type\":\"ListItem\",\"position\":1,\"name\":\"Strona g\u0142\u00f3wna\",\"item\":\"https:\\\/\\\/valvex.com\\\/de\\\/\"},{\"@type\":\"ListItem\",\"position\":2,\"name\":\"Profibereich\"}]},{\"@type\":\"WebSite\",\"@id\":\"https:\\\/\\\/valvex.com\\\/de\\\/#website\",\"url\":\"https:\\\/\\\/valvex.com\\\/de\\\/\",\"name\":\"Valvex\",\"description\":\"Hersteller von Sanit\u00e4ranlagen und Armaturen\\n\\n\",\"potentialAction\":[{\"@type\":\"SearchAction\",\"target\":{\"@type\":\"EntryPoint\",\"urlTemplate\":\"https:\\\/\\\/valvex.com\\\/de\\\/?s={search_term_string}\"},\"query-input\":{\"@type\":\"PropertyValueSpecification\",\"valueRequired\":true,\"valueName\":\"search_term_string\"}}],\"inLanguage\":\"de\"}]}<\/script>\n<!-- \/ Yoast SEO plugin. -->","yoast_head_json":{"title":"Profibereich - Valvex","robots":{"index":"index","follow":"follow","max-snippet":"max-snippet:-1","max-image-preview":"max-image-preview:large","max-video-preview":"max-video-preview:-1"},"canonical":"https:\/\/valvex.com\/de\/profibereich\/","og_locale":"de_DE","og_type":"article","og_title":"Profibereich - Valvex","og_description":"Profibereich F\u00fcr den H\u00e4ndler F\u00fcr den Installateur F\u00fcr den Designer F\u00fcr den Investor","og_url":"https:\/\/valvex.com\/de\/profibereich\/","og_site_name":"Valvex","article_modified_time":"2024-02-19T16:04:38+00:00","og_image":[{"url":"http:\/\/valvex.com\/wp-content\/themes\/valvex\/assets\/icon-arrow-black.svg","type":"","width":"","height":""}],"twitter_card":"summary_large_image","twitter_misc":{"Gesch\u00e4tzte Lesezeit":"2 Minuten"},"schema":{"@context":"https:\/\/schema.org","@graph":[{"@type":"WebPage","@id":"https:\/\/valvex.com\/de\/profibereich\/","url":"https:\/\/valvex.com\/de\/profibereich\/","name":"Profibereich - Valvex","isPartOf":{"@id":"https:\/\/valvex.com\/de\/#website"},"primaryImageOfPage":{"@id":"https:\/\/valvex.com\/de\/profibereich\/#primaryimage"},"image":{"@id":"https:\/\/valvex.com\/de\/profibereich\/#primaryimage"},"thumbnailUrl":"http:\/\/valvex.com\/wp-content\/themes\/valvex\/assets\/icon-arrow-black.svg","datePublished":"2022-01-03T11:48:55+00:00","dateModified":"2024-02-19T16:04:38+00:00","breadcrumb":{"@id":"https:\/\/valvex.com\/de\/profibereich\/#breadcrumb"},"inLanguage":"de","potentialAction":[{"@type":"ReadAction","target":["https:\/\/valvex.com\/de\/profibereich\/"]}]},{"@type":"ImageObject","inLanguage":"de","@id":"https:\/\/valvex.com\/de\/profibereich\/#primaryimage","url":"http:\/\/valvex.com\/wp-content\/themes\/valvex\/assets\/icon-arrow-black.svg","contentUrl":"http:\/\/valvex.com\/wp-content\/themes\/valvex\/assets\/icon-arrow-black.svg"},{"@type":"BreadcrumbList","@id":"https:\/\/valvex.com\/de\/profibereich\/#breadcrumb","itemListElement":[{"@type":"ListItem","position":1,"name":"Strona g\u0142\u00f3wna","item":"https:\/\/valvex.com\/de\/"},{"@type":"ListItem","position":2,"name":"Profibereich"}]},{"@type":"WebSite","@id":"https:\/\/valvex.com\/de\/#website","url":"https:\/\/valvex.com\/de\/","name":"Valvex","description":"Hersteller von Sanit\u00e4ranlagen und Armaturen\n\n","potentialAction":[{"@type":"SearchAction","target":{"@type":"EntryPoint","urlTemplate":"https:\/\/valvex.com\/de\/?s={search_term_string}"},"query-input":{"@type":"PropertyValueSpecification","valueRequired":true,"valueName":"search_term_string"}}],"inLanguage":"de"}]}},"_links":{"self":[{"href":"https:\/\/valvex.com\/de\/wp-json\/wp\/v2\/pages\/68664","targetHints":{"allow":["GET"]}}],"collection":[{"href":"https:\/\/valvex.com\/de\/wp-json\/wp\/v2\/pages"}],"about":[{"href":"https:\/\/valvex.com\/de\/wp-json\/wp\/v2\/types\/page"}],"author":[{"embeddable":true,"href":"https:\/\/valvex.com\/de\/wp-json\/wp\/v2\/users\/12"}],"replies":[{"embeddable":true,"href":"https:\/\/valvex.com\/de\/wp-json\/wp\/v2\/comments?post=68664"}],"version-history":[{"count":1,"href":"https:\/\/valvex.com\/de\/wp-json\/wp\/v2\/pages\/68664\/revisions"}],"predecessor-version":[{"id":68669,"href":"https:\/\/valvex.com\/de\/wp-json\/wp\/v2\/pages\/68664\/revisions\/68669"}],"wp:attachment":[{"href":"https:\/\/valvex.com\/de\/wp-json\/wp\/v2\/media?parent=68664"}],"curies":[{"name":"wp","href":"https:\/\/api.w.org\/{rel}","templated":true}]}}