{"id":68650,"date":"2022-03-22T21:56:56","date_gmt":"2022-03-22T20:56:56","guid":{"rendered":"http:\/\/valvex.com\/kontakt\/informacje-kontaktowe\/"},"modified":"2024-02-13T23:46:15","modified_gmt":"2024-02-13T22:46:15","slug":"kontaktinformation","status":"publish","type":"page","link":"https:\/\/valvex.com\/de\/kontakt\/kontaktinformation\/","title":{"rendered":"Kontaktinformation"},"content":{"rendered":"\n<h3 class=\"wp-block-heading mb-16\">Kontaktinformation<\/h3>\n\n\n\n<div class=\"wp-block-columns is-layout-flex wp-container-core-columns-is-layout-9d6595d7 wp-block-columns-is-layout-flex\">\n<div class=\"wp-block-column p-4 bg-gray-100 is-layout-flow wp-block-column-is-layout-flow\">\n<h4 class=\"wp-block-heading\">Valvex S.A.<\/h4>\n\n\n\n<p>ul. Nad Skaw\u0105 2<br>34-240 Jordan\u00f3w<br>Polska<\/p>\n\n\n\n<p>NIP: 735-00-24-449<br>REGON: 490399956<br>KRS: 00000026818<br>Grundkapital<br>2 099 700,00&nbsp;z\u0142 voll eingezahlt<\/p>\n\n\n\n<p><\/p>\n<\/div>\n\n\n\n<div class=\"wp-block-column p-4 is-layout-flow wp-block-column-is-layout-flow\">\n<h4 class=\"wp-block-heading\">Zentrale<\/h4>\n\n\n\n<p>Technische Pause: <br>12:00 &#8211; 12:45<\/p>\n\n\n\n<p>tel. <a href=\"tel:+48182693220\">(+48) 18 26 93 220<\/a><br><a href=\"tel:+48182693249\">(+48) 18 26 93 249<\/a><br><a href=\"mailto:valvex@valvex.com\">valvex@valvex.com<\/a><\/p>\n<\/div>\n\n\n\n<div class=\"wp-block-column p-4 is-layout-flow wp-block-column-is-layout-flow\" style=\"flex-basis:50%\">\n<figure class=\"wp-block-image size-full\"><img loading=\"lazy\" decoding=\"async\" width=\"544\" height=\"256\" src=\"http:\/\/valvex.com\/wp-content\/uploads\/2022\/03\/DJI_0103-kopia.png\" alt=\"\" class=\"wp-image-901\" srcset=\"https:\/\/valvex.com\/wp-content\/uploads\/2022\/03\/DJI_0103-kopia.png 544w, https:\/\/valvex.com\/wp-content\/uploads\/2022\/03\/DJI_0103-kopia-300x141.png 300w\" sizes=\"auto, (max-width: 544px) 100vw, 544px\" \/><\/figure>\n<\/div>\n<\/div>\n\n\n\n<div class=\"wp-block-columns is-layout-flex wp-container-core-columns-is-layout-9d6595d7 wp-block-columns-is-layout-flex\">\n<div class=\"wp-block-column p-4 is-layout-flow wp-block-column-is-layout-flow\">\n<h4 class=\"wp-block-heading\">Kundendienstabteilung<\/h4>\n\n\n\n<p>Technische Pause: <br>12:00 &#8211; 12:45<\/p>\n\n\n\n<p>tel. <a href=\"tel:+48182693361\">(+48) 18 26 93 361<\/a><\/p>\n\n\n\n<p><a href=\"mailto:zamowienia@valvex.com\">zamowienia@valvex.com<\/a><\/p>\n<\/div>\n\n\n\n<div class=\"wp-block-column p-4 is-layout-flow wp-block-column-is-layout-flow\">\n<h4 class=\"wp-block-heading\">Exportabteilung<\/h4>\n\n\n\n<p>Technische Pause: <br>12:00 &#8211; 12:45<\/p>\n\n\n\n<p>tel. <a href=\"tel:+48182693363\">(+48) 18 26 93 363<\/a><br>tel. <a href=\"tel:+48182693249\">(+48) 18 26 93 249<\/a><\/p>\n\n\n\n<p><a href=\"mailto:export@valvex.com\">export@valvex.com<\/a><\/p>\n<\/div>\n\n\n\n<div class=\"wp-block-column p-4 is-layout-flow wp-block-column-is-layout-flow\">\n<h4 class=\"wp-block-heading\">Marketingabteilung<\/h4>\n\n\n\n<p>Technische Pause: <br>12:00 &#8211; 12:45<\/p>\n\n\n\n<p><\/p>\n\n\n\n<p><a href=\"mailto:marketing@valvex.com\">marketing@valvex.com<\/a><\/p>\n<\/div>\n\n\n\n<div class=\"wp-block-column p-4 is-layout-flow wp-block-column-is-layout-flow\">\n<h4 class=\"wp-block-heading\">Beschwerdeabteilung<\/h4>\n\n\n\n<p>Technische Pause: <br>12:00 &#8211; 12:45<\/p>\n\n\n\n<p>kom.: <a href=\"tel:+48800192992\">(+48) 800 192 992<\/a><br>tel.: <a href=\"tel:+48182693333\">(+48) 18 26 93 333<\/a><\/p>\n\n\n\n<p><a href=\"mailto:reklamacje@valvex.com\">reklamacje@valvex.com<\/a><\/p>\n<\/div>\n<\/div>\n","protected":false},"excerpt":{"rendered":"<p>Kontaktinformation Valvex S.A. ul. Nad Skaw\u0105 234-240 Jordan\u00f3wPolska NIP: 735-00-24-449REGON: 490399956KRS: 00000026818Grundkapital2 099 700,00&nbsp;z\u0142 voll eingezahlt Zentrale Technische Pause: 12:00 &#8211; 12:45 tel. (+48) 18 26 93 220(+48) 18 26 93 249valvex@valvex.com Kundendienstabteilung Technische Pause: 12:00 &#8211; 12:45 tel. (+48) 18 26 93 361 zamowienia@valvex.com Exportabteilung Technische Pause: 12:00 &#8211; 12:45 tel. (+48) 18 26 [&hellip;]<\/p>\n","protected":false},"author":12,"featured_media":70775,"parent":68143,"menu_order":101,"comment_status":"closed","ping_status":"closed","template":"","meta":{"_acf_changed":false,"footnotes":""},"class_list":["post-68650","page","type-page","status-publish","has-post-thumbnail","hentry"],"acf":[],"yoast_head":"<!-- This site is optimized with the Yoast SEO plugin v27.3 - https:\/\/yoast.com\/product\/yoast-seo-wordpress\/ -->\n<title>Kontaktinformation - Valvex<\/title>\n<meta name=\"robots\" content=\"index, follow, max-snippet:-1, max-image-preview:large, max-video-preview:-1\" \/>\n<link rel=\"canonical\" href=\"https:\/\/valvex.com\/de\/kontakt\/kontaktinformation\/\" \/>\n<meta property=\"og:locale\" content=\"de_DE\" \/>\n<meta property=\"og:type\" content=\"article\" \/>\n<meta property=\"og:title\" content=\"Kontaktinformation - Valvex\" \/>\n<meta property=\"og:description\" content=\"Kontaktinformation Valvex S.A. ul. Nad Skaw\u0105 234-240 Jordan\u00f3wPolska NIP: 735-00-24-449REGON: 490399956KRS: 00000026818Grundkapital2 099 700,00&nbsp;z\u0142 voll eingezahlt Zentrale Technische Pause: 12:00 &#8211; 12:45 tel. (+48) 18 26 93 220(+48) 18 26 93 249valvex@valvex.com Kundendienstabteilung Technische Pause: 12:00 &#8211; 12:45 tel. (+48) 18 26 93 361 zamowienia@valvex.com Exportabteilung Technische Pause: 12:00 &#8211; 12:45 tel. (+48) 18 26 [&hellip;]\" \/>\n<meta property=\"og:url\" content=\"https:\/\/valvex.com\/de\/kontakt\/kontaktinformation\/\" \/>\n<meta property=\"og:site_name\" content=\"Valvex\" \/>\n<meta property=\"article:modified_time\" content=\"2024-02-13T22:46:15+00:00\" \/>\n<meta property=\"og:image\" content=\"https:\/\/valvex.com\/wp-content\/uploads\/2024\/03\/Header_PVD-1024x164.png\" \/>\n\t<meta property=\"og:image:width\" content=\"1024\" \/>\n\t<meta property=\"og:image:height\" content=\"164\" \/>\n\t<meta property=\"og:image:type\" content=\"image\/png\" \/>\n<meta name=\"twitter:card\" content=\"summary_large_image\" \/>\n<meta name=\"twitter:label1\" content=\"Gesch\u00e4tzte Lesezeit\" \/>\n\t<meta name=\"twitter:data1\" content=\"1 Minute\" \/>\n<script type=\"application\/ld+json\" class=\"yoast-schema-graph\">{\"@context\":\"https:\\\/\\\/schema.org\",\"@graph\":[{\"@type\":\"WebPage\",\"@id\":\"https:\\\/\\\/valvex.com\\\/de\\\/kontakt\\\/kontaktinformation\\\/\",\"url\":\"https:\\\/\\\/valvex.com\\\/de\\\/kontakt\\\/kontaktinformation\\\/\",\"name\":\"Kontaktinformation - Valvex\",\"isPartOf\":{\"@id\":\"https:\\\/\\\/valvex.com\\\/de\\\/#website\"},\"primaryImageOfPage\":{\"@id\":\"https:\\\/\\\/valvex.com\\\/de\\\/kontakt\\\/kontaktinformation\\\/#primaryimage\"},\"image\":{\"@id\":\"https:\\\/\\\/valvex.com\\\/de\\\/kontakt\\\/kontaktinformation\\\/#primaryimage\"},\"thumbnailUrl\":\"https:\\\/\\\/valvex.com\\\/wp-content\\\/uploads\\\/2024\\\/03\\\/Header_PVD.png\",\"datePublished\":\"2022-03-22T20:56:56+00:00\",\"dateModified\":\"2024-02-13T22:46:15+00:00\",\"breadcrumb\":{\"@id\":\"https:\\\/\\\/valvex.com\\\/de\\\/kontakt\\\/kontaktinformation\\\/#breadcrumb\"},\"inLanguage\":\"de\",\"potentialAction\":[{\"@type\":\"ReadAction\",\"target\":[\"https:\\\/\\\/valvex.com\\\/de\\\/kontakt\\\/kontaktinformation\\\/\"]}]},{\"@type\":\"ImageObject\",\"inLanguage\":\"de\",\"@id\":\"https:\\\/\\\/valvex.com\\\/de\\\/kontakt\\\/kontaktinformation\\\/#primaryimage\",\"url\":\"https:\\\/\\\/valvex.com\\\/wp-content\\\/uploads\\\/2024\\\/03\\\/Header_PVD.png\",\"contentUrl\":\"https:\\\/\\\/valvex.com\\\/wp-content\\\/uploads\\\/2024\\\/03\\\/Header_PVD.png\",\"width\":2400,\"height\":384},{\"@type\":\"BreadcrumbList\",\"@id\":\"https:\\\/\\\/valvex.com\\\/de\\\/kontakt\\\/kontaktinformation\\\/#breadcrumb\",\"itemListElement\":[{\"@type\":\"ListItem\",\"position\":1,\"name\":\"Strona g\u0142\u00f3wna\",\"item\":\"https:\\\/\\\/valvex.com\\\/de\\\/\"},{\"@type\":\"ListItem\",\"position\":2,\"name\":\"Kontakt\",\"item\":\"https:\\\/\\\/valvex.com\\\/de\\\/kontakt\\\/\"},{\"@type\":\"ListItem\",\"position\":3,\"name\":\"Kontaktinformation\"}]},{\"@type\":\"WebSite\",\"@id\":\"https:\\\/\\\/valvex.com\\\/de\\\/#website\",\"url\":\"https:\\\/\\\/valvex.com\\\/de\\\/\",\"name\":\"Valvex\",\"description\":\"Hersteller von Sanit\u00e4ranlagen und Armaturen\\n\\n\",\"potentialAction\":[{\"@type\":\"SearchAction\",\"target\":{\"@type\":\"EntryPoint\",\"urlTemplate\":\"https:\\\/\\\/valvex.com\\\/de\\\/?s={search_term_string}\"},\"query-input\":{\"@type\":\"PropertyValueSpecification\",\"valueRequired\":true,\"valueName\":\"search_term_string\"}}],\"inLanguage\":\"de\"}]}<\/script>\n<!-- \/ Yoast SEO plugin. -->","yoast_head_json":{"title":"Kontaktinformation - Valvex","robots":{"index":"index","follow":"follow","max-snippet":"max-snippet:-1","max-image-preview":"max-image-preview:large","max-video-preview":"max-video-preview:-1"},"canonical":"https:\/\/valvex.com\/de\/kontakt\/kontaktinformation\/","og_locale":"de_DE","og_type":"article","og_title":"Kontaktinformation - Valvex","og_description":"Kontaktinformation Valvex S.A. ul. Nad Skaw\u0105 234-240 Jordan\u00f3wPolska NIP: 735-00-24-449REGON: 490399956KRS: 00000026818Grundkapital2 099 700,00&nbsp;z\u0142 voll eingezahlt Zentrale Technische Pause: 12:00 &#8211; 12:45 tel. (+48) 18 26 93 220(+48) 18 26 93 249valvex@valvex.com Kundendienstabteilung Technische Pause: 12:00 &#8211; 12:45 tel. (+48) 18 26 93 361 zamowienia@valvex.com Exportabteilung Technische Pause: 12:00 &#8211; 12:45 tel. (+48) 18 26 [&hellip;]","og_url":"https:\/\/valvex.com\/de\/kontakt\/kontaktinformation\/","og_site_name":"Valvex","article_modified_time":"2024-02-13T22:46:15+00:00","og_image":[{"width":1024,"height":164,"url":"https:\/\/valvex.com\/wp-content\/uploads\/2024\/03\/Header_PVD-1024x164.png","type":"image\/png"}],"twitter_card":"summary_large_image","twitter_misc":{"Gesch\u00e4tzte Lesezeit":"1 Minute"},"schema":{"@context":"https:\/\/schema.org","@graph":[{"@type":"WebPage","@id":"https:\/\/valvex.com\/de\/kontakt\/kontaktinformation\/","url":"https:\/\/valvex.com\/de\/kontakt\/kontaktinformation\/","name":"Kontaktinformation - Valvex","isPartOf":{"@id":"https:\/\/valvex.com\/de\/#website"},"primaryImageOfPage":{"@id":"https:\/\/valvex.com\/de\/kontakt\/kontaktinformation\/#primaryimage"},"image":{"@id":"https:\/\/valvex.com\/de\/kontakt\/kontaktinformation\/#primaryimage"},"thumbnailUrl":"https:\/\/valvex.com\/wp-content\/uploads\/2024\/03\/Header_PVD.png","datePublished":"2022-03-22T20:56:56+00:00","dateModified":"2024-02-13T22:46:15+00:00","breadcrumb":{"@id":"https:\/\/valvex.com\/de\/kontakt\/kontaktinformation\/#breadcrumb"},"inLanguage":"de","potentialAction":[{"@type":"ReadAction","target":["https:\/\/valvex.com\/de\/kontakt\/kontaktinformation\/"]}]},{"@type":"ImageObject","inLanguage":"de","@id":"https:\/\/valvex.com\/de\/kontakt\/kontaktinformation\/#primaryimage","url":"https:\/\/valvex.com\/wp-content\/uploads\/2024\/03\/Header_PVD.png","contentUrl":"https:\/\/valvex.com\/wp-content\/uploads\/2024\/03\/Header_PVD.png","width":2400,"height":384},{"@type":"BreadcrumbList","@id":"https:\/\/valvex.com\/de\/kontakt\/kontaktinformation\/#breadcrumb","itemListElement":[{"@type":"ListItem","position":1,"name":"Strona g\u0142\u00f3wna","item":"https:\/\/valvex.com\/de\/"},{"@type":"ListItem","position":2,"name":"Kontakt","item":"https:\/\/valvex.com\/de\/kontakt\/"},{"@type":"ListItem","position":3,"name":"Kontaktinformation"}]},{"@type":"WebSite","@id":"https:\/\/valvex.com\/de\/#website","url":"https:\/\/valvex.com\/de\/","name":"Valvex","description":"Hersteller von Sanit\u00e4ranlagen und Armaturen\n\n","potentialAction":[{"@type":"SearchAction","target":{"@type":"EntryPoint","urlTemplate":"https:\/\/valvex.com\/de\/?s={search_term_string}"},"query-input":{"@type":"PropertyValueSpecification","valueRequired":true,"valueName":"search_term_string"}}],"inLanguage":"de"}]}},"_links":{"self":[{"href":"https:\/\/valvex.com\/de\/wp-json\/wp\/v2\/pages\/68650","targetHints":{"allow":["GET"]}}],"collection":[{"href":"https:\/\/valvex.com\/de\/wp-json\/wp\/v2\/pages"}],"about":[{"href":"https:\/\/valvex.com\/de\/wp-json\/wp\/v2\/types\/page"}],"author":[{"embeddable":true,"href":"https:\/\/valvex.com\/de\/wp-json\/wp\/v2\/users\/12"}],"replies":[{"embeddable":true,"href":"https:\/\/valvex.com\/de\/wp-json\/wp\/v2\/comments?post=68650"}],"version-history":[{"count":1,"href":"https:\/\/valvex.com\/de\/wp-json\/wp\/v2\/pages\/68650\/revisions"}],"predecessor-version":[{"id":68658,"href":"https:\/\/valvex.com\/de\/wp-json\/wp\/v2\/pages\/68650\/revisions\/68658"}],"up":[{"embeddable":true,"href":"https:\/\/valvex.com\/de\/wp-json\/wp\/v2\/pages\/68143"}],"wp:featuredmedia":[{"embeddable":true,"href":"https:\/\/valvex.com\/de\/wp-json\/wp\/v2\/media\/70775"}],"wp:attachment":[{"href":"https:\/\/valvex.com\/de\/wp-json\/wp\/v2\/media?parent=68650"}],"curies":[{"name":"wp","href":"https:\/\/api.w.org\/{rel}","templated":true}]}}