{"id":68203,"date":"2022-04-05T02:24:05","date_gmt":"2022-04-05T00:24:05","guid":{"rendered":"http:\/\/valvex.com\/dla-inwestora\/"},"modified":"2024-04-19T08:55:22","modified_gmt":"2024-04-19T06:55:22","slug":"fur-den-investor","status":"publish","type":"page","link":"https:\/\/valvex.com\/de\/profibereich\/fur-den-investor\/fur-den-investor\/","title":{"rendered":"F\u00fcr den Investor"},"content":{"rendered":"\n<p>Valvex steht f\u00fcr Erfahrung, die \u00fcber Jahre hinweg aufgebaut wurde, f\u00fcr einschl\u00e4giges Know-how, das durch praktisches Handeln erworben wurde, und f\u00fcr eine Produktion in Polen. Unsere Branche kennen wir sehr gut, denn wir stehen f\u00fcr Qualit\u00e4t, Langlebigkeit und Innovation. Gemeinsam mit Ihnen k\u00f6nnen wir wachsen und mehr erreichen.<\/p>\n\n\n\n<p>Wir haben ein spezielles Angebot f\u00fcr Investoren geschaffen, indem wir Ihre Bed\u00fcrfnisse und Erwartungen analysiert haben. Wir wissen, dass Sie einen verantwortungsvollen und engagierten Partner suchen, der Sie w\u00e4hrend des gesamten Projekts nicht im Stich l\u00e4sst. Wir garantieren Ihnen, dass Sie mit unseren Produkten und Managementmethoden zufrieden sein werden. Sie k\u00f6nnen uns vertrauen.<\/p>\n\n\n\n<p>Wir verf\u00fcgen \u00fcber Installations- und Sanit\u00e4rprodukte, die den bei Investitionsprojekten jeder Gr\u00f6\u00dfenordnung und Gr\u00f6\u00dfe geforderten Standards entsprechen. Wir stellen sie auf Produktionslinien her, die mit modernsten Anlagen ausgestattet sind und von kompetenten Fachleuten geleitet werden. Wir k\u00f6nnen sicherstellen, dass die Arbeit daran das Risiko begrenzt, Ressourcen zu verlieren \u2013 sei es zeitlich oder finanziell.<\/p>\n\n\n\n<p>In unserer Investor-Zone finden Sie alles, was Sie brauchen:<\/p>\n\n\n\n<ul class=\"wp-block-list\">\n<li><strong>Dateien zum Herunterladen<\/strong> \u2013 Hygienezertifikate, Erkl\u00e4rungen und Garantiekarten \u2013 einfach und intuitiv zu finden und herunterzuladen, denn wir wissen, dass das Vertrauen in die Qualit\u00e4t eines Produkts Ihre Garantie f\u00fcr Sicherheit und den Erfolg Ihrer Investition ist.<\/li>\n\n\n\n<li><strong>Kontaktformular<\/strong> \u2013 Erfahren Sie mehr \u00fcber individuelle M\u00f6glichkeiten der Zusammenarbeit mit uns. Wir beantworten gerne alle Fragen und geben Auskunft. Ihre Zeit ist f\u00fcr uns sehr wertvoll \u2013 wir werden uns gezielt auf gemeinsame Ziele konzentrieren.<\/li>\n<\/ul>\n","protected":false},"excerpt":{"rendered":"<p>Valvex steht f\u00fcr Erfahrung, die \u00fcber Jahre hinweg aufgebaut wurde, f\u00fcr einschl\u00e4giges Know-how, das durch praktisches Handeln erworben wurde, und f\u00fcr eine Produktion in Polen. Unsere Branche kennen wir sehr gut, denn wir stehen f\u00fcr Qualit\u00e4t, Langlebigkeit und Innovation. Gemeinsam mit Ihnen k\u00f6nnen wir wachsen und mehr erreichen. Wir haben ein spezielles Angebot f\u00fcr Investoren [&hellip;]<\/p>\n","protected":false},"author":12,"featured_media":70483,"parent":69553,"menu_order":278,"comment_status":"closed","ping_status":"closed","template":"","meta":{"_acf_changed":false,"footnotes":""},"class_list":["post-68203","page","type-page","status-publish","has-post-thumbnail","hentry"],"acf":[],"yoast_head":"<!-- This site is optimized with the Yoast SEO plugin v27.3 - https:\/\/yoast.com\/product\/yoast-seo-wordpress\/ -->\n<title>F\u00fcr den Investor - Valvex<\/title>\n<meta name=\"robots\" content=\"index, follow, max-snippet:-1, max-image-preview:large, max-video-preview:-1\" \/>\n<link rel=\"canonical\" href=\"https:\/\/valvex.com\/de\/profibereich\/fur-den-investor\/fur-den-investor\/\" \/>\n<meta property=\"og:locale\" content=\"de_DE\" \/>\n<meta property=\"og:type\" content=\"article\" \/>\n<meta property=\"og:title\" content=\"F\u00fcr den Investor - Valvex\" \/>\n<meta property=\"og:description\" content=\"Valvex steht f\u00fcr Erfahrung, die \u00fcber Jahre hinweg aufgebaut wurde, f\u00fcr einschl\u00e4giges Know-how, das durch praktisches Handeln erworben wurde, und f\u00fcr eine Produktion in Polen. Unsere Branche kennen wir sehr gut, denn wir stehen f\u00fcr Qualit\u00e4t, Langlebigkeit und Innovation. Gemeinsam mit Ihnen k\u00f6nnen wir wachsen und mehr erreichen. Wir haben ein spezielles Angebot f\u00fcr Investoren [&hellip;]\" \/>\n<meta property=\"og:url\" content=\"https:\/\/valvex.com\/de\/profibereich\/fur-den-investor\/fur-den-investor\/\" \/>\n<meta property=\"og:site_name\" content=\"Valvex\" \/>\n<meta property=\"article:modified_time\" content=\"2024-04-19T06:55:22+00:00\" \/>\n<meta property=\"og:image\" content=\"https:\/\/valvex.com\/wp-content\/uploads\/2024\/03\/Header_GAZ-1.png\" \/>\n\t<meta property=\"og:image:width\" content=\"2400\" \/>\n\t<meta property=\"og:image:height\" content=\"384\" \/>\n\t<meta property=\"og:image:type\" content=\"image\/png\" \/>\n<meta name=\"twitter:card\" content=\"summary_large_image\" \/>\n<meta name=\"twitter:label1\" content=\"Gesch\u00e4tzte Lesezeit\" \/>\n\t<meta name=\"twitter:data1\" content=\"2 Minuten\" \/>\n<script type=\"application\/ld+json\" class=\"yoast-schema-graph\">{\"@context\":\"https:\\\/\\\/schema.org\",\"@graph\":[{\"@type\":\"WebPage\",\"@id\":\"https:\\\/\\\/valvex.com\\\/de\\\/profibereich\\\/fur-den-investor\\\/fur-den-investor\\\/\",\"url\":\"https:\\\/\\\/valvex.com\\\/de\\\/profibereich\\\/fur-den-investor\\\/fur-den-investor\\\/\",\"name\":\"F\u00fcr den Investor - Valvex\",\"isPartOf\":{\"@id\":\"https:\\\/\\\/valvex.com\\\/de\\\/#website\"},\"primaryImageOfPage\":{\"@id\":\"https:\\\/\\\/valvex.com\\\/de\\\/profibereich\\\/fur-den-investor\\\/fur-den-investor\\\/#primaryimage\"},\"image\":{\"@id\":\"https:\\\/\\\/valvex.com\\\/de\\\/profibereich\\\/fur-den-investor\\\/fur-den-investor\\\/#primaryimage\"},\"thumbnailUrl\":\"https:\\\/\\\/valvex.com\\\/wp-content\\\/uploads\\\/2024\\\/03\\\/Header_GAZ-1.png\",\"datePublished\":\"2022-04-05T00:24:05+00:00\",\"dateModified\":\"2024-04-19T06:55:22+00:00\",\"breadcrumb\":{\"@id\":\"https:\\\/\\\/valvex.com\\\/de\\\/profibereich\\\/fur-den-investor\\\/fur-den-investor\\\/#breadcrumb\"},\"inLanguage\":\"de\",\"potentialAction\":[{\"@type\":\"ReadAction\",\"target\":[\"https:\\\/\\\/valvex.com\\\/de\\\/profibereich\\\/fur-den-investor\\\/fur-den-investor\\\/\"]}]},{\"@type\":\"ImageObject\",\"inLanguage\":\"de\",\"@id\":\"https:\\\/\\\/valvex.com\\\/de\\\/profibereich\\\/fur-den-investor\\\/fur-den-investor\\\/#primaryimage\",\"url\":\"https:\\\/\\\/valvex.com\\\/wp-content\\\/uploads\\\/2024\\\/03\\\/Header_GAZ-1.png\",\"contentUrl\":\"https:\\\/\\\/valvex.com\\\/wp-content\\\/uploads\\\/2024\\\/03\\\/Header_GAZ-1.png\",\"width\":2400,\"height\":384},{\"@type\":\"BreadcrumbList\",\"@id\":\"https:\\\/\\\/valvex.com\\\/de\\\/profibereich\\\/fur-den-investor\\\/fur-den-investor\\\/#breadcrumb\",\"itemListElement\":[{\"@type\":\"ListItem\",\"position\":1,\"name\":\"Strona g\u0142\u00f3wna\",\"item\":\"https:\\\/\\\/valvex.com\\\/de\\\/\"},{\"@type\":\"ListItem\",\"position\":2,\"name\":\"Profibereich\",\"item\":\"https:\\\/\\\/valvex.com\\\/de\\\/strefa-profesjonalisty\\\/\"},{\"@type\":\"ListItem\",\"position\":3,\"name\":\"F\u00fcr den Investor\",\"item\":\"https:\\\/\\\/valvex.com\\\/de\\\/strefa-profesjonalisty\\\/strefa-inwestora\\\/\"},{\"@type\":\"ListItem\",\"position\":4,\"name\":\"F\u00fcr den Investor\"}]},{\"@type\":\"WebSite\",\"@id\":\"https:\\\/\\\/valvex.com\\\/de\\\/#website\",\"url\":\"https:\\\/\\\/valvex.com\\\/de\\\/\",\"name\":\"Valvex\",\"description\":\"Hersteller von Sanit\u00e4ranlagen und Armaturen\\n\\n\",\"potentialAction\":[{\"@type\":\"SearchAction\",\"target\":{\"@type\":\"EntryPoint\",\"urlTemplate\":\"https:\\\/\\\/valvex.com\\\/de\\\/?s={search_term_string}\"},\"query-input\":{\"@type\":\"PropertyValueSpecification\",\"valueRequired\":true,\"valueName\":\"search_term_string\"}}],\"inLanguage\":\"de\"}]}<\/script>\n<!-- \/ Yoast SEO plugin. -->","yoast_head_json":{"title":"F\u00fcr den Investor - Valvex","robots":{"index":"index","follow":"follow","max-snippet":"max-snippet:-1","max-image-preview":"max-image-preview:large","max-video-preview":"max-video-preview:-1"},"canonical":"https:\/\/valvex.com\/de\/profibereich\/fur-den-investor\/fur-den-investor\/","og_locale":"de_DE","og_type":"article","og_title":"F\u00fcr den Investor - Valvex","og_description":"Valvex steht f\u00fcr Erfahrung, die \u00fcber Jahre hinweg aufgebaut wurde, f\u00fcr einschl\u00e4giges Know-how, das durch praktisches Handeln erworben wurde, und f\u00fcr eine Produktion in Polen. Unsere Branche kennen wir sehr gut, denn wir stehen f\u00fcr Qualit\u00e4t, Langlebigkeit und Innovation. Gemeinsam mit Ihnen k\u00f6nnen wir wachsen und mehr erreichen. Wir haben ein spezielles Angebot f\u00fcr Investoren [&hellip;]","og_url":"https:\/\/valvex.com\/de\/profibereich\/fur-den-investor\/fur-den-investor\/","og_site_name":"Valvex","article_modified_time":"2024-04-19T06:55:22+00:00","og_image":[{"width":2400,"height":384,"url":"https:\/\/valvex.com\/wp-content\/uploads\/2024\/03\/Header_GAZ-1.png","type":"image\/png"}],"twitter_card":"summary_large_image","twitter_misc":{"Gesch\u00e4tzte Lesezeit":"2 Minuten"},"schema":{"@context":"https:\/\/schema.org","@graph":[{"@type":"WebPage","@id":"https:\/\/valvex.com\/de\/profibereich\/fur-den-investor\/fur-den-investor\/","url":"https:\/\/valvex.com\/de\/profibereich\/fur-den-investor\/fur-den-investor\/","name":"F\u00fcr den Investor - Valvex","isPartOf":{"@id":"https:\/\/valvex.com\/de\/#website"},"primaryImageOfPage":{"@id":"https:\/\/valvex.com\/de\/profibereich\/fur-den-investor\/fur-den-investor\/#primaryimage"},"image":{"@id":"https:\/\/valvex.com\/de\/profibereich\/fur-den-investor\/fur-den-investor\/#primaryimage"},"thumbnailUrl":"https:\/\/valvex.com\/wp-content\/uploads\/2024\/03\/Header_GAZ-1.png","datePublished":"2022-04-05T00:24:05+00:00","dateModified":"2024-04-19T06:55:22+00:00","breadcrumb":{"@id":"https:\/\/valvex.com\/de\/profibereich\/fur-den-investor\/fur-den-investor\/#breadcrumb"},"inLanguage":"de","potentialAction":[{"@type":"ReadAction","target":["https:\/\/valvex.com\/de\/profibereich\/fur-den-investor\/fur-den-investor\/"]}]},{"@type":"ImageObject","inLanguage":"de","@id":"https:\/\/valvex.com\/de\/profibereich\/fur-den-investor\/fur-den-investor\/#primaryimage","url":"https:\/\/valvex.com\/wp-content\/uploads\/2024\/03\/Header_GAZ-1.png","contentUrl":"https:\/\/valvex.com\/wp-content\/uploads\/2024\/03\/Header_GAZ-1.png","width":2400,"height":384},{"@type":"BreadcrumbList","@id":"https:\/\/valvex.com\/de\/profibereich\/fur-den-investor\/fur-den-investor\/#breadcrumb","itemListElement":[{"@type":"ListItem","position":1,"name":"Strona g\u0142\u00f3wna","item":"https:\/\/valvex.com\/de\/"},{"@type":"ListItem","position":2,"name":"Profibereich","item":"https:\/\/valvex.com\/de\/strefa-profesjonalisty\/"},{"@type":"ListItem","position":3,"name":"F\u00fcr den Investor","item":"https:\/\/valvex.com\/de\/strefa-profesjonalisty\/strefa-inwestora\/"},{"@type":"ListItem","position":4,"name":"F\u00fcr den Investor"}]},{"@type":"WebSite","@id":"https:\/\/valvex.com\/de\/#website","url":"https:\/\/valvex.com\/de\/","name":"Valvex","description":"Hersteller von Sanit\u00e4ranlagen und Armaturen\n\n","potentialAction":[{"@type":"SearchAction","target":{"@type":"EntryPoint","urlTemplate":"https:\/\/valvex.com\/de\/?s={search_term_string}"},"query-input":{"@type":"PropertyValueSpecification","valueRequired":true,"valueName":"search_term_string"}}],"inLanguage":"de"}]}},"_links":{"self":[{"href":"https:\/\/valvex.com\/de\/wp-json\/wp\/v2\/pages\/68203","targetHints":{"allow":["GET"]}}],"collection":[{"href":"https:\/\/valvex.com\/de\/wp-json\/wp\/v2\/pages"}],"about":[{"href":"https:\/\/valvex.com\/de\/wp-json\/wp\/v2\/types\/page"}],"author":[{"embeddable":true,"href":"https:\/\/valvex.com\/de\/wp-json\/wp\/v2\/users\/12"}],"replies":[{"embeddable":true,"href":"https:\/\/valvex.com\/de\/wp-json\/wp\/v2\/comments?post=68203"}],"version-history":[{"count":2,"href":"https:\/\/valvex.com\/de\/wp-json\/wp\/v2\/pages\/68203\/revisions"}],"predecessor-version":[{"id":71507,"href":"https:\/\/valvex.com\/de\/wp-json\/wp\/v2\/pages\/68203\/revisions\/71507"}],"up":[{"embeddable":true,"href":"https:\/\/valvex.com\/de\/wp-json\/wp\/v2\/pages\/69553"}],"wp:featuredmedia":[{"embeddable":true,"href":"https:\/\/valvex.com\/de\/wp-json\/wp\/v2\/media\/70483"}],"wp:attachment":[{"href":"https:\/\/valvex.com\/de\/wp-json\/wp\/v2\/media?parent=68203"}],"curies":[{"name":"wp","href":"https:\/\/api.w.org\/{rel}","templated":true}]}}