{"id":68169,"date":"2022-04-04T04:21:19","date_gmt":"2022-04-04T02:21:19","guid":{"rendered":"http:\/\/valvex.com\/dla-instalatora\/"},"modified":"2024-04-19T08:44:51","modified_gmt":"2024-04-19T06:44:51","slug":"fuer-den-installateur","status":"publish","type":"page","link":"https:\/\/valvex.com\/de\/profibereich\/installateurbereich\/fuer-den-installateur\/","title":{"rendered":"F\u00fcr den Installateur"},"content":{"rendered":"\n<div class=\"wp-block-columns is-layout-flex wp-container-core-columns-is-layout-9d6595d7 wp-block-columns-is-layout-flex\">\n<div class=\"wp-block-column is-layout-flow wp-block-column-is-layout-flow\" style=\"flex-basis:66.66%\">\n<p>Bei der Arbeit an unseren Produkten ber\u00fccksichtigen wir den Komfort und die Zufriedenheit von zwei Kundengruppen \u2013 Endkunden und Installateure.<\/p>\n\n\n\n<p>Wir arbeiten an Design und Benutzerfreundlichkeit f\u00fcr unsere Kunden. F\u00fcr Sie \u2013 die Menschen, die mit unseren Produkten arbeiten \u2013 bem\u00fchen wir uns, die Qualit\u00e4t so hoch wie m\u00f6glich, die L\u00f6sungen so innovativ und vielf\u00e4ltig wie m\u00f6glich und die Installationsmethode intuitiv und effizient zu gestalten.<\/p>\n\n\n\n<p>Um Ihre Arbeit noch effizienter zu gestalten \u2013 als Dankesch\u00f6n f\u00fcr Ihre Produktauswahl \u2013 haben wir eine Zone f\u00fcr Installateureeingerichtet. Hier finden Sie alle Dateien, die Sie f\u00fcr die Planung einer optimal funktionierenden Wasser-, Heizungs- oder Gasinstallation ben\u00f6tigen. Unbedingt anschauen:<\/p>\n\n\n\n<ul class=\"wp-block-list\">\n<li><strong>Produktfinder<\/strong> \u2013 So k\u00f6nnen Sie unsere Produkte nach Code, Name oder sogar Farbe finden. Neben jedem Produkt finden Sie eine Produktkarte mit den Parametern und Begleitmaterialien, die von unseren Installateuren vorbereitet wurden.<\/li>\n\n\n\n<li><strong>Dateien zum Herunterladen<\/strong> \u2013 Alle technischen Dateien, die Sie f\u00fcr Ihre Arbeit ben\u00f6tigen: Alle f\u00fcr die Arbeit notwendigen technischen Dateien \u2013 Hygienezertifikate, Nationale Leistungserkl\u00e4rungen, Montageanleitungen, Kataloge und Brosch\u00fcren \u2013 stehen zum Herunterladen und Gebrauch bereit.<\/li>\n<\/ul>\n\n\n\n<p>F\u00fcr Sie haben wir eine neue Schulungsreihe, ValvexPRO, entwickelt, die sich auf Fragen und Probleme konzentriert, die Ihnen bei Ihrer t\u00e4glichen Arbeit begegnen k\u00f6nnen. Sie k\u00f6nnen sich die Ratschl\u00e4ge, die von unseren besten Fachleuten und Ausbildern ausgearbeitet wurden, in Form von kurzen und verst\u00e4ndlichen Videos ansehen. Dabei spielt es keine Rolle, ob Sie ein Installationsanf\u00e4nger sind oder eine beeindruckende Anzahl von Jahren in der Branche aufweisen \u2013 wir versprechen Ihnen, dass Sie hier etwas Interessantes finden werden. Sie k\u00f6nnen Ihr Wissen auffrischen, unsere Produkte besser kennen lernen oder neue Installationstrends entdecken \u2013 wir k\u00f6nnen Ihnen versprechen, dass ValvexPRO genau das Richtige f\u00fcr Sie ist.<\/p>\n<\/div>\n\n\n\n<div class=\"wp-block-column is-layout-flow wp-block-column-is-layout-flow\" style=\"flex-basis:33.33%\"><\/div>\n<\/div>\n\n\n\n<div class=\"wp-block-columns mt-16 is-layout-flex wp-container-core-columns-is-layout-9d6595d7 wp-block-columns-is-layout-flex\"><\/div>\n","protected":false},"excerpt":{"rendered":"<p>Bei der Arbeit an unseren Produkten ber\u00fccksichtigen wir den Komfort und die Zufriedenheit von zwei Kundengruppen \u2013 Endkunden und Installateure. Wir arbeiten an Design und Benutzerfreundlichkeit f\u00fcr unsere Kunden. F\u00fcr Sie \u2013 die Menschen, die mit unseren Produkten arbeiten \u2013 bem\u00fchen wir uns, die Qualit\u00e4t so hoch wie m\u00f6glich, die L\u00f6sungen so innovativ und vielf\u00e4ltig [&hellip;]<\/p>\n","protected":false},"author":12,"featured_media":70470,"parent":69383,"menu_order":250,"comment_status":"closed","ping_status":"closed","template":"","meta":{"_acf_changed":false,"footnotes":""},"class_list":["post-68169","page","type-page","status-publish","has-post-thumbnail","hentry"],"acf":[],"yoast_head":"<!-- This site is optimized with the Yoast SEO plugin v27.3 - https:\/\/yoast.com\/product\/yoast-seo-wordpress\/ -->\n<title>F\u00fcr den Installateur - Valvex<\/title>\n<meta name=\"robots\" content=\"index, follow, max-snippet:-1, max-image-preview:large, max-video-preview:-1\" \/>\n<link rel=\"canonical\" href=\"https:\/\/valvex.com\/de\/profibereich\/installateurbereich\/fuer-den-installateur\/\" \/>\n<meta property=\"og:locale\" content=\"de_DE\" \/>\n<meta property=\"og:type\" content=\"article\" \/>\n<meta property=\"og:title\" content=\"F\u00fcr den Installateur - Valvex\" \/>\n<meta property=\"og:description\" content=\"Bei der Arbeit an unseren Produkten ber\u00fccksichtigen wir den Komfort und die Zufriedenheit von zwei Kundengruppen \u2013 Endkunden und Installateure. Wir arbeiten an Design und Benutzerfreundlichkeit f\u00fcr unsere Kunden. F\u00fcr Sie \u2013 die Menschen, die mit unseren Produkten arbeiten \u2013 bem\u00fchen wir uns, die Qualit\u00e4t so hoch wie m\u00f6glich, die L\u00f6sungen so innovativ und vielf\u00e4ltig [&hellip;]\" \/>\n<meta property=\"og:url\" content=\"https:\/\/valvex.com\/de\/profibereich\/installateurbereich\/fuer-den-installateur\/\" \/>\n<meta property=\"og:site_name\" content=\"Valvex\" \/>\n<meta property=\"article:modified_time\" content=\"2024-04-19T06:44:51+00:00\" \/>\n<meta property=\"og:image\" content=\"https:\/\/valvex.com\/wp-content\/uploads\/2024\/03\/Header_CO-1024x164.png\" \/>\n\t<meta property=\"og:image:width\" content=\"1024\" \/>\n\t<meta property=\"og:image:height\" content=\"164\" \/>\n\t<meta property=\"og:image:type\" content=\"image\/png\" \/>\n<meta name=\"twitter:card\" content=\"summary_large_image\" \/>\n<meta name=\"twitter:label1\" content=\"Gesch\u00e4tzte Lesezeit\" \/>\n\t<meta name=\"twitter:data1\" content=\"2 Minuten\" \/>\n<script type=\"application\/ld+json\" class=\"yoast-schema-graph\">{\"@context\":\"https:\\\/\\\/schema.org\",\"@graph\":[{\"@type\":\"WebPage\",\"@id\":\"https:\\\/\\\/valvex.com\\\/de\\\/profibereich\\\/installateurbereich\\\/fuer-den-installateur\\\/\",\"url\":\"https:\\\/\\\/valvex.com\\\/de\\\/profibereich\\\/installateurbereich\\\/fuer-den-installateur\\\/\",\"name\":\"F\u00fcr den Installateur - Valvex\",\"isPartOf\":{\"@id\":\"https:\\\/\\\/valvex.com\\\/de\\\/#website\"},\"primaryImageOfPage\":{\"@id\":\"https:\\\/\\\/valvex.com\\\/de\\\/profibereich\\\/installateurbereich\\\/fuer-den-installateur\\\/#primaryimage\"},\"image\":{\"@id\":\"https:\\\/\\\/valvex.com\\\/de\\\/profibereich\\\/installateurbereich\\\/fuer-den-installateur\\\/#primaryimage\"},\"thumbnailUrl\":\"https:\\\/\\\/valvex.com\\\/wp-content\\\/uploads\\\/2024\\\/03\\\/Header_CO.png\",\"datePublished\":\"2022-04-04T02:21:19+00:00\",\"dateModified\":\"2024-04-19T06:44:51+00:00\",\"breadcrumb\":{\"@id\":\"https:\\\/\\\/valvex.com\\\/de\\\/profibereich\\\/installateurbereich\\\/fuer-den-installateur\\\/#breadcrumb\"},\"inLanguage\":\"de\",\"potentialAction\":[{\"@type\":\"ReadAction\",\"target\":[\"https:\\\/\\\/valvex.com\\\/de\\\/profibereich\\\/installateurbereich\\\/fuer-den-installateur\\\/\"]}]},{\"@type\":\"ImageObject\",\"inLanguage\":\"de\",\"@id\":\"https:\\\/\\\/valvex.com\\\/de\\\/profibereich\\\/installateurbereich\\\/fuer-den-installateur\\\/#primaryimage\",\"url\":\"https:\\\/\\\/valvex.com\\\/wp-content\\\/uploads\\\/2024\\\/03\\\/Header_CO.png\",\"contentUrl\":\"https:\\\/\\\/valvex.com\\\/wp-content\\\/uploads\\\/2024\\\/03\\\/Header_CO.png\",\"width\":2400,\"height\":384},{\"@type\":\"BreadcrumbList\",\"@id\":\"https:\\\/\\\/valvex.com\\\/de\\\/profibereich\\\/installateurbereich\\\/fuer-den-installateur\\\/#breadcrumb\",\"itemListElement\":[{\"@type\":\"ListItem\",\"position\":1,\"name\":\"Strona g\u0142\u00f3wna\",\"item\":\"https:\\\/\\\/valvex.com\\\/de\\\/\"},{\"@type\":\"ListItem\",\"position\":2,\"name\":\"Profibereich\",\"item\":\"https:\\\/\\\/valvex.com\\\/de\\\/strefa-profesjonalisty\\\/\"},{\"@type\":\"ListItem\",\"position\":3,\"name\":\"Installateurbereich\",\"item\":\"https:\\\/\\\/valvex.com\\\/de\\\/strefa-profesjonalisty\\\/strefa-instalatora\\\/\"},{\"@type\":\"ListItem\",\"position\":4,\"name\":\"F\u00fcr den Installateur\"}]},{\"@type\":\"WebSite\",\"@id\":\"https:\\\/\\\/valvex.com\\\/de\\\/#website\",\"url\":\"https:\\\/\\\/valvex.com\\\/de\\\/\",\"name\":\"Valvex\",\"description\":\"Hersteller von Sanit\u00e4ranlagen und Armaturen\\n\\n\",\"potentialAction\":[{\"@type\":\"SearchAction\",\"target\":{\"@type\":\"EntryPoint\",\"urlTemplate\":\"https:\\\/\\\/valvex.com\\\/de\\\/?s={search_term_string}\"},\"query-input\":{\"@type\":\"PropertyValueSpecification\",\"valueRequired\":true,\"valueName\":\"search_term_string\"}}],\"inLanguage\":\"de\"}]}<\/script>\n<!-- \/ Yoast SEO plugin. -->","yoast_head_json":{"title":"F\u00fcr den Installateur - Valvex","robots":{"index":"index","follow":"follow","max-snippet":"max-snippet:-1","max-image-preview":"max-image-preview:large","max-video-preview":"max-video-preview:-1"},"canonical":"https:\/\/valvex.com\/de\/profibereich\/installateurbereich\/fuer-den-installateur\/","og_locale":"de_DE","og_type":"article","og_title":"F\u00fcr den Installateur - Valvex","og_description":"Bei der Arbeit an unseren Produkten ber\u00fccksichtigen wir den Komfort und die Zufriedenheit von zwei Kundengruppen \u2013 Endkunden und Installateure. Wir arbeiten an Design und Benutzerfreundlichkeit f\u00fcr unsere Kunden. F\u00fcr Sie \u2013 die Menschen, die mit unseren Produkten arbeiten \u2013 bem\u00fchen wir uns, die Qualit\u00e4t so hoch wie m\u00f6glich, die L\u00f6sungen so innovativ und vielf\u00e4ltig [&hellip;]","og_url":"https:\/\/valvex.com\/de\/profibereich\/installateurbereich\/fuer-den-installateur\/","og_site_name":"Valvex","article_modified_time":"2024-04-19T06:44:51+00:00","og_image":[{"width":1024,"height":164,"url":"https:\/\/valvex.com\/wp-content\/uploads\/2024\/03\/Header_CO-1024x164.png","type":"image\/png"}],"twitter_card":"summary_large_image","twitter_misc":{"Gesch\u00e4tzte Lesezeit":"2 Minuten"},"schema":{"@context":"https:\/\/schema.org","@graph":[{"@type":"WebPage","@id":"https:\/\/valvex.com\/de\/profibereich\/installateurbereich\/fuer-den-installateur\/","url":"https:\/\/valvex.com\/de\/profibereich\/installateurbereich\/fuer-den-installateur\/","name":"F\u00fcr den Installateur - Valvex","isPartOf":{"@id":"https:\/\/valvex.com\/de\/#website"},"primaryImageOfPage":{"@id":"https:\/\/valvex.com\/de\/profibereich\/installateurbereich\/fuer-den-installateur\/#primaryimage"},"image":{"@id":"https:\/\/valvex.com\/de\/profibereich\/installateurbereich\/fuer-den-installateur\/#primaryimage"},"thumbnailUrl":"https:\/\/valvex.com\/wp-content\/uploads\/2024\/03\/Header_CO.png","datePublished":"2022-04-04T02:21:19+00:00","dateModified":"2024-04-19T06:44:51+00:00","breadcrumb":{"@id":"https:\/\/valvex.com\/de\/profibereich\/installateurbereich\/fuer-den-installateur\/#breadcrumb"},"inLanguage":"de","potentialAction":[{"@type":"ReadAction","target":["https:\/\/valvex.com\/de\/profibereich\/installateurbereich\/fuer-den-installateur\/"]}]},{"@type":"ImageObject","inLanguage":"de","@id":"https:\/\/valvex.com\/de\/profibereich\/installateurbereich\/fuer-den-installateur\/#primaryimage","url":"https:\/\/valvex.com\/wp-content\/uploads\/2024\/03\/Header_CO.png","contentUrl":"https:\/\/valvex.com\/wp-content\/uploads\/2024\/03\/Header_CO.png","width":2400,"height":384},{"@type":"BreadcrumbList","@id":"https:\/\/valvex.com\/de\/profibereich\/installateurbereich\/fuer-den-installateur\/#breadcrumb","itemListElement":[{"@type":"ListItem","position":1,"name":"Strona g\u0142\u00f3wna","item":"https:\/\/valvex.com\/de\/"},{"@type":"ListItem","position":2,"name":"Profibereich","item":"https:\/\/valvex.com\/de\/strefa-profesjonalisty\/"},{"@type":"ListItem","position":3,"name":"Installateurbereich","item":"https:\/\/valvex.com\/de\/strefa-profesjonalisty\/strefa-instalatora\/"},{"@type":"ListItem","position":4,"name":"F\u00fcr den Installateur"}]},{"@type":"WebSite","@id":"https:\/\/valvex.com\/de\/#website","url":"https:\/\/valvex.com\/de\/","name":"Valvex","description":"Hersteller von Sanit\u00e4ranlagen und Armaturen\n\n","potentialAction":[{"@type":"SearchAction","target":{"@type":"EntryPoint","urlTemplate":"https:\/\/valvex.com\/de\/?s={search_term_string}"},"query-input":{"@type":"PropertyValueSpecification","valueRequired":true,"valueName":"search_term_string"}}],"inLanguage":"de"}]}},"_links":{"self":[{"href":"https:\/\/valvex.com\/de\/wp-json\/wp\/v2\/pages\/68169","targetHints":{"allow":["GET"]}}],"collection":[{"href":"https:\/\/valvex.com\/de\/wp-json\/wp\/v2\/pages"}],"about":[{"href":"https:\/\/valvex.com\/de\/wp-json\/wp\/v2\/types\/page"}],"author":[{"embeddable":true,"href":"https:\/\/valvex.com\/de\/wp-json\/wp\/v2\/users\/12"}],"replies":[{"embeddable":true,"href":"https:\/\/valvex.com\/de\/wp-json\/wp\/v2\/comments?post=68169"}],"version-history":[{"count":2,"href":"https:\/\/valvex.com\/de\/wp-json\/wp\/v2\/pages\/68169\/revisions"}],"predecessor-version":[{"id":71500,"href":"https:\/\/valvex.com\/de\/wp-json\/wp\/v2\/pages\/68169\/revisions\/71500"}],"up":[{"embeddable":true,"href":"https:\/\/valvex.com\/de\/wp-json\/wp\/v2\/pages\/69383"}],"wp:featuredmedia":[{"embeddable":true,"href":"https:\/\/valvex.com\/de\/wp-json\/wp\/v2\/media\/70470"}],"wp:attachment":[{"href":"https:\/\/valvex.com\/de\/wp-json\/wp\/v2\/media?parent=68169"}],"curies":[{"name":"wp","href":"https:\/\/api.w.org\/{rel}","templated":true}]}}