{"id":68003,"date":"2022-01-03T12:47:24","date_gmt":"2022-01-03T11:47:24","guid":{"rendered":"http:\/\/valvex.com\/o-nas\/kariera\/"},"modified":"2024-04-19T08:37:12","modified_gmt":"2024-04-19T06:37:12","slug":"karriere","status":"publish","type":"page","link":"https:\/\/valvex.com\/de\/ueber-uns\/karriere\/","title":{"rendered":"Karriere"},"content":{"rendered":"\n<div style=\"height:30px\" aria-hidden=\"true\" class=\"wp-block-spacer\"><\/div>\n\n\n\n<div class=\"wp-block-columns is-layout-flex wp-container-core-columns-is-layout-9d6595d7 wp-block-columns-is-layout-flex\">\n<div class=\"wp-block-column is-layout-flow wp-block-column-is-layout-flow\" style=\"flex-basis:100%\">\n<p class=\"has-vivid-red-color has-text-color has-link-color wp-elements-b9631a706b013df77cb8985571a89312\"><strong><span class=\"tadv-color\" style=\"color:#cf2e2e\">KAR<\/span>RIERE<\/strong><\/p>\n\n\n\n<h3 class=\"wp-block-heading\"><strong>Warum Valvex S.A.<\/strong><\/h3>\n\n\n\n<hr class=\"wp-block-separator has-alpha-channel-opacity\"\/>\n\n\n\n<p>Valvex ist ein Unternehmen mit Tradition, das seit 1970 in der Region Kleinpolen t\u00e4tig ist. Hier befindet sich das Herzst\u00fcck der Organisation, wo wir Erfahrungen sammeln, lernen und Produkte herstellen, die in viele Richtungen der Welt verschickt werden. Gemeinsam streben wir danach, den Fortschritt der Region zu beeinflussen und Menschen zu rekrutieren, die mit uns wachsen wollen \u2013 in einem polnischen Unternehmen, das hohe Ziele verfolgt \u2013 \u00fcber die Grenzen hinaus.<\/p>\n\n\n\n<p>Bei der Herstellung von Produkten h\u00f6chster Qualit\u00e4t wissen wir, dass zwei Aspekte f\u00fcr den Erfolg ausschlaggebend sind: die richtigen Rohstoffe und qualifizierte Mitarbeiter, die mit Leidenschaft bei der Sache sind. Ihnen ist es zu verdanken, dass wir uns einer kreativen Herangehensweise an das Produkt, einer verantwortungsbewussten Aufmerksamkeit f\u00fcr jedes Detail, einer effizienten L\u00f6sung f\u00fcr jedes auftretende Problem und einer positiven Einstellung gegen\u00fcber dem Kunden r\u00fchmen k\u00f6nnen.<\/p>\n\n\n\n<p>In diesem Bewusstsein wollen wir jeden Tag mehr lernen, ein fairer und engagierter Arbeitgeber zu sein. Wir setzen hohe Standards bei der Wahrung der Arbeitnehmerrechte, der Besch\u00e4ftigungspolitik und der Organisation sicherer Arbeitsbedingungen. Wir schaffen ein Arbeitsumfeld, in dem sich die Interessen und Talente unserer Mitarbeiter entfalten k\u00f6nnen, und f\u00f6rdern eine Atmosph\u00e4re der gegenseitigen Unterst\u00fctzung und Hilfe. Wir sind offen f\u00fcr das Bed\u00fcrfnis der Mitarbeiter nach Selbstverwirklichung, indem wir reale Bedingungen f\u00fcr den Erwerb neuer Kompetenzen schaffen \u2013 individuell oder in ganzen Teams.&nbsp;<\/p>\n\n\n\n<p>Wir suchen Menschen, die bereit sind, mit uns ein harmonisches Team zu bilden \u2013 offen f\u00fcr neue Erfahrungen, Herausforderungen und den Aufbau einer positiven Atmosph\u00e4re. Wenn Sie unsere Werte teilen \u2013 den Wert hoher Qualit\u00e4t und den Respekt vor dem Produkt verstehen und das Bed\u00fcrfnis haben, Ihre F\u00e4higkeiten weiterzuentwickeln \u2013 schlie\u00dfen Sie sich uns an. Arbeiten Sie f\u00fcr ein internationales Unternehmen, das seine Produktion vor Ort angesiedelt hat.<\/p>\n<\/div>\n<\/div>\n\n\n\n<div style=\"height:50px\" aria-hidden=\"true\" class=\"wp-block-spacer\"><\/div>\n\n\n\n<h3 class=\"wp-block-heading\">Unsere Werte<\/h3>\n\n\n\n<div style=\"height:30px\" aria-hidden=\"true\" class=\"wp-block-spacer\"><\/div>\n\n\n\n<p><\/p>\n\n\n\n<div class=\"wp-block-columns is-layout-flex wp-container-core-columns-is-layout-9d6595d7 wp-block-columns-is-layout-flex\">\n<div class=\"wp-block-column is-layout-flow wp-block-column-is-layout-flow\">\n<figure class=\"wp-block-image size-large is-resized\"><img loading=\"lazy\" decoding=\"async\" width=\"135\" height=\"110\" src=\"http:\/\/valvex.com\/wp-content\/uploads\/2022\/07\/praca-w-zespole.svg\" alt=\"\" class=\"wp-image-62984\" style=\"width:68px;height:56px\"\/><\/figure>\n\n\n\n<div style=\"height:30px\" aria-hidden=\"true\" class=\"wp-block-spacer\"><\/div>\n\n\n\n<h4 class=\"wp-block-heading has-text-align-left\">1. Teamarbeit<\/h4>\n\n\n\n<p>Teamarbeit \u2013 Wir bilden Teams aus kreativen, kompetenten Menschen, die bereit sind, zu lernen und neue Erfahrungen zu sammeln. Ihr Hauptvorteil ist die gegenseitige Unterst\u00fctzung und der Austausch von Ideen, die die Qualit\u00e4t der Arbeit, die Innovationst\u00e4tigkeit und die Wettbewerbsf\u00e4higkeit des Unternehmens verbessern. Wenn Sie mit uns zusammenarbeiten, werden Sie nicht allein gelassen \u2013 Sie werden Teil eines Teams, das Ihnen helfen wird, das Beste aus sich herauszuholen.<\/p>\n<\/div>\n\n\n\n<div class=\"wp-block-column is-layout-flow wp-block-column-is-layout-flow\">\n<figure class=\"wp-block-image size-large is-resized\"><img loading=\"lazy\" decoding=\"async\" width=\"130\" height=\"130\" src=\"http:\/\/valvex.com\/wp-content\/uploads\/2022\/07\/wspolpraca.svg\" alt=\"\" class=\"wp-image-62985\" style=\"width:65px;height:65px\"\/><\/figure>\n\n\n\n<div style=\"height:30px\" aria-hidden=\"true\" class=\"wp-block-spacer\"><\/div>\n\n\n\n<h4 class=\"wp-block-heading has-text-align-left\">2. Zusammenarbeit und Respekt<\/h4>\n\n\n\n<p>Wir arbeiten als Team, in dem gegenseitige Unterst\u00fctzung, Motivation und sachliche Hilfe die Grundlage der t\u00e4glichen Arbeit bilden. Wir wollen als Ganzes einen positiven Einfluss auf jeden Mitarbeiter haben, und der Einfallsreichtum und das Engagement jedes Einzelnen von Ihnen wirkt sich positiv auf uns aus. Der Umgang miteinander und der Respekt gegen\u00fcber allen Beteiligten in der Organisation ist eine wichtige Kraft f\u00fcr das Wachstum.<\/p>\n<\/div>\n\n\n\n<div class=\"wp-block-column is-layout-flow wp-block-column-is-layout-flow\">\n<figure class=\"wp-block-image size-large is-resized\"><img loading=\"lazy\" decoding=\"async\" width=\"137\" height=\"115\" src=\"http:\/\/valvex.com\/wp-content\/uploads\/2022\/07\/satysfakcja.svg\" alt=\"\" class=\"wp-image-62986\" style=\"width:69px;height:58px\"\/><\/figure>\n\n\n\n<div style=\"height:30px\" aria-hidden=\"true\" class=\"wp-block-spacer\"><\/div>\n\n\n\n<h4 class=\"wp-block-heading has-text-align-left\">3. Kundenzufriedenheit<\/h4>\n\n\n\n<p>Unser Angebot schaffen wir f\u00fcr den Menschen \u2013 f\u00fcr seine Zufriedenheit, f\u00fcr seine langj\u00e4hrige Nutzung und f\u00fcr die Befriedigung seiner \u00e4sthetischen Bed\u00fcrfnisse. Wir m\u00f6chten, dass unsere Produkte in vielen R\u00e4umen zum Einsatz kommen und dazu beitragen, eine gem\u00fctliche und wohnliche Atmosph\u00e4re zu schaffen. Deshalb tun wir alles, um sicherzustellen, dass unsere Waren von h\u00f6chster Qualit\u00e4t sind und dass unser Kundenservice keine W\u00fcnsche offen l\u00e4sst. Wir respektieren die Zeit, die Bed\u00fcrfnisse und die Erwartungen des Kunden.<\/p>\n<\/div>\n<\/div>\n\n\n\n<div class=\"wp-block-columns is-layout-flex wp-container-core-columns-is-layout-9d6595d7 wp-block-columns-is-layout-flex\">\n<div class=\"wp-block-column is-layout-flow wp-block-column-is-layout-flow\">\n<figure class=\"wp-block-image size-large is-resized\"><img loading=\"lazy\" decoding=\"async\" width=\"124\" height=\"125\" src=\"http:\/\/valvex.com\/wp-content\/uploads\/2022\/07\/innowacyjnosc.svg\" alt=\"\" class=\"wp-image-62987\" style=\"width:62px;height:63px\"\/><\/figure>\n\n\n\n<div style=\"height:30px\" aria-hidden=\"true\" class=\"wp-block-spacer\"><\/div>\n\n\n\n<h4 class=\"wp-block-heading has-text-align-left\">4. Innovation<\/h4>\n\n\n\n<p>Die Welt ver\u00e4ndert sich, und wir wollen uns mit ihr weiterentwickeln. Wir wissen, dass kreative L\u00f6sungen in unserer Branche unerl\u00e4sslich sind \u2013 modernes Design, Technologie oder wassersparende Systeme sind Elemente, die von unseren Kunden gew\u00fcnscht werden. Ihre Ideen f\u00fcr innovative Probleml\u00f6sungen sind unsere Chance, ihre Zufriedenheit zu steigern.<\/p>\n<\/div>\n\n\n\n<div class=\"wp-block-column is-layout-flow wp-block-column-is-layout-flow\">\n<figure class=\"wp-block-image size-large is-resized\"><img loading=\"lazy\" decoding=\"async\" width=\"125\" height=\"127\" src=\"http:\/\/valvex.com\/wp-content\/uploads\/2022\/07\/komunikacja.svg\" alt=\"\" class=\"wp-image-62988\" style=\"width:63px;height:64px\"\/><\/figure>\n\n\n\n<div style=\"height:30px\" aria-hidden=\"true\" class=\"wp-block-spacer\"><\/div>\n\n\n\n<h4 class=\"wp-block-heading has-text-align-left\">5. Kommunikation<\/h4>\n\n\n\n<p>Die Arbeit in einem so gro\u00dfen Unternehmen wie dem unseren erfordert entsprechende Kommunikationsstrukturen. Wir wollen, dass jeder Mitarbeiter unabh\u00e4ngig von seiner Position den gleichen Zugang zu Informationen hat. Wir glauben auch an eine Kultur der Meinungs\u00e4u\u00dferung \u2013 angemessen konstruierte Kritik ebenso wie Worte des Lobes. Wir wissen, dass eine gute Kommunikation zwischen den Mitarbeitern die Probleml\u00f6sungsprozesse verbessert und unn\u00f6tige Konflikte vermeidet.<\/p>\n<\/div>\n\n\n\n<div class=\"wp-block-column is-layout-flow wp-block-column-is-layout-flow\"><\/div>\n<\/div>\n\n\n\n<div style=\"height:60px\" aria-hidden=\"true\" class=\"wp-block-spacer\"><\/div>\n","protected":false},"excerpt":{"rendered":"<p>KARRIERE Warum Valvex S.A. Valvex ist ein Unternehmen mit Tradition, das seit 1970 in der Region Kleinpolen t\u00e4tig ist. Hier befindet sich das Herzst\u00fcck der Organisation, wo wir Erfahrungen sammeln, lernen und Produkte herstellen, die in viele Richtungen der Welt verschickt werden. Gemeinsam streben wir danach, den Fortschritt der Region zu beeinflussen und Menschen zu [&hellip;]<\/p>\n","protected":false},"author":12,"featured_media":68005,"parent":67823,"menu_order":184,"comment_status":"closed","ping_status":"closed","template":"page-kariera.php","meta":{"_acf_changed":false,"footnotes":""},"class_list":["post-68003","page","type-page","status-publish","has-post-thumbnail","hentry"],"acf":[],"yoast_head":"<!-- This site is optimized with the Yoast SEO plugin v27.3 - https:\/\/yoast.com\/product\/yoast-seo-wordpress\/ -->\n<title>Karriere - Valvex<\/title>\n<meta name=\"robots\" content=\"index, follow, max-snippet:-1, max-image-preview:large, max-video-preview:-1\" \/>\n<link rel=\"canonical\" href=\"https:\/\/valvex.com\/de\/ueber-uns\/karriere\/\" \/>\n<meta property=\"og:locale\" content=\"de_DE\" \/>\n<meta property=\"og:type\" content=\"article\" \/>\n<meta property=\"og:title\" content=\"Karriere - Valvex\" \/>\n<meta property=\"og:description\" content=\"KARRIERE Warum Valvex S.A. Valvex ist ein Unternehmen mit Tradition, das seit 1970 in der Region Kleinpolen t\u00e4tig ist. Hier befindet sich das Herzst\u00fcck der Organisation, wo wir Erfahrungen sammeln, lernen und Produkte herstellen, die in viele Richtungen der Welt verschickt werden. Gemeinsam streben wir danach, den Fortschritt der Region zu beeinflussen und Menschen zu [&hellip;]\" \/>\n<meta property=\"og:url\" content=\"https:\/\/valvex.com\/de\/ueber-uns\/karriere\/\" \/>\n<meta property=\"og:site_name\" content=\"Valvex\" \/>\n<meta property=\"article:modified_time\" content=\"2024-04-19T06:37:12+00:00\" \/>\n<meta property=\"og:image\" content=\"https:\/\/valvex.com\/wp-content\/uploads\/2022\/08\/Baner-Kariera-1.png\" \/>\n\t<meta property=\"og:image:width\" content=\"2400\" \/>\n\t<meta property=\"og:image:height\" content=\"316\" \/>\n\t<meta property=\"og:image:type\" content=\"image\/png\" \/>\n<meta name=\"twitter:card\" content=\"summary_large_image\" \/>\n<meta name=\"twitter:label1\" content=\"Gesch\u00e4tzte Lesezeit\" \/>\n\t<meta name=\"twitter:data1\" content=\"5 Minuten\" \/>\n<script type=\"application\/ld+json\" class=\"yoast-schema-graph\">{\"@context\":\"https:\\\/\\\/schema.org\",\"@graph\":[{\"@type\":\"WebPage\",\"@id\":\"https:\\\/\\\/valvex.com\\\/de\\\/ueber-uns\\\/karriere\\\/\",\"url\":\"https:\\\/\\\/valvex.com\\\/de\\\/ueber-uns\\\/karriere\\\/\",\"name\":\"Karriere - Valvex\",\"isPartOf\":{\"@id\":\"https:\\\/\\\/valvex.com\\\/de\\\/#website\"},\"primaryImageOfPage\":{\"@id\":\"https:\\\/\\\/valvex.com\\\/de\\\/ueber-uns\\\/karriere\\\/#primaryimage\"},\"image\":{\"@id\":\"https:\\\/\\\/valvex.com\\\/de\\\/ueber-uns\\\/karriere\\\/#primaryimage\"},\"thumbnailUrl\":\"https:\\\/\\\/valvex.com\\\/wp-content\\\/uploads\\\/2022\\\/08\\\/Baner-Kariera-1.png\",\"datePublished\":\"2022-01-03T11:47:24+00:00\",\"dateModified\":\"2024-04-19T06:37:12+00:00\",\"breadcrumb\":{\"@id\":\"https:\\\/\\\/valvex.com\\\/de\\\/ueber-uns\\\/karriere\\\/#breadcrumb\"},\"inLanguage\":\"de\",\"potentialAction\":[{\"@type\":\"ReadAction\",\"target\":[\"https:\\\/\\\/valvex.com\\\/de\\\/ueber-uns\\\/karriere\\\/\"]}]},{\"@type\":\"ImageObject\",\"inLanguage\":\"de\",\"@id\":\"https:\\\/\\\/valvex.com\\\/de\\\/ueber-uns\\\/karriere\\\/#primaryimage\",\"url\":\"https:\\\/\\\/valvex.com\\\/wp-content\\\/uploads\\\/2022\\\/08\\\/Baner-Kariera-1.png\",\"contentUrl\":\"https:\\\/\\\/valvex.com\\\/wp-content\\\/uploads\\\/2022\\\/08\\\/Baner-Kariera-1.png\",\"width\":2400,\"height\":316},{\"@type\":\"BreadcrumbList\",\"@id\":\"https:\\\/\\\/valvex.com\\\/de\\\/ueber-uns\\\/karriere\\\/#breadcrumb\",\"itemListElement\":[{\"@type\":\"ListItem\",\"position\":1,\"name\":\"Strona g\u0142\u00f3wna\",\"item\":\"https:\\\/\\\/valvex.com\\\/de\\\/\"},{\"@type\":\"ListItem\",\"position\":2,\"name\":\"\u00dcber uns\",\"item\":\"https:\\\/\\\/valvex.com\\\/de\\\/o-nas\\\/\"},{\"@type\":\"ListItem\",\"position\":3,\"name\":\"Karriere\"}]},{\"@type\":\"WebSite\",\"@id\":\"https:\\\/\\\/valvex.com\\\/de\\\/#website\",\"url\":\"https:\\\/\\\/valvex.com\\\/de\\\/\",\"name\":\"Valvex\",\"description\":\"Hersteller von Sanit\u00e4ranlagen und Armaturen\\n\\n\",\"potentialAction\":[{\"@type\":\"SearchAction\",\"target\":{\"@type\":\"EntryPoint\",\"urlTemplate\":\"https:\\\/\\\/valvex.com\\\/de\\\/?s={search_term_string}\"},\"query-input\":{\"@type\":\"PropertyValueSpecification\",\"valueRequired\":true,\"valueName\":\"search_term_string\"}}],\"inLanguage\":\"de\"}]}<\/script>\n<!-- \/ Yoast SEO plugin. -->","yoast_head_json":{"title":"Karriere - Valvex","robots":{"index":"index","follow":"follow","max-snippet":"max-snippet:-1","max-image-preview":"max-image-preview:large","max-video-preview":"max-video-preview:-1"},"canonical":"https:\/\/valvex.com\/de\/ueber-uns\/karriere\/","og_locale":"de_DE","og_type":"article","og_title":"Karriere - Valvex","og_description":"KARRIERE Warum Valvex S.A. Valvex ist ein Unternehmen mit Tradition, das seit 1970 in der Region Kleinpolen t\u00e4tig ist. Hier befindet sich das Herzst\u00fcck der Organisation, wo wir Erfahrungen sammeln, lernen und Produkte herstellen, die in viele Richtungen der Welt verschickt werden. Gemeinsam streben wir danach, den Fortschritt der Region zu beeinflussen und Menschen zu [&hellip;]","og_url":"https:\/\/valvex.com\/de\/ueber-uns\/karriere\/","og_site_name":"Valvex","article_modified_time":"2024-04-19T06:37:12+00:00","og_image":[{"width":2400,"height":316,"url":"https:\/\/valvex.com\/wp-content\/uploads\/2022\/08\/Baner-Kariera-1.png","type":"image\/png"}],"twitter_card":"summary_large_image","twitter_misc":{"Gesch\u00e4tzte Lesezeit":"5 Minuten"},"schema":{"@context":"https:\/\/schema.org","@graph":[{"@type":"WebPage","@id":"https:\/\/valvex.com\/de\/ueber-uns\/karriere\/","url":"https:\/\/valvex.com\/de\/ueber-uns\/karriere\/","name":"Karriere - Valvex","isPartOf":{"@id":"https:\/\/valvex.com\/de\/#website"},"primaryImageOfPage":{"@id":"https:\/\/valvex.com\/de\/ueber-uns\/karriere\/#primaryimage"},"image":{"@id":"https:\/\/valvex.com\/de\/ueber-uns\/karriere\/#primaryimage"},"thumbnailUrl":"https:\/\/valvex.com\/wp-content\/uploads\/2022\/08\/Baner-Kariera-1.png","datePublished":"2022-01-03T11:47:24+00:00","dateModified":"2024-04-19T06:37:12+00:00","breadcrumb":{"@id":"https:\/\/valvex.com\/de\/ueber-uns\/karriere\/#breadcrumb"},"inLanguage":"de","potentialAction":[{"@type":"ReadAction","target":["https:\/\/valvex.com\/de\/ueber-uns\/karriere\/"]}]},{"@type":"ImageObject","inLanguage":"de","@id":"https:\/\/valvex.com\/de\/ueber-uns\/karriere\/#primaryimage","url":"https:\/\/valvex.com\/wp-content\/uploads\/2022\/08\/Baner-Kariera-1.png","contentUrl":"https:\/\/valvex.com\/wp-content\/uploads\/2022\/08\/Baner-Kariera-1.png","width":2400,"height":316},{"@type":"BreadcrumbList","@id":"https:\/\/valvex.com\/de\/ueber-uns\/karriere\/#breadcrumb","itemListElement":[{"@type":"ListItem","position":1,"name":"Strona g\u0142\u00f3wna","item":"https:\/\/valvex.com\/de\/"},{"@type":"ListItem","position":2,"name":"\u00dcber uns","item":"https:\/\/valvex.com\/de\/o-nas\/"},{"@type":"ListItem","position":3,"name":"Karriere"}]},{"@type":"WebSite","@id":"https:\/\/valvex.com\/de\/#website","url":"https:\/\/valvex.com\/de\/","name":"Valvex","description":"Hersteller von Sanit\u00e4ranlagen und Armaturen\n\n","potentialAction":[{"@type":"SearchAction","target":{"@type":"EntryPoint","urlTemplate":"https:\/\/valvex.com\/de\/?s={search_term_string}"},"query-input":{"@type":"PropertyValueSpecification","valueRequired":true,"valueName":"search_term_string"}}],"inLanguage":"de"}]}},"_links":{"self":[{"href":"https:\/\/valvex.com\/de\/wp-json\/wp\/v2\/pages\/68003","targetHints":{"allow":["GET"]}}],"collection":[{"href":"https:\/\/valvex.com\/de\/wp-json\/wp\/v2\/pages"}],"about":[{"href":"https:\/\/valvex.com\/de\/wp-json\/wp\/v2\/types\/page"}],"author":[{"embeddable":true,"href":"https:\/\/valvex.com\/de\/wp-json\/wp\/v2\/users\/12"}],"replies":[{"embeddable":true,"href":"https:\/\/valvex.com\/de\/wp-json\/wp\/v2\/comments?post=68003"}],"version-history":[{"count":2,"href":"https:\/\/valvex.com\/de\/wp-json\/wp\/v2\/pages\/68003\/revisions"}],"predecessor-version":[{"id":71495,"href":"https:\/\/valvex.com\/de\/wp-json\/wp\/v2\/pages\/68003\/revisions\/71495"}],"up":[{"embeddable":true,"href":"https:\/\/valvex.com\/de\/wp-json\/wp\/v2\/pages\/67823"}],"wp:featuredmedia":[{"embeddable":true,"href":"https:\/\/valvex.com\/de\/wp-json\/wp\/v2\/media\/68005"}],"wp:attachment":[{"href":"https:\/\/valvex.com\/de\/wp-json\/wp\/v2\/media?parent=68003"}],"curies":[{"name":"wp","href":"https:\/\/api.w.org\/{rel}","templated":true}]}}