{"id":67968,"date":"2022-01-03T12:47:13","date_gmt":"2022-01-03T11:47:13","guid":{"rendered":"http:\/\/valvex.com\/o-nas\/serwis\/"},"modified":"2024-04-19T08:32:03","modified_gmt":"2024-04-19T06:32:03","slug":"service","status":"publish","type":"page","link":"https:\/\/valvex.com\/de\/ueber-uns\/service\/","title":{"rendered":"Service"},"content":{"rendered":"\n<div style=\"height:40px\" aria-hidden=\"true\" class=\"wp-block-spacer\"><\/div>\n\n\n\n<h3 class=\"wp-block-heading\"><strong>Qualit\u00e4t durch Tests best\u00e4tigt<\/strong><\/h3>\n\n\n\n<p>Wir erstellen unser Angebot von Anfang bis Ende \u2013 vom Designprozess \u00fcber die Herstellung des Produkts bis hin zur Qualit\u00e4tspr\u00fcfung vor der Freigabe. So k\u00f6nnen wir uns selbst um jedes Detail k\u00fcmmern. Unsere St\u00e4rke und oberste Priorit\u00e4t ist die Aufrechterhaltung h\u00f6chster Qualit\u00e4t \u2013 deshalb w\u00e4hlen wir Materialien und Produktionsmethoden, die hohe Standards garantieren. Jedes unserer Produkte wird sehr detaillierten technischen Tests unterzogen und jeder Produktionsprozess wird regelm\u00e4\u00dfig \u00fcberpr\u00fcft. Wir setzen alles daran, unseren Kunden L\u00f6sungen zu bieten, die funktional, ausfallsicher, langlebig und m\u00f6glichst lange st\u00f6rungsfrei sind. Wir glauben an Qualit\u00e4t, ein Gef\u00fchl der Sicherheit und die Mission, Sie dabei zu unterst\u00fctzen, einen Ort zum Leben f\u00fcr viele Jahre zu schaffen. Deshalb haben wir auf die meisten unserer Produkte eine Garantie von 25 Jahren.<\/p>\n\n\n<div class=\"wp-block-image\">\n<figure class=\"alignleft size-large is-resized\"><img loading=\"lazy\" decoding=\"async\" width=\"39\" height=\"39\" src=\"http:\/\/valvex.com\/wp-content\/uploads\/2022\/05\/25-lat_PL.svg\" alt=\"\" class=\"wp-image-61437\" style=\"width:113px;height:113px\"\/><figcaption class=\"wp-element-caption\">25 Jahre Garantie auf unsere Produkte<\/figcaption><\/figure>\n<\/div>\n\n<div class=\"wp-block-image\">\n<figure class=\"alignleft size-large is-resized\"><img loading=\"lazy\" decoding=\"async\" width=\"39\" height=\"39\" src=\"http:\/\/valvex.com\/wp-content\/uploads\/2022\/05\/SERWIS.svg\" alt=\"\" class=\"wp-image-61438\" style=\"width:113px;height:113px\"\/><figcaption class=\"wp-element-caption\">Bearbeitung von Beschwerden innerhalb von 48 Stunden<\/figcaption><\/figure>\n<\/div>\n\n\n<div style=\"height:40px\" aria-hidden=\"true\" class=\"wp-block-spacer\"><\/div>\n\n\n\n<div class=\"wp-block-columns is-layout-flex wp-container-core-columns-is-layout-9d6595d7 wp-block-columns-is-layout-flex\">\n<div class=\"wp-block-column is-layout-flow wp-block-column-is-layout-flow\">\n<figure class=\"wp-block-image size-full\"><img loading=\"lazy\" decoding=\"async\" width=\"544\" height=\"480\" src=\"http:\/\/valvex.com\/wp-content\/uploads\/2022\/06\/10.png\" alt=\"\" class=\"wp-image-62666\" srcset=\"https:\/\/valvex.com\/wp-content\/uploads\/2022\/06\/10.png 544w, https:\/\/valvex.com\/wp-content\/uploads\/2022\/06\/10-300x265.png 300w\" sizes=\"auto, (max-width: 544px) 100vw, 544px\" \/><\/figure>\n<\/div>\n\n\n\n<div class=\"wp-block-column is-vertically-aligned-center is-layout-flow wp-block-column-is-layout-flow\">\n<h3 class=\"wp-block-heading\"><strong>Ersatzteile<\/strong><\/h3>\n\n\n\n<p>Als erfahrener Hersteller von Armaturen wissen wir, welche Teile eines Produkts sich im Laufe seiner Lebensdauer schneller abnutzen und welche niemals eine \u00e4hnliche Haltbarkeit erreichen werden wie die Teile, die unter die 25-j\u00e4hrige Garantie fallen. Dazu geh\u00f6ren Ersatzkomponenten wie Netzfiltereins\u00e4tze. Auf diese Teile wird keine Garantie gew\u00e4hrt.<\/p>\n\n\n\n<p>Wir setzen jedoch alles daran, dass Sie unsere Produkte gerne nutzen und nicht durch Unterbrechungen aufgrund von Defekten gest\u00f6rt werden. Auf unserer Website finden Sie in der Karte jedes Produkts Informationen \u00fcber die Ersatzteile und ihren Code, die es Ihnen erm\u00f6glichen, das abgenutzte Teil schnell zu identifizieren und es beim n\u00e4chstgelegenen Lieferanten zu kaufen.<\/p>\n<\/div>\n<\/div>\n\n\n\n<div style=\"height:40px\" aria-hidden=\"true\" class=\"wp-block-spacer\"><\/div>\n\n\n\n<div class=\"wp-block-columns is-layout-flex wp-container-core-columns-is-layout-9d6595d7 wp-block-columns-is-layout-flex\">\n<div class=\"wp-block-column is-vertically-aligned-center is-layout-flow wp-block-column-is-layout-flow\">\n<h3 class=\"wp-block-heading\"><strong>Ordnungsgem\u00e4\u00dfe Verwendung<\/strong><\/h3>\n\n\n\n<p>Wir garantieren Ihnen, dass wir uns vor der Auslieferung des Endprodukts vergewissert haben, dass es den h\u00f6chsten Standards entspricht. Um jedoch eine maximale Lebensdauer zu erreichen, empfehlen wir Ihnen, die Gebrauchsanweisung vor dem ersten Gebrauch sorgf\u00e4ltig zu lesen. Die Empfehlungen des Herstellers erm\u00f6glichen es, Installationsfehler \u2013 wie z. B. ein zu festes Anziehen der Armaturenschl\u00e4uche \u2013 zu vermeiden und so die M\u00f6glichkeiten des Produkts von vornherein voll auszusch\u00f6pfen.<\/p>\n\n\n\n<p>Da wir wissen, wie wichtig Ihnen das Design der Produkte und ihr tadelloses Aussehen in Ihren R\u00e4umen ist, haben wir auch eine ausf\u00fchrliche Anleitung f\u00fcr die richtige Reinigung der Armaturengeh\u00e4use vorbereitet.&nbsp;<\/p>\n\n\n\n<p>Auf unserer Website finden Sie einen Bereich mit Tipps und Anleitungsvideos, die den richtigen Umgang mit Installations- und Sanit\u00e4rarmaturen genau zeigen und erkl\u00e4ren. Nichts ist f\u00fcr uns wichtiger als Ihre Zufriedenheit mit dem Produkt \u2013 wer die Grundlagen kennt und wei\u00df, was das Produkt braucht, wird mit Sicherheit eine bessere Abnahme und einen l\u00e4ngeren zuverl\u00e4ssigen Betrieb erreichen.<\/p>\n<\/div>\n\n\n\n<div class=\"wp-block-column is-layout-flow wp-block-column-is-layout-flow\">\n<figure class=\"wp-block-image size-full\"><img loading=\"lazy\" decoding=\"async\" width=\"800\" height=\"533\" src=\"http:\/\/valvex.com\/wp-content\/uploads\/2022\/06\/prawidlowe-uzyytkowanie.jpg\" alt=\"\" class=\"wp-image-62667\" srcset=\"https:\/\/valvex.com\/wp-content\/uploads\/2022\/06\/prawidlowe-uzyytkowanie.jpg 800w, https:\/\/valvex.com\/wp-content\/uploads\/2022\/06\/prawidlowe-uzyytkowanie-300x200.jpg 300w, https:\/\/valvex.com\/wp-content\/uploads\/2022\/06\/prawidlowe-uzyytkowanie-768x512.jpg 768w\" sizes=\"auto, (max-width: 800px) 100vw, 800px\" \/><\/figure>\n<\/div>\n<\/div>\n\n\n\n<div style=\"height:40px\" aria-hidden=\"true\" class=\"wp-block-spacer\"><\/div>\n\n\n\n<div class=\"wp-block-columns is-layout-flex wp-container-core-columns-is-layout-9d6595d7 wp-block-columns-is-layout-flex\">\n<div class=\"wp-block-column is-layout-flow wp-block-column-is-layout-flow\">\n<figure class=\"wp-block-image size-full\"><img loading=\"lazy\" decoding=\"async\" width=\"800\" height=\"534\" src=\"http:\/\/valvex.com\/wp-content\/uploads\/2022\/06\/reklamacje.jpg\" alt=\"\" class=\"wp-image-62668\" srcset=\"https:\/\/valvex.com\/wp-content\/uploads\/2022\/06\/reklamacje.jpg 800w, https:\/\/valvex.com\/wp-content\/uploads\/2022\/06\/reklamacje-300x200.jpg 300w, https:\/\/valvex.com\/wp-content\/uploads\/2022\/06\/reklamacje-768x513.jpg 768w\" sizes=\"auto, (max-width: 800px) 100vw, 800px\" \/><\/figure>\n<\/div>\n\n\n\n<div class=\"wp-block-column is-vertically-aligned-center is-layout-flow wp-block-column-is-layout-flow\">\n<h3 class=\"wp-block-heading\"><strong>Beschwerden<\/strong><\/h3>\n\n\n\n<p>Sollte das Produkt besch\u00e4digt werden oder nicht ordnungsgem\u00e4\u00df funktionieren, dann reklamieren Sie bitte sofort schriftlich \u00fcber das Formular auf unserer Website oder bei dem H\u00e4ndler, bei dem Sie es gekauft haben. In beiden F\u00e4llen ist es wichtig, die folgenden Dokumente vorzulegen:<\/p>\n\n\n\n<ul class=\"wp-block-list\">\n<li>Beschwerdemeldung, die die Nutzerdaten und eine detaillierte Beschreibung des Mangels enth\u00e4lt<\/li>\n\n\n\n<li>Fotokopie des Kaufbelegs<\/li>\n\n\n\n<li>Ausgef\u00fcllte, abgestempelte Garantiekarte mit lesbarem Kaufdatum \u2013 bei Produkten mit individuellen Garantiekarten<\/li>\n\n\n\n<li>Fotos von Sch\u00e4den sind willkommen<\/li>\n<\/ul>\n\n\n\n<p>Unser Team wird Ihre Anfrage innerhalb von 14 Tagen nach Erhalt der Meldung oder des fehlerhaften Produkts bearbeiten.<br><\/p>\n\n\n\n<p><a href=\"https:\/\/valvex.com\/de\/kontakt\/eine-beschwerde-einreichen\/\">Eine Beschwerde einreichen<\/a><\/p>\n<\/div>\n<\/div>\n","protected":false},"excerpt":{"rendered":"<p>Qualit\u00e4t durch Tests best\u00e4tigt Wir erstellen unser Angebot von Anfang bis Ende \u2013 vom Designprozess \u00fcber die Herstellung des Produkts bis hin zur Qualit\u00e4tspr\u00fcfung vor der Freigabe. So k\u00f6nnen wir uns selbst um jedes Detail k\u00fcmmern. Unsere St\u00e4rke und oberste Priorit\u00e4t ist die Aufrechterhaltung h\u00f6chster Qualit\u00e4t \u2013 deshalb w\u00e4hlen wir Materialien und Produktionsmethoden, die hohe [&hellip;]<\/p>\n","protected":false},"author":12,"featured_media":73350,"parent":67823,"menu_order":177,"comment_status":"closed","ping_status":"closed","template":"","meta":{"_acf_changed":false,"footnotes":""},"class_list":["post-67968","page","type-page","status-publish","has-post-thumbnail","hentry"],"acf":[],"yoast_head":"<!-- This site is optimized with the Yoast SEO plugin v27.3 - https:\/\/yoast.com\/product\/yoast-seo-wordpress\/ -->\n<title>Service - Valvex<\/title>\n<meta name=\"robots\" content=\"index, follow, max-snippet:-1, max-image-preview:large, max-video-preview:-1\" \/>\n<link rel=\"canonical\" href=\"https:\/\/valvex.com\/de\/ueber-uns\/service\/\" \/>\n<meta property=\"og:locale\" content=\"de_DE\" \/>\n<meta property=\"og:type\" content=\"article\" \/>\n<meta property=\"og:title\" content=\"Service - Valvex\" \/>\n<meta property=\"og:description\" content=\"Qualit\u00e4t durch Tests best\u00e4tigt Wir erstellen unser Angebot von Anfang bis Ende \u2013 vom Designprozess \u00fcber die Herstellung des Produkts bis hin zur Qualit\u00e4tspr\u00fcfung vor der Freigabe. So k\u00f6nnen wir uns selbst um jedes Detail k\u00fcmmern. Unsere St\u00e4rke und oberste Priorit\u00e4t ist die Aufrechterhaltung h\u00f6chster Qualit\u00e4t \u2013 deshalb w\u00e4hlen wir Materialien und Produktionsmethoden, die hohe [&hellip;]\" \/>\n<meta property=\"og:url\" content=\"https:\/\/valvex.com\/de\/ueber-uns\/service\/\" \/>\n<meta property=\"og:site_name\" content=\"Valvex\" \/>\n<meta property=\"article:modified_time\" content=\"2024-04-19T06:32:03+00:00\" \/>\n<meta property=\"og:image\" content=\"https:\/\/valvex.com\/wp-content\/uploads\/2024\/07\/Header_serwis.png\" \/>\n\t<meta property=\"og:image:width\" content=\"2400\" \/>\n\t<meta property=\"og:image:height\" content=\"384\" \/>\n\t<meta property=\"og:image:type\" content=\"image\/png\" \/>\n<meta name=\"twitter:card\" content=\"summary_large_image\" \/>\n<meta name=\"twitter:label1\" content=\"Gesch\u00e4tzte Lesezeit\" \/>\n\t<meta name=\"twitter:data1\" content=\"5 Minuten\" \/>\n<script type=\"application\/ld+json\" class=\"yoast-schema-graph\">{\"@context\":\"https:\\\/\\\/schema.org\",\"@graph\":[{\"@type\":\"WebPage\",\"@id\":\"https:\\\/\\\/valvex.com\\\/de\\\/ueber-uns\\\/service\\\/\",\"url\":\"https:\\\/\\\/valvex.com\\\/de\\\/ueber-uns\\\/service\\\/\",\"name\":\"Service - Valvex\",\"isPartOf\":{\"@id\":\"https:\\\/\\\/valvex.com\\\/de\\\/#website\"},\"primaryImageOfPage\":{\"@id\":\"https:\\\/\\\/valvex.com\\\/de\\\/ueber-uns\\\/service\\\/#primaryimage\"},\"image\":{\"@id\":\"https:\\\/\\\/valvex.com\\\/de\\\/ueber-uns\\\/service\\\/#primaryimage\"},\"thumbnailUrl\":\"https:\\\/\\\/valvex.com\\\/wp-content\\\/uploads\\\/2024\\\/07\\\/Header_serwis.png\",\"datePublished\":\"2022-01-03T11:47:13+00:00\",\"dateModified\":\"2024-04-19T06:32:03+00:00\",\"breadcrumb\":{\"@id\":\"https:\\\/\\\/valvex.com\\\/de\\\/ueber-uns\\\/service\\\/#breadcrumb\"},\"inLanguage\":\"de\",\"potentialAction\":[{\"@type\":\"ReadAction\",\"target\":[\"https:\\\/\\\/valvex.com\\\/de\\\/ueber-uns\\\/service\\\/\"]}]},{\"@type\":\"ImageObject\",\"inLanguage\":\"de\",\"@id\":\"https:\\\/\\\/valvex.com\\\/de\\\/ueber-uns\\\/service\\\/#primaryimage\",\"url\":\"https:\\\/\\\/valvex.com\\\/wp-content\\\/uploads\\\/2024\\\/07\\\/Header_serwis.png\",\"contentUrl\":\"https:\\\/\\\/valvex.com\\\/wp-content\\\/uploads\\\/2024\\\/07\\\/Header_serwis.png\",\"width\":2400,\"height\":384},{\"@type\":\"BreadcrumbList\",\"@id\":\"https:\\\/\\\/valvex.com\\\/de\\\/ueber-uns\\\/service\\\/#breadcrumb\",\"itemListElement\":[{\"@type\":\"ListItem\",\"position\":1,\"name\":\"Strona g\u0142\u00f3wna\",\"item\":\"https:\\\/\\\/valvex.com\\\/de\\\/\"},{\"@type\":\"ListItem\",\"position\":2,\"name\":\"\u00dcber uns\",\"item\":\"https:\\\/\\\/valvex.com\\\/de\\\/o-nas\\\/\"},{\"@type\":\"ListItem\",\"position\":3,\"name\":\"Service\"}]},{\"@type\":\"WebSite\",\"@id\":\"https:\\\/\\\/valvex.com\\\/de\\\/#website\",\"url\":\"https:\\\/\\\/valvex.com\\\/de\\\/\",\"name\":\"Valvex\",\"description\":\"Hersteller von Sanit\u00e4ranlagen und Armaturen\\n\\n\",\"potentialAction\":[{\"@type\":\"SearchAction\",\"target\":{\"@type\":\"EntryPoint\",\"urlTemplate\":\"https:\\\/\\\/valvex.com\\\/de\\\/?s={search_term_string}\"},\"query-input\":{\"@type\":\"PropertyValueSpecification\",\"valueRequired\":true,\"valueName\":\"search_term_string\"}}],\"inLanguage\":\"de\"}]}<\/script>\n<!-- \/ Yoast SEO plugin. -->","yoast_head_json":{"title":"Service - Valvex","robots":{"index":"index","follow":"follow","max-snippet":"max-snippet:-1","max-image-preview":"max-image-preview:large","max-video-preview":"max-video-preview:-1"},"canonical":"https:\/\/valvex.com\/de\/ueber-uns\/service\/","og_locale":"de_DE","og_type":"article","og_title":"Service - Valvex","og_description":"Qualit\u00e4t durch Tests best\u00e4tigt Wir erstellen unser Angebot von Anfang bis Ende \u2013 vom Designprozess \u00fcber die Herstellung des Produkts bis hin zur Qualit\u00e4tspr\u00fcfung vor der Freigabe. So k\u00f6nnen wir uns selbst um jedes Detail k\u00fcmmern. Unsere St\u00e4rke und oberste Priorit\u00e4t ist die Aufrechterhaltung h\u00f6chster Qualit\u00e4t \u2013 deshalb w\u00e4hlen wir Materialien und Produktionsmethoden, die hohe [&hellip;]","og_url":"https:\/\/valvex.com\/de\/ueber-uns\/service\/","og_site_name":"Valvex","article_modified_time":"2024-04-19T06:32:03+00:00","og_image":[{"width":2400,"height":384,"url":"https:\/\/valvex.com\/wp-content\/uploads\/2024\/07\/Header_serwis.png","type":"image\/png"}],"twitter_card":"summary_large_image","twitter_misc":{"Gesch\u00e4tzte Lesezeit":"5 Minuten"},"schema":{"@context":"https:\/\/schema.org","@graph":[{"@type":"WebPage","@id":"https:\/\/valvex.com\/de\/ueber-uns\/service\/","url":"https:\/\/valvex.com\/de\/ueber-uns\/service\/","name":"Service - Valvex","isPartOf":{"@id":"https:\/\/valvex.com\/de\/#website"},"primaryImageOfPage":{"@id":"https:\/\/valvex.com\/de\/ueber-uns\/service\/#primaryimage"},"image":{"@id":"https:\/\/valvex.com\/de\/ueber-uns\/service\/#primaryimage"},"thumbnailUrl":"https:\/\/valvex.com\/wp-content\/uploads\/2024\/07\/Header_serwis.png","datePublished":"2022-01-03T11:47:13+00:00","dateModified":"2024-04-19T06:32:03+00:00","breadcrumb":{"@id":"https:\/\/valvex.com\/de\/ueber-uns\/service\/#breadcrumb"},"inLanguage":"de","potentialAction":[{"@type":"ReadAction","target":["https:\/\/valvex.com\/de\/ueber-uns\/service\/"]}]},{"@type":"ImageObject","inLanguage":"de","@id":"https:\/\/valvex.com\/de\/ueber-uns\/service\/#primaryimage","url":"https:\/\/valvex.com\/wp-content\/uploads\/2024\/07\/Header_serwis.png","contentUrl":"https:\/\/valvex.com\/wp-content\/uploads\/2024\/07\/Header_serwis.png","width":2400,"height":384},{"@type":"BreadcrumbList","@id":"https:\/\/valvex.com\/de\/ueber-uns\/service\/#breadcrumb","itemListElement":[{"@type":"ListItem","position":1,"name":"Strona g\u0142\u00f3wna","item":"https:\/\/valvex.com\/de\/"},{"@type":"ListItem","position":2,"name":"\u00dcber uns","item":"https:\/\/valvex.com\/de\/o-nas\/"},{"@type":"ListItem","position":3,"name":"Service"}]},{"@type":"WebSite","@id":"https:\/\/valvex.com\/de\/#website","url":"https:\/\/valvex.com\/de\/","name":"Valvex","description":"Hersteller von Sanit\u00e4ranlagen und Armaturen\n\n","potentialAction":[{"@type":"SearchAction","target":{"@type":"EntryPoint","urlTemplate":"https:\/\/valvex.com\/de\/?s={search_term_string}"},"query-input":{"@type":"PropertyValueSpecification","valueRequired":true,"valueName":"search_term_string"}}],"inLanguage":"de"}]}},"_links":{"self":[{"href":"https:\/\/valvex.com\/de\/wp-json\/wp\/v2\/pages\/67968","targetHints":{"allow":["GET"]}}],"collection":[{"href":"https:\/\/valvex.com\/de\/wp-json\/wp\/v2\/pages"}],"about":[{"href":"https:\/\/valvex.com\/de\/wp-json\/wp\/v2\/types\/page"}],"author":[{"embeddable":true,"href":"https:\/\/valvex.com\/de\/wp-json\/wp\/v2\/users\/12"}],"replies":[{"embeddable":true,"href":"https:\/\/valvex.com\/de\/wp-json\/wp\/v2\/comments?post=67968"}],"version-history":[{"count":2,"href":"https:\/\/valvex.com\/de\/wp-json\/wp\/v2\/pages\/67968\/revisions"}],"predecessor-version":[{"id":71493,"href":"https:\/\/valvex.com\/de\/wp-json\/wp\/v2\/pages\/67968\/revisions\/71493"}],"up":[{"embeddable":true,"href":"https:\/\/valvex.com\/de\/wp-json\/wp\/v2\/pages\/67823"}],"wp:featuredmedia":[{"embeddable":true,"href":"https:\/\/valvex.com\/de\/wp-json\/wp\/v2\/media\/73350"}],"wp:attachment":[{"href":"https:\/\/valvex.com\/de\/wp-json\/wp\/v2\/media?parent=67968"}],"curies":[{"name":"wp","href":"https:\/\/api.w.org\/{rel}","templated":true}]}}