{"id":67915,"date":"2022-01-03T12:46:59","date_gmt":"2022-01-03T11:46:59","guid":{"rendered":"http:\/\/valvex.com\/o-nas\/uslugi-b2b\/"},"modified":"2024-04-19T08:27:52","modified_gmt":"2024-04-19T06:27:52","slug":"b2b-dienstleistungen","status":"publish","type":"page","link":"https:\/\/valvex.com\/de\/ueber-uns\/b2b-dienstleistungen\/","title":{"rendered":"B2B-Dienstleistungen"},"content":{"rendered":"\n<div class=\"wp-block-columns my-16 is-layout-flex wp-container-core-columns-is-layout-9d6595d7 wp-block-columns-is-layout-flex\">\n<div class=\"wp-block-column is-layout-flow wp-block-column-is-layout-flow\" style=\"flex-basis:20%\"><\/div>\n\n\n\n<div class=\"wp-block-column is-layout-flow wp-block-column-is-layout-flow\" style=\"flex-basis:60%\">\n<h3 class=\"wp-block-heading\"><strong>Arbeiten Sie mit uns zusammen<\/strong><\/h3>\n\n\n\n<p>Als einer der f\u00fchrenden Hersteller von Sanit\u00e4rarmaturen in Mittel- und Osteuropa laden wir Sie ein, mit uns \u00fcber unsere Produktpalette und das breite Dienstleistungsangebot unseres Werkes zusammenzuarbeiten.<\/p>\n\n\n\n<p>Seit vielen Jahren beobachten wir kontinuierlich die Marktprozesse, lernen Trends und die Bed\u00fcrfnisse des Branchenumfelds kennen. Wir entwickeln uns intern in allen Bereichen der Organisation weiter, damit wir unseren potenziellen Kunden das gesamte Paket an F\u00e4higkeiten anbieten k\u00f6nnen: Ideen, Werkzeuge und know-how, das auf jahrelanger praktischer Erfahrung beruht. W\u00e4hrend der Zusammenarbeit stimmen wir das Betriebsmodell individuell auf die Erwartungen des Partners ab.<\/p>\n\n\n\n<p>Der Erfolg der gemeinsamen Entwicklung wird durch die Qualit\u00e4t unserer vor Ort hergestellten Produkte garantiert, die durch Zulassungen und ISO-Zertifikate best\u00e4tigt wird. Mit Blick auf den Komfort und das Sicherheitsgef\u00fchl unserer Partner bieten wir ein effizientes Berichtswesen, modernste Produktionsmanagementsysteme und fortschrittliche Kontrollsysteme an. Solche L\u00f6sungen erm\u00f6glichen die vollst\u00e4ndige \u00dcberwachung einer breiten Palette von Produkten und Dienstleistungen und gew\u00e4hrleisten eine umfassende Optimierung der Abl\u00e4ufe. Wir bem\u00fchen uns auch darum, dass unser Kundendienst den Anforderungen der anspruchsvollsten Kunden gerecht wird.<\/p>\n\n\n\n<p>Mit modernster Ausr\u00fcstung und hochqualifizierten und erfahrenen Mitarbeitern bieten wir unter anderem eine Reihe von ma\u00dfgeschneiderten Dienstleistungen f\u00fcr die Bearbeitung von Messingteilen an.<\/p>\n<\/div>\n\n\n\n<div class=\"wp-block-column is-layout-flow wp-block-column-is-layout-flow\" style=\"flex-basis:20%\"><\/div>\n<\/div>\n\n\n\n<ul class=\"tab-menu my-8 mb-16\"><li><a href=\"#omechaniczna\">Mechanische Bearbeitung<\/a><\/li><li><a href=\"#oskrawaniem\">Zerspanung<\/a><\/li><li><a href=\"#oplastyczna\">Kunststoffverarbeitung<\/a><\/li><li><a href=\"#0\">Oberfl\u00e4chenbehandlungen<\/a><\/li><li><a href=\"#powloki\">Galvanische Beschichtungen<\/a><\/li><\/ul>\n\n\n\n<div class=\"wp-block-media-text alignfull is-stacked-on-mobile is-vertically-aligned-center is-image-fill my-24\" id=\"omechaniczna\"><figure class=\"wp-block-media-text__media\" style=\"background-image:url(http:\/\/valvex.com\/wp-content\/uploads\/2022\/03\/AdobeStock_227610684.png);background-position:50% 50%\"><img loading=\"lazy\" decoding=\"async\" width=\"704\" height=\"720\" src=\"http:\/\/valvex.com\/wp-content\/uploads\/2022\/03\/AdobeStock_227610684.png\" alt=\"\" class=\"wp-image-246 size-full\" srcset=\"https:\/\/valvex.com\/wp-content\/uploads\/2022\/03\/AdobeStock_227610684.png 704w, https:\/\/valvex.com\/wp-content\/uploads\/2022\/03\/AdobeStock_227610684-293x300.png 293w\" sizes=\"auto, (max-width: 704px) 100vw, 704px\" \/><\/figure><div class=\"wp-block-media-text__content\">\n<h3 class=\"wp-block-heading has-text-align-left has-text-color\" style=\"color:#000000\"><strong>Mechanische Bearbeitung<\/strong><\/h3>\n\n\n\n<p>Unser Unternehmen ist in der Lage, sowohl einfache als auch komplexe Elemente mechanisch zu bearbeiten. Wir fertigen Teile auf der Grundlage der uns anvertrauten Konstruktionsunterlagen oder erstellen sie auf Wunsch auch selbst.<\/p>\n\n\n\n<p>Dank des Einsatzes fortschrittlicher CAD\/CAM-Software (Solid Edge, GibbsCAM) k\u00f6nnen wir ein digitales 3D-Modell zusammen mit einer technischen Zeichnung auf der Grundlage eines physisch gelieferten Bauteils erstellen.<\/p>\n\n\n\n<p>Das Verarbeitungspotenzial unseres Unternehmens wird durch seinen modernen und vielseitigen Maschinenpark unterstrichen.<\/p>\n\n\n\n<p>Es umfasst vierachsige vertikale und horizontale Bearbeitungszentren und CNC-Drehmaschinen von Chiron, Kitamura Hass und DMG. Durch den Einsatz einer numerischen Computersteuerung auf der Basis von GE-Fanuc- und Simmens-Steuerungen k\u00f6nnen wir die Pr\u00e4zision und Wiederholbarkeit des Produktionsprozesses erheblich steigern.<\/p>\n\n\n\n<p>Neben konventionellen Dreh- und Fr\u00e4smaschinen setzt unser Unternehmen auch leistungsstarke Mehrspindelautomaten von Gildemeister und Tornos sowie konventionelle Fr\u00e4smaschinen von Gnutti und Gozio ein.<\/p>\n\n\n\n<p>Dank des mehrstufigen Qualit\u00e4tskontrollsystems zeichnet sich unsere Produktion durch au\u00dfergew\u00f6hnliche Pr\u00e4zision und Wiederholbarkeit der Teile aus.<\/p>\n<\/div><\/div>\n\n\n\n<div class=\"wp-block-media-text alignfull has-media-on-the-right is-stacked-on-mobile is-vertically-aligned-center my-24\" id=\"oskrawaniem\"><div class=\"wp-block-media-text__content\">\n<h3 class=\"wp-block-heading has-text-align-left has-text-color\" style=\"color:#000000\"><strong>Zerspanung<\/strong><\/h3>\n\n\n\n<p>Je nach gew\u00fcnschter Form oder Oberfl\u00e4chenrauhigkeit setzen wir CNC-Fr\u00e4sen, CNC-Drehen, Gewindeschneiden und Bohren ein.<\/p>\n<\/div><figure class=\"wp-block-media-text__media\"><img loading=\"lazy\" decoding=\"async\" width=\"704\" height=\"720\" src=\"http:\/\/valvex.com\/wp-content\/uploads\/2022\/03\/AdobeStock_442375439.png\" alt=\"\" class=\"wp-image-250 size-full\" srcset=\"https:\/\/valvex.com\/wp-content\/uploads\/2022\/03\/AdobeStock_442375439.png 704w, https:\/\/valvex.com\/wp-content\/uploads\/2022\/03\/AdobeStock_442375439-293x300.png 293w\" sizes=\"auto, (max-width: 704px) 100vw, 704px\" \/><\/figure><\/div>\n\n\n\n<div class=\"wp-block-media-text alignfull is-stacked-on-mobile is-vertically-aligned-center my-24\" id=\"oplastyczna\"><figure class=\"wp-block-media-text__media\"><img loading=\"lazy\" decoding=\"async\" width=\"704\" height=\"720\" src=\"http:\/\/valvex.com\/wp-content\/uploads\/2022\/03\/AdobeStock_399517769.png\" alt=\"\" class=\"wp-image-256 size-full\" srcset=\"https:\/\/valvex.com\/wp-content\/uploads\/2022\/03\/AdobeStock_399517769.png 704w, https:\/\/valvex.com\/wp-content\/uploads\/2022\/03\/AdobeStock_399517769-293x300.png 293w\" sizes=\"auto, (max-width: 704px) 100vw, 704px\" \/><\/figure><div class=\"wp-block-media-text__content\">\n<h3 class=\"wp-block-heading has-text-align-left has-text-color\" style=\"color:#000000\"><strong>Kunststoffverarbeitung<\/strong><\/h3>\n\n\n\n<p>Der Umfang der Arbeiten umfasst sowohl Messing als auch Stahl. Das bieten wir Ihnen an:<\/p>\n\n\n\n<ul class=\"wp-block-list\">\n<li>Warmschmieden im Hohlraumverfahren<\/li>\n\n\n\n<li>Strahlen<\/li>\n\n\n\n<li>Biegen von Stahlrohren bis zu einem maximalen Durchmesser von 63,5 mm<\/li>\n\n\n\n<li>Hartl\u00f6ten mit Silberlot<\/li>\n<\/ul>\n<\/div><\/div>\n\n\n\n<div class=\"wp-block-media-text alignfull has-media-on-the-right is-stacked-on-mobile is-vertically-aligned-center my-24\" id=\"opowierzchniowe\"><div class=\"wp-block-media-text__content\">\n<h3 class=\"wp-block-heading has-text-align-left has-text-color\" style=\"color:#000000\"><strong>Oberfl\u00e4chenbehandlungen<\/strong><\/h3>\n\n\n\n<p>Unser Angebot umfasst Schleifen und Polieren mit manuellen und halbautomatischen Techniken.<\/p>\n\n\n\n<p>Wir verf\u00fcgen \u00fcber umfangreiche Erfahrungen in der Oberfl\u00e4chenvorbereitung f\u00fcr Galvanik- und Lackbeschichtungen.<\/p>\n\n\n\n<p>Wir bieten Schleif- und Polierdienstleistungen f\u00fcr Nichteisen-Metallteile an.<\/p>\n\n\n\n<p>Der Umfang der durchgef\u00fchrten Behandlung umfasst:<\/p>\n\n\n\n<ul class=\"wp-block-list\">\n<li>Schleifen<\/li>\n\n\n\n<li>manuelles und automatisches Polieren<\/li>\n\n\n\n<li>dekoratives B\u00fcrsten<\/li>\n\n\n\n<li>Vibrationsbearbeitung von Teilen \u2013 Polieren<\/li>\n<\/ul>\n<\/div><figure class=\"wp-block-media-text__media\"><img loading=\"lazy\" decoding=\"async\" width=\"560\" height=\"573\" src=\"http:\/\/valvex.com\/wp-content\/uploads\/2022\/08\/Obrobki-Powierzchniowe_560x572.72.png\" alt=\"\" class=\"wp-image-63265 size-full\" srcset=\"https:\/\/valvex.com\/wp-content\/uploads\/2022\/08\/Obrobki-Powierzchniowe_560x572.72.png 560w, https:\/\/valvex.com\/wp-content\/uploads\/2022\/08\/Obrobki-Powierzchniowe_560x572.72-293x300.png 293w\" sizes=\"auto, (max-width: 560px) 100vw, 560px\" \/><\/figure><\/div>\n\n\n\n<div class=\"wp-block-media-text alignfull is-stacked-on-mobile is-vertically-aligned-center\" id=\"powloki\"><figure class=\"wp-block-media-text__media\"><img loading=\"lazy\" decoding=\"async\" width=\"704\" height=\"720\" src=\"http:\/\/valvex.com\/wp-content\/uploads\/2022\/03\/IMG_0772-1.png\" alt=\"\" class=\"wp-image-259 size-full\" srcset=\"https:\/\/valvex.com\/wp-content\/uploads\/2022\/03\/IMG_0772-1.png 704w, https:\/\/valvex.com\/wp-content\/uploads\/2022\/03\/IMG_0772-1-293x300.png 293w\" sizes=\"auto, (max-width: 704px) 100vw, 704px\" \/><\/figure><div class=\"wp-block-media-text__content\">\n<h3 class=\"wp-block-heading has-text-align-left has-text-color\" style=\"color:#000000\"><strong>Galvanische Beschichtungen<\/strong><\/h3>\n\n\n\n<p>Je nach Material und gew\u00fcnschtem Ergebnis \u2013 Schaffung von dekorativen Beschichtungen oder mehrlagigen Beschichtungen zur Versiegelung, um die Korrosionsbest\u00e4ndigkeit zu verbessern \u2013 sind verschiedene Beschichtungsmethoden m\u00f6glich:<\/p>\n\n\n\n<ul class=\"wp-block-list\">\n<li>h\u00e4ngende galvanische Beschichtung \u2013 automatisiertes Beschichtungsverfahren,<\/li>\n\n\n\n<li>bei dem wir Folgendes durchf\u00fchren: Vernickeln, Chromatieren, Verkupfern, Vergolden, Schw\u00e4rzen<\/li>\n\n\n\n<li>Schwarzvernickelung<\/li>\n\n\n\n<li>Pulverbeschichtung \u2013 TRIBO-Verfahren<\/li>\n\n\n\n<li>Beschichtung mit transparenten Farben \u2013 volle Farbpalette<\/li>\n<\/ul>\n<\/div><\/div>\n","protected":false},"excerpt":{"rendered":"<p>Arbeiten Sie mit uns zusammen Als einer der f\u00fchrenden Hersteller von Sanit\u00e4rarmaturen in Mittel- und Osteuropa laden wir Sie ein, mit uns \u00fcber unsere Produktpalette und das breite Dienstleistungsangebot unseres Werkes zusammenzuarbeiten. Seit vielen Jahren beobachten wir kontinuierlich die Marktprozesse, lernen Trends und die Bed\u00fcrfnisse des Branchenumfelds kennen. Wir entwickeln uns intern in allen Bereichen [&hellip;]<\/p>\n","protected":false},"author":12,"featured_media":73321,"parent":67823,"menu_order":171,"comment_status":"closed","ping_status":"closed","template":"","meta":{"_acf_changed":false,"footnotes":""},"class_list":["post-67915","page","type-page","status-publish","has-post-thumbnail","hentry"],"acf":[],"yoast_head":"<!-- This site is optimized with the Yoast SEO plugin v27.3 - https:\/\/yoast.com\/product\/yoast-seo-wordpress\/ -->\n<title>B2B-Dienstleistungen - Valvex<\/title>\n<meta name=\"robots\" content=\"index, follow, max-snippet:-1, max-image-preview:large, max-video-preview:-1\" \/>\n<link rel=\"canonical\" href=\"https:\/\/valvex.com\/de\/ueber-uns\/b2b-dienstleistungen\/\" \/>\n<meta property=\"og:locale\" content=\"de_DE\" \/>\n<meta property=\"og:type\" content=\"article\" \/>\n<meta property=\"og:title\" content=\"B2B-Dienstleistungen - Valvex\" \/>\n<meta property=\"og:description\" content=\"Arbeiten Sie mit uns zusammen Als einer der f\u00fchrenden Hersteller von Sanit\u00e4rarmaturen in Mittel- und Osteuropa laden wir Sie ein, mit uns \u00fcber unsere Produktpalette und das breite Dienstleistungsangebot unseres Werkes zusammenzuarbeiten. Seit vielen Jahren beobachten wir kontinuierlich die Marktprozesse, lernen Trends und die Bed\u00fcrfnisse des Branchenumfelds kennen. Wir entwickeln uns intern in allen Bereichen [&hellip;]\" \/>\n<meta property=\"og:url\" content=\"https:\/\/valvex.com\/de\/ueber-uns\/b2b-dienstleistungen\/\" \/>\n<meta property=\"og:site_name\" content=\"Valvex\" \/>\n<meta property=\"article:modified_time\" content=\"2024-04-19T06:27:52+00:00\" \/>\n<meta property=\"og:image\" content=\"https:\/\/valvex.com\/wp-content\/uploads\/2024\/07\/Header_B2B.png\" \/>\n\t<meta property=\"og:image:width\" content=\"2400\" \/>\n\t<meta property=\"og:image:height\" content=\"384\" \/>\n\t<meta property=\"og:image:type\" content=\"image\/png\" \/>\n<meta name=\"twitter:card\" content=\"summary_large_image\" \/>\n<meta name=\"twitter:label1\" content=\"Gesch\u00e4tzte Lesezeit\" \/>\n\t<meta name=\"twitter:data1\" content=\"5 Minuten\" \/>\n<script type=\"application\/ld+json\" class=\"yoast-schema-graph\">{\"@context\":\"https:\\\/\\\/schema.org\",\"@graph\":[{\"@type\":\"WebPage\",\"@id\":\"https:\\\/\\\/valvex.com\\\/de\\\/ueber-uns\\\/b2b-dienstleistungen\\\/\",\"url\":\"https:\\\/\\\/valvex.com\\\/de\\\/ueber-uns\\\/b2b-dienstleistungen\\\/\",\"name\":\"B2B-Dienstleistungen - Valvex\",\"isPartOf\":{\"@id\":\"https:\\\/\\\/valvex.com\\\/de\\\/#website\"},\"primaryImageOfPage\":{\"@id\":\"https:\\\/\\\/valvex.com\\\/de\\\/ueber-uns\\\/b2b-dienstleistungen\\\/#primaryimage\"},\"image\":{\"@id\":\"https:\\\/\\\/valvex.com\\\/de\\\/ueber-uns\\\/b2b-dienstleistungen\\\/#primaryimage\"},\"thumbnailUrl\":\"https:\\\/\\\/valvex.com\\\/wp-content\\\/uploads\\\/2024\\\/07\\\/Header_B2B.png\",\"datePublished\":\"2022-01-03T11:46:59+00:00\",\"dateModified\":\"2024-04-19T06:27:52+00:00\",\"breadcrumb\":{\"@id\":\"https:\\\/\\\/valvex.com\\\/de\\\/ueber-uns\\\/b2b-dienstleistungen\\\/#breadcrumb\"},\"inLanguage\":\"de\",\"potentialAction\":[{\"@type\":\"ReadAction\",\"target\":[\"https:\\\/\\\/valvex.com\\\/de\\\/ueber-uns\\\/b2b-dienstleistungen\\\/\"]}]},{\"@type\":\"ImageObject\",\"inLanguage\":\"de\",\"@id\":\"https:\\\/\\\/valvex.com\\\/de\\\/ueber-uns\\\/b2b-dienstleistungen\\\/#primaryimage\",\"url\":\"https:\\\/\\\/valvex.com\\\/wp-content\\\/uploads\\\/2024\\\/07\\\/Header_B2B.png\",\"contentUrl\":\"https:\\\/\\\/valvex.com\\\/wp-content\\\/uploads\\\/2024\\\/07\\\/Header_B2B.png\",\"width\":2400,\"height\":384},{\"@type\":\"BreadcrumbList\",\"@id\":\"https:\\\/\\\/valvex.com\\\/de\\\/ueber-uns\\\/b2b-dienstleistungen\\\/#breadcrumb\",\"itemListElement\":[{\"@type\":\"ListItem\",\"position\":1,\"name\":\"Strona g\u0142\u00f3wna\",\"item\":\"https:\\\/\\\/valvex.com\\\/de\\\/\"},{\"@type\":\"ListItem\",\"position\":2,\"name\":\"\u00dcber uns\",\"item\":\"https:\\\/\\\/valvex.com\\\/de\\\/o-nas\\\/\"},{\"@type\":\"ListItem\",\"position\":3,\"name\":\"B2B-Dienstleistungen\"}]},{\"@type\":\"WebSite\",\"@id\":\"https:\\\/\\\/valvex.com\\\/de\\\/#website\",\"url\":\"https:\\\/\\\/valvex.com\\\/de\\\/\",\"name\":\"Valvex\",\"description\":\"Hersteller von Sanit\u00e4ranlagen und Armaturen\\n\\n\",\"potentialAction\":[{\"@type\":\"SearchAction\",\"target\":{\"@type\":\"EntryPoint\",\"urlTemplate\":\"https:\\\/\\\/valvex.com\\\/de\\\/?s={search_term_string}\"},\"query-input\":{\"@type\":\"PropertyValueSpecification\",\"valueRequired\":true,\"valueName\":\"search_term_string\"}}],\"inLanguage\":\"de\"}]}<\/script>\n<!-- \/ Yoast SEO plugin. -->","yoast_head_json":{"title":"B2B-Dienstleistungen - Valvex","robots":{"index":"index","follow":"follow","max-snippet":"max-snippet:-1","max-image-preview":"max-image-preview:large","max-video-preview":"max-video-preview:-1"},"canonical":"https:\/\/valvex.com\/de\/ueber-uns\/b2b-dienstleistungen\/","og_locale":"de_DE","og_type":"article","og_title":"B2B-Dienstleistungen - Valvex","og_description":"Arbeiten Sie mit uns zusammen Als einer der f\u00fchrenden Hersteller von Sanit\u00e4rarmaturen in Mittel- und Osteuropa laden wir Sie ein, mit uns \u00fcber unsere Produktpalette und das breite Dienstleistungsangebot unseres Werkes zusammenzuarbeiten. Seit vielen Jahren beobachten wir kontinuierlich die Marktprozesse, lernen Trends und die Bed\u00fcrfnisse des Branchenumfelds kennen. Wir entwickeln uns intern in allen Bereichen [&hellip;]","og_url":"https:\/\/valvex.com\/de\/ueber-uns\/b2b-dienstleistungen\/","og_site_name":"Valvex","article_modified_time":"2024-04-19T06:27:52+00:00","og_image":[{"width":2400,"height":384,"url":"https:\/\/valvex.com\/wp-content\/uploads\/2024\/07\/Header_B2B.png","type":"image\/png"}],"twitter_card":"summary_large_image","twitter_misc":{"Gesch\u00e4tzte Lesezeit":"5 Minuten"},"schema":{"@context":"https:\/\/schema.org","@graph":[{"@type":"WebPage","@id":"https:\/\/valvex.com\/de\/ueber-uns\/b2b-dienstleistungen\/","url":"https:\/\/valvex.com\/de\/ueber-uns\/b2b-dienstleistungen\/","name":"B2B-Dienstleistungen - Valvex","isPartOf":{"@id":"https:\/\/valvex.com\/de\/#website"},"primaryImageOfPage":{"@id":"https:\/\/valvex.com\/de\/ueber-uns\/b2b-dienstleistungen\/#primaryimage"},"image":{"@id":"https:\/\/valvex.com\/de\/ueber-uns\/b2b-dienstleistungen\/#primaryimage"},"thumbnailUrl":"https:\/\/valvex.com\/wp-content\/uploads\/2024\/07\/Header_B2B.png","datePublished":"2022-01-03T11:46:59+00:00","dateModified":"2024-04-19T06:27:52+00:00","breadcrumb":{"@id":"https:\/\/valvex.com\/de\/ueber-uns\/b2b-dienstleistungen\/#breadcrumb"},"inLanguage":"de","potentialAction":[{"@type":"ReadAction","target":["https:\/\/valvex.com\/de\/ueber-uns\/b2b-dienstleistungen\/"]}]},{"@type":"ImageObject","inLanguage":"de","@id":"https:\/\/valvex.com\/de\/ueber-uns\/b2b-dienstleistungen\/#primaryimage","url":"https:\/\/valvex.com\/wp-content\/uploads\/2024\/07\/Header_B2B.png","contentUrl":"https:\/\/valvex.com\/wp-content\/uploads\/2024\/07\/Header_B2B.png","width":2400,"height":384},{"@type":"BreadcrumbList","@id":"https:\/\/valvex.com\/de\/ueber-uns\/b2b-dienstleistungen\/#breadcrumb","itemListElement":[{"@type":"ListItem","position":1,"name":"Strona g\u0142\u00f3wna","item":"https:\/\/valvex.com\/de\/"},{"@type":"ListItem","position":2,"name":"\u00dcber uns","item":"https:\/\/valvex.com\/de\/o-nas\/"},{"@type":"ListItem","position":3,"name":"B2B-Dienstleistungen"}]},{"@type":"WebSite","@id":"https:\/\/valvex.com\/de\/#website","url":"https:\/\/valvex.com\/de\/","name":"Valvex","description":"Hersteller von Sanit\u00e4ranlagen und Armaturen\n\n","potentialAction":[{"@type":"SearchAction","target":{"@type":"EntryPoint","urlTemplate":"https:\/\/valvex.com\/de\/?s={search_term_string}"},"query-input":{"@type":"PropertyValueSpecification","valueRequired":true,"valueName":"search_term_string"}}],"inLanguage":"de"}]}},"_links":{"self":[{"href":"https:\/\/valvex.com\/de\/wp-json\/wp\/v2\/pages\/67915","targetHints":{"allow":["GET"]}}],"collection":[{"href":"https:\/\/valvex.com\/de\/wp-json\/wp\/v2\/pages"}],"about":[{"href":"https:\/\/valvex.com\/de\/wp-json\/wp\/v2\/types\/page"}],"author":[{"embeddable":true,"href":"https:\/\/valvex.com\/de\/wp-json\/wp\/v2\/users\/12"}],"replies":[{"embeddable":true,"href":"https:\/\/valvex.com\/de\/wp-json\/wp\/v2\/comments?post=67915"}],"version-history":[{"count":5,"href":"https:\/\/valvex.com\/de\/wp-json\/wp\/v2\/pages\/67915\/revisions"}],"predecessor-version":[{"id":71491,"href":"https:\/\/valvex.com\/de\/wp-json\/wp\/v2\/pages\/67915\/revisions\/71491"}],"up":[{"embeddable":true,"href":"https:\/\/valvex.com\/de\/wp-json\/wp\/v2\/pages\/67823"}],"wp:featuredmedia":[{"embeddable":true,"href":"https:\/\/valvex.com\/de\/wp-json\/wp\/v2\/media\/73321"}],"wp:attachment":[{"href":"https:\/\/valvex.com\/de\/wp-json\/wp\/v2\/media?parent=67915"}],"curies":[{"name":"wp","href":"https:\/\/api.w.org\/{rel}","templated":true}]}}