{"id":67842,"date":"2022-01-03T12:46:10","date_gmt":"2022-01-03T11:46:10","guid":{"rendered":"http:\/\/valvex.com\/o-nas\/filary-marki\/"},"modified":"2024-04-19T08:18:34","modified_gmt":"2024-04-19T06:18:34","slug":"markensaeulen","status":"publish","type":"page","link":"https:\/\/valvex.com\/de\/ueber-uns\/markensaeulen\/","title":{"rendered":"Markens\u00e4ulen"},"content":{"rendered":"\n<ul class=\"tab-menu my-8 mb-16\"><li><a href=\"#technologia\">Technologie<\/a><\/li><li><a href=\"#ekologia\">\u00d6kologie<\/a><\/li><li><a href=\"#design\">Gestaltung<\/a><\/li><\/ul>\n\n\n\n<div class=\"wp-block-columns is-layout-flex wp-container-core-columns-is-layout-9d6595d7 wp-block-columns-is-layout-flex\" id=\"technologia\">\n<div class=\"wp-block-column is-layout-flow wp-block-column-is-layout-flow\">\n<p class=\"has-vivid-red-color has-text-color has-link-color wp-elements-6f965c096b922cf243abaff21460bc6a\">TECHNOLOGIE<\/p>\n\n\n\n<h3 class=\"wp-block-heading\"><strong>Fertigung mit Blick auf die Zukunft<\/strong><\/h3>\n\n\n\n<hr class=\"wp-block-separator has-css-opacity is-style-default\"\/>\n\n\n\n<p>Bei der Herstellung von Sanit\u00e4rarmaturen orientieren wir uns am Kundenwohl. Durch strenge Qualit\u00e4tskontrollen und den Einsatz modernster Technologie wollen wir Produkte von h\u00f6chster Qualit\u00e4t herstellen. Solcher, die so lange wie m\u00f6glich bei Ihnen bleiben und ihre Aufgabe in nahezu perfekter Weise erf\u00fcllen.<\/p>\n\n\n\n<p>Wir handeln auf sozial verantwortliche Weise. Als engagiertes und kollaboratives Team folgen wir in unserer t\u00e4glichen Arbeit nach den Prinzipien des Lean Manufacturing, um die Verschwendung von Ressourcen \u2013 Zeit, Material, Personalst\u00e4rke und Energie \u2013 zu vermeiden. Wir sind uns der Konsequenzen bewusst, die ein Handeln gegen das Wohl der Umwelt hat, und bem\u00fchen uns, unsere negativen Auswirkungen zu minimieren und gleichzeitig hohe Standards einzuhalten. Damit unsere Kunden das gleiche Produkt erhalten, dessen Qualit\u00e4t sie seit Jahren kennen.<\/p>\n\n\n\n<p>Wir st\u00fctzen unsere Produktion auf 4 Hauptpfeiler: eingebettete Qualit\u00e4t, Sicherheit, kurze Lieferzeiten und kontinuierliche Verbesserung.<\/p>\n\n\n\n<p>Wir lassen uns seit Jahren von ihnen leiten, weil wir wissen, dass die Stabilit\u00e4t der Standards und der erkl\u00e4rten Grunds\u00e4tze eine solide Grundlage f\u00fcr die T\u00e4tigkeit des Unternehmens ist. Wir konzentrieren uns auf die Standardisierung, das 5S-System und die kontinuierliche Entwicklung der Mitarbeiter, indem wir ihr Engagement, ihr Bewusstsein und ihr Vertrauen in ihre Leistung st\u00e4rken.<\/p>\n<\/div>\n\n\n\n<div class=\"wp-block-column is-layout-flow wp-block-column-is-layout-flow\">\n<p><\/p>\n\n\n\n<p><\/p>\n\n\n\n<p><\/p>\n\n\n<div class=\"wp-block-image\">\n<figure class=\"aligncenter size-full is-resized\"><img loading=\"lazy\" decoding=\"async\" width=\"704\" height=\"720\" src=\"http:\/\/valvex.com\/wp-content\/uploads\/2022\/03\/AdobeStock_436332687.png\" alt=\"\" class=\"wp-image-171\" style=\"width:404px;height:413px\" srcset=\"https:\/\/valvex.com\/wp-content\/uploads\/2022\/03\/AdobeStock_436332687.png 704w, https:\/\/valvex.com\/wp-content\/uploads\/2022\/03\/AdobeStock_436332687-293x300.png 293w\" sizes=\"auto, (max-width: 704px) 100vw, 704px\" \/><\/figure>\n<\/div><\/div>\n<\/div>\n\n\n\n<div class=\"wp-block-columns is-layout-flex wp-container-core-columns-is-layout-9d6595d7 wp-block-columns-is-layout-flex\">\n<div class=\"wp-block-column is-layout-flow wp-block-column-is-layout-flow\">\n<figure class=\"wp-block-image size-large is-resized\"><img loading=\"lazy\" decoding=\"async\" width=\"39\" height=\"39\" src=\"http:\/\/valvex.com\/wp-content\/uploads\/2022\/07\/ciagle-doskonalenie-2.svg\" alt=\"\" class=\"wp-image-62968\" style=\"width:113px;height:113px\"\/><\/figure>\n\n\n\n<div style=\"height:30px\" aria-hidden=\"true\" class=\"wp-block-spacer\"><\/div>\n\n\n\n<h4 class=\"wp-block-heading\">Kontinuierliche Verbesserung<\/h4>\n\n\n\n<p>Wir glauben, dass das Wachstum des Unternehmens durch seine Mitarbeiter erm\u00f6glicht wird. Im Rahmen unserer Gesch\u00e4ftsstrategie haben wir das Kaizen-System eingef\u00fchrt, um jedes Mitglied unserer Gemeinschaft zum Handeln zu motivieren. Dank des Good Ideas Exchange suchen wir gemeinsam nach M\u00f6glichkeiten, alle Bereiche der Organisation zu verbessern.<\/p>\n<\/div>\n\n\n\n<div class=\"wp-block-column is-layout-flow wp-block-column-is-layout-flow\">\n<figure class=\"wp-block-image size-large is-resized\"><img loading=\"lazy\" decoding=\"async\" width=\"39\" height=\"39\" src=\"http:\/\/valvex.com\/wp-content\/uploads\/2022\/05\/technologia.svg\" alt=\"\" class=\"wp-image-61542\" style=\"width:113px;height:113px\"\/><\/figure>\n\n\n\n<div style=\"height:30px\" aria-hidden=\"true\" class=\"wp-block-spacer\"><\/div>\n\n\n\n<h4 class=\"wp-block-heading\">Moderner Maschinenpark<\/h4>\n\n\n\n<p>Die Herstellung eines modernen Produkts ist ohne den richtigen Maschinenpark und kompetente Mitarbeiter nicht m\u00f6glich. Seit 2016 f\u00fchren wir eine systematische und vollst\u00e4ndige Modernisierung unserer Produktionslinien durch. &nbsp;Wir verf\u00fcgen \u00fcber modernste Ausr\u00fcstungen wie CNC-Maschinen und eine PVD-Beschichtungsanlage, die eine hohe Abriebfestigkeit der Produkte garantiert.<\/p>\n\n\n\n<p>12 Produktionslinien erm\u00f6glichen uns eine maximale Produktionskapazit\u00e4t von 2,5 Millionen Sanit\u00e4r- und Installationsarmaturen pro Monat und damit kurze Bearbeitungszeiten f\u00fcr Bestellungen.<\/p>\n\n\n\n<p>Ein hoher Standardisierungsgrad erm\u00f6glicht eine Produktion nach hohen Sicherheitsstandards, was sich in positiven Arbeitsbedingungen niederschl\u00e4gt und eine Atmosph\u00e4re schafft, die der Entwicklung der Mitarbeiter f\u00f6rderlich ist.<\/p>\n<\/div>\n\n\n\n<div class=\"wp-block-column is-layout-flow wp-block-column-is-layout-flow\">\n<figure class=\"wp-block-image size-large is-resized\"><img loading=\"lazy\" decoding=\"async\" width=\"39\" height=\"39\" src=\"http:\/\/valvex.com\/wp-content\/uploads\/2022\/07\/jakosc-wbudowana.svg\" alt=\"\" class=\"wp-image-62969\" style=\"width:113px;height:113px\"\/><\/figure>\n\n\n\n<div style=\"height:30px\" aria-hidden=\"true\" class=\"wp-block-spacer\"><\/div>\n\n\n\n<h4 class=\"wp-block-heading\">Eingebaute Qualit\u00e4t<\/h4>\n\n\n\n<p>Wir handeln f\u00fcr unsere Kunden und denken dabei an die Umwelt. Unsere Ziele werden durch zwei ISO-Zertifizierungen best\u00e4tigt: 9001, die f\u00fcr qualitativ hochwertige Produkte vergeben wird, und 14001, die f\u00fcr vollst\u00e4ndig \u00f6kologische Technologien steht. Wir bleiben nicht stehen \u2013 wir entwickeln jeden Aspekt unseres Unternehmens weiter und k\u00fcmmern uns um die Gemeinschaft um uns herum.<\/p>\n<\/div>\n<\/div>\n\n\n\n<blockquote class=\"wp-block-quote has-text-align-center is-layout-flow wp-block-quote-is-layout-flow\">\n<p>Wir sind das einzige Unternehmen in Polen, das \u00fcber eine PVD-Beschichtungsanlage verf\u00fcgt, die unsere Produkte extrem haltbar und widerstandsf\u00e4hig gegen Besch\u00e4digungen macht.<\/p>\n<\/blockquote>\n\n\n\n<div class=\"wp-block-columns are-vertically-aligned-center is-layout-flex wp-container-core-columns-is-layout-9d6595d7 wp-block-columns-is-layout-flex\" id=\"ekologia\">\n<div class=\"wp-block-column is-vertically-aligned-center is-layout-flow wp-block-column-is-layout-flow\">\n<figure class=\"wp-block-image size-full\"><img loading=\"lazy\" decoding=\"async\" width=\"780\" height=\"712\" src=\"http:\/\/valvex.com\/wp-content\/uploads\/2022\/06\/ekologia-main-1.jpg\" alt=\"\" class=\"wp-image-62786\" srcset=\"https:\/\/valvex.com\/wp-content\/uploads\/2022\/06\/ekologia-main-1.jpg 780w, https:\/\/valvex.com\/wp-content\/uploads\/2022\/06\/ekologia-main-1-300x274.jpg 300w, https:\/\/valvex.com\/wp-content\/uploads\/2022\/06\/ekologia-main-1-768x701.jpg 768w\" sizes=\"auto, (max-width: 780px) 100vw, 780px\" \/><\/figure>\n<\/div>\n\n\n\n<div class=\"wp-block-column is-vertically-aligned-center is-layout-flow wp-block-column-is-layout-flow\">\n<p class=\"has-vivid-red-color has-text-color has-link-color wp-elements-ef5cd51ef8fbd93da65eafe19ebf4cd0\">\u00d6KOLOGIE<\/p>\n\n\n\n<h3 class=\"wp-block-heading\"><strong>Wir schaffen robuste und umweltfreundliche Produkte<\/strong><\/h3>\n\n\n\n<hr class=\"wp-block-separator has-css-opacity is-style-default\"\/>\n\n\n\n<p>Als Hersteller von Sanit\u00e4rarmaturen, die untrennbar mit der kostbarsten Ressource des Menschen, dem Wasser, verbunden sind, haben wir eine besondere Verpflichtung gegen\u00fcber der uns umgebenden Natur. Produkte mit unserem Logo sind daher umweltfreundlich.<\/p>\n\n\n\n<p>Unter Umweltschutz verstehen wir Wasser- und Bodenschutz, Luftreinhaltung und Abfallwirtschaft.<\/p>\n\n\n\n<p>Unser Unternehmen ist nicht nur in diesem Bereich reguliert und verf\u00fcgt \u00fcber die entsprechenden Genehmigungen, sondern investiert auch st\u00e4ndig in umweltfreundliche L\u00f6sungen.<\/p>\n\n\n\n<p>Wir ver\u00e4ndern uns mit der Realit\u00e4t. Wir passen unsere Art, R\u00e4ume zu heizen und nicht erneuerbare Ressourcen zu nutzen, so an, dass unsere Pr\u00e4senz keine negativen Auswirkungen auf die Umwelt hat.<\/p>\n\n\n\n<p>Wir unterst\u00fctzen Sie auch dabei, umweltfreundliche Entscheidungen zu treffen. Unsere Entw\u00fcrfe tragen zu wassersparenden Prozessen bei, ohne dabei auf attraktives Design und erschwingliche Preise zu verzichten.<\/p>\n\n\n\n<p>In einer landesweiten Umfrage \u00fcber die Beliebtheit von Produkten und Dienstleistungen bei Verbrauchern wurde Valvex S.A. mit dem Goldenen Kundenlorbeeren 2021 (Z\u0142oty Laur Klienta 2021) in der Kategorie: \u201e\u00d6kologische Strategien in Wirtschaft und Industrie\u201c ausgezeichnet Wir danken Ihnen f\u00fcr Ihr Vertrauen und versprechen, auch in Zukunft auf Ihre Bed\u00fcrfnisse einzugehen.<\/p>\n<\/div>\n<\/div>\n\n\n\n<div class=\"wp-block-columns is-layout-flex wp-container-core-columns-is-layout-9d6595d7 wp-block-columns-is-layout-flex\">\n<div class=\"wp-block-column is-layout-flow wp-block-column-is-layout-flow\">\n<figure class=\"wp-block-image size-large is-resized\"><img loading=\"lazy\" decoding=\"async\" width=\"39\" height=\"39\" src=\"http:\/\/valvex.com\/wp-content\/uploads\/2022\/07\/produkty-ekologiczne.svg\" alt=\"\" class=\"wp-image-62971\" style=\"width:113px;height:113px\"\/><\/figure>\n\n\n\n<div style=\"height:30px\" aria-hidden=\"true\" class=\"wp-block-spacer\"><\/div>\n\n\n\n<h4 class=\"wp-block-heading\">Umweltfreundliches Angebot<\/h4>\n\n\n\n<p>Ihre \u00f6kologischen Entscheidungen motivieren uns zum Handeln. Wir erfinden die Projekte neu und stellen den Planeten an die erste Stelle. Unsere Armaturen sind mit Luftsprudlern ausgestattet, die den Wasserverbrauch um bis zu 50 % senken, und dank der Feinregulierung haben die Benutzer die volle Kontrolle \u00fcber den Wasserfluss.<\/p>\n<\/div>\n\n\n\n<div class=\"wp-block-column is-layout-flow wp-block-column-is-layout-flow\">\n<figure class=\"wp-block-image size-large is-resized\"><img loading=\"lazy\" decoding=\"async\" width=\"39\" height=\"39\" src=\"http:\/\/valvex.com\/wp-content\/uploads\/2022\/07\/szczelnosc.svg\" alt=\"\" class=\"wp-image-62972\" style=\"width:113px;height:113px\"\/><\/figure>\n\n\n\n<div style=\"height:30px\" aria-hidden=\"true\" class=\"wp-block-spacer\"><\/div>\n\n\n\n<h4 class=\"wp-block-heading\">Produkte mit gepr\u00fcfter Dichtheit<\/h4>\n\n\n\n<p>Auf der Ebene der Sanit\u00e4rarmaturen k\u00fcmmert sich Valvex um die Umwelt, indem es robuste, dichte Ventile herstellt. Die Beseitigung von Leckagen im System f\u00fchrt zu einer erheblichen Einsparung beim Wasserverbrauch. Wenn statt des Wassers eine andere Fl\u00fcssigkeit durch die Rohre flie\u00dft, sch\u00fctzen wir die Umwelt vor Verunreinigungen.<\/p>\n<\/div>\n<\/div>\n\n\n\n<div class=\"wp-block-columns is-layout-flex wp-container-core-columns-is-layout-9d6595d7 wp-block-columns-is-layout-flex\">\n<div class=\"wp-block-column is-layout-flow wp-block-column-is-layout-flow\">\n<figure class=\"wp-block-image size-large is-resized\"><img loading=\"lazy\" decoding=\"async\" width=\"39\" height=\"39\" src=\"http:\/\/valvex.com\/wp-content\/uploads\/2022\/05\/ekologia.svg\" alt=\"\" class=\"wp-image-61543\" style=\"width:113px;height:113px\"\/><\/figure>\n\n\n\n<div style=\"height:30px\" aria-hidden=\"true\" class=\"wp-block-spacer\"><\/div>\n\n\n\n<h4 class=\"wp-block-heading\">Wir reduzieren die Umweltauswirkungen der Produktion<\/h4>\n\n\n\n<p>Wir setzen alles daran, dass die in unserer Fabrik verwendete Technologie der Natur nicht schadet. <\/p>\n\n\n\n<p>Zu diesem Zweck haben wir ein Umweltmanagementsystem eingef\u00fchrt, und unsere Methoden entsprechen der internationalen ISO 14001 Norm, deren Verfahren wir im November 2009 zertifiziert haben.<\/p>\n<\/div>\n\n\n\n<div class=\"wp-block-column is-layout-flow wp-block-column-is-layout-flow\">\n<figure class=\"wp-block-image size-large is-resized\"><img decoding=\"async\" src=\"http:\/\/valvex.com\/wp-content\/uploads\/2022\/07\/mniej-marnotrawstwa.svg\" alt=\"\" style=\"width:113px;height:113px\"\/><\/figure>\n\n\n\n<div style=\"height:30px\" aria-hidden=\"true\" class=\"wp-block-spacer\"><\/div>\n\n\n\n<h4 class=\"wp-block-heading\">Weniger Verschwendung<\/h4>\n\n\n\n<p>Ein umfassendes System der Produktionsorganisation reduziert den Verbrauch von Roh- und Hilfsstoffen auf ein Minimum, w\u00e4hrend die Qualit\u00e4tskontrolle daf\u00fcr sorgt, dass keine unvollst\u00e4ndigen Produkte hergestellt werden. Dadurch wird weniger Energie verbraucht und weniger Abfall in die Umwelt eingebracht.<\/p>\n<\/div>\n<\/div>\n\n\n\n<blockquote class=\"wp-block-quote has-text-align-center is-layout-flow wp-block-quote-is-layout-flow\">\n<p>Dank ISO 14001 sch\u00fctzen wir die Umwelt.<\/p>\n<\/blockquote>\n\n\n\n<div class=\"wp-block-columns are-vertically-aligned-center is-layout-flex wp-container-core-columns-is-layout-9d6595d7 wp-block-columns-is-layout-flex\" id=\"design\">\n<div class=\"wp-block-column is-vertically-aligned-center is-layout-flow wp-block-column-is-layout-flow\">\n<p><span style=\"color:#cf2e2e\" class=\"tadv-color\">DESIGN<\/span><\/p>\n\n\n\n<h3 class=\"wp-block-heading\"><strong>Wasserh\u00e4hne, die f\u00fcr ihre Ergonomie und ihr originelles Design bekannt sind<\/strong><\/h3>\n\n\n\n<hr class=\"wp-block-separator has-css-opacity is-style-default\"\/>\n\n\n\n<p>Die Designer von Valvex sind ein Team von au\u00dfergew\u00f6hnlich ehrgeizigen Menschen, die durch Erfahrung und Leidenschaft f\u00fcr die Gestaltung zusammengebracht wurden.<\/p>\n\n\n\n<p>Die Mitglieder des Teams sind wahre K\u00fcnstler mit einem rationalen Designansatz, der daf\u00fcr sorgt, dass unser Sortiment Armaturen umfasst, die sich perfekt in jedes Interieur einf\u00fcgen. Das Ergebnis der Arbeit des professionellen Teams sind funktionelle Armaturen, die f\u00fcr ihre Ergonomie und ihr originelles Design bekannt sind. Unsere Designer haben drei einzigartige Produktlinien entworfen: Glamour, Sublime und Life. Jede von ihnen enth\u00e4lt mehrere Serien von K\u00fcchen-, Waschtisch-, Badewannen-, Dusch- und Bidetarmaturen. All dies, um auch die anspruchsvollsten Kenner von K\u00fcchen- und Badezimmereinrichtungen zufrieden zu stellen.<\/p>\n\n\n\n<p>Unsere Produkte wurden mit einer Reihe renommierter Preise ausgezeichnet, darunter:<\/p>\n\n\n\n<ul class=\"wp-block-list\">\n<li>Auszeichnung Design dla Konesera 2016 (Design f\u00fcr Koneser) f\u00fcr das Unterputz-Set Carr\u00e9<\/li>\n\n\n\n<li>Auszeichnung Design dla Konesera 2016 (Design f\u00fcr Koneser) f\u00fcr das Unterputz-Set Aurora Rose Gold<\/li>\n\n\n\n<li>Nummer 1 unter den Kugelhahnherstellern \u2013 KERALLA RESEARCH Forschungsinstitut im ersten Quartal 2017<\/li>\n\n\n\n<li>Qualit\u00e4tsf\u00fchrer f\u00fcr Verbraucher 2018<\/li>\n\n\n\n<li>Auszeichnung Design dla Konesera 2018 (Design f\u00fcr Koneser) f\u00fcr das Unterputz-Set Aurora Rose Gold<\/li>\n\n\n\n<li>Finalist des Wettbewerbs Dobry Wz\u00f3r 2018 \u2013 QUASAR K\u00fcchenarmatur mit Luftsprudler MIKADO<\/li>\n\n\n\n<li>Nominierung f\u00fcr den Titel \u201eDeb\u00fct des Jahres\u201c \u2013 Mischset mit Dreiwegeventil CONTROLMIX und Stellantrieb V-MIX ST 10\/230 \u2013 OSFIS-Umfrage, Ausgabe 2019<\/li>\n\n\n\n<li>Nominierung f\u00fcr den Titel \u201eProdukt des Jahres\u201c \u2013 Gaskugelhahn ORION \u2013 OSFIS-Umfrage, Ausgabe 2019<\/li>\n<\/ul>\n<\/div>\n\n\n\n<div class=\"wp-block-column is-vertically-aligned-center is-layout-flow wp-block-column-is-layout-flow\">\n<figure class=\"wp-block-image size-large\"><img loading=\"lazy\" decoding=\"async\" width=\"1024\" height=\"966\" src=\"http:\/\/valvex.com\/wp-content\/uploads\/2022\/06\/Podest_aranzacje-V_BlackChrom-1024x966.png\" alt=\"\" class=\"wp-image-62896\" srcset=\"https:\/\/valvex.com\/wp-content\/uploads\/2022\/06\/Podest_aranzacje-V_BlackChrom-1024x966.png 1024w, https:\/\/valvex.com\/wp-content\/uploads\/2022\/06\/Podest_aranzacje-V_BlackChrom-300x283.png 300w, https:\/\/valvex.com\/wp-content\/uploads\/2022\/06\/Podest_aranzacje-V_BlackChrom-768x725.png 768w, https:\/\/valvex.com\/wp-content\/uploads\/2022\/06\/Podest_aranzacje-V_BlackChrom-1536x1449.png 1536w, https:\/\/valvex.com\/wp-content\/uploads\/2022\/06\/Podest_aranzacje-V_BlackChrom-2048x1932.png 2048w\" sizes=\"auto, (max-width: 1024px) 100vw, 1024px\" \/><\/figure>\n<\/div>\n<\/div>\n\n\n\n<blockquote class=\"wp-block-quote has-text-align-center is-layout-flow wp-block-quote-is-layout-flow\">\n<p>Unsere Produkte verbinden eine einfache Handhabung mit einem modernen Design.<\/p>\n\n\n\n<p><\/p>\n<\/blockquote>\n\n\n\n<p><\/p>\n","protected":false},"excerpt":{"rendered":"<p>TECHNOLOGIE Fertigung mit Blick auf die Zukunft Bei der Herstellung von Sanit\u00e4rarmaturen orientieren wir uns am Kundenwohl. Durch strenge Qualit\u00e4tskontrollen und den Einsatz modernster Technologie wollen wir Produkte von h\u00f6chster Qualit\u00e4t herstellen. Solcher, die so lange wie m\u00f6glich bei Ihnen bleiben und ihre Aufgabe in nahezu perfekter Weise erf\u00fcllen. Wir handeln auf sozial verantwortliche Weise. [&hellip;]<\/p>\n","protected":false},"author":12,"featured_media":73334,"parent":67823,"menu_order":158,"comment_status":"closed","ping_status":"closed","template":"page-with-map.php","meta":{"_acf_changed":false,"footnotes":""},"class_list":["post-67842","page","type-page","status-publish","has-post-thumbnail","hentry"],"acf":[],"yoast_head":"<!-- This site is optimized with the Yoast SEO plugin v27.3 - https:\/\/yoast.com\/product\/yoast-seo-wordpress\/ -->\n<title>Markens\u00e4ulen - Valvex<\/title>\n<meta name=\"robots\" content=\"index, follow, max-snippet:-1, max-image-preview:large, max-video-preview:-1\" \/>\n<link rel=\"canonical\" href=\"https:\/\/valvex.com\/de\/ueber-uns\/markensaeulen\/\" \/>\n<meta property=\"og:locale\" content=\"de_DE\" \/>\n<meta property=\"og:type\" content=\"article\" \/>\n<meta property=\"og:title\" content=\"Markens\u00e4ulen - Valvex\" \/>\n<meta property=\"og:description\" content=\"TECHNOLOGIE Fertigung mit Blick auf die Zukunft Bei der Herstellung von Sanit\u00e4rarmaturen orientieren wir uns am Kundenwohl. Durch strenge Qualit\u00e4tskontrollen und den Einsatz modernster Technologie wollen wir Produkte von h\u00f6chster Qualit\u00e4t herstellen. Solcher, die so lange wie m\u00f6glich bei Ihnen bleiben und ihre Aufgabe in nahezu perfekter Weise erf\u00fcllen. Wir handeln auf sozial verantwortliche Weise. [&hellip;]\" \/>\n<meta property=\"og:url\" content=\"https:\/\/valvex.com\/de\/ueber-uns\/markensaeulen\/\" \/>\n<meta property=\"og:site_name\" content=\"Valvex\" \/>\n<meta property=\"article:modified_time\" content=\"2024-04-19T06:18:34+00:00\" \/>\n<meta property=\"og:image\" content=\"https:\/\/valvex.com\/wp-content\/uploads\/2024\/07\/Header_Filary-marki.png\" \/>\n\t<meta property=\"og:image:width\" content=\"2400\" \/>\n\t<meta property=\"og:image:height\" content=\"384\" \/>\n\t<meta property=\"og:image:type\" content=\"image\/png\" \/>\n<meta name=\"twitter:card\" content=\"summary_large_image\" \/>\n<meta name=\"twitter:label1\" content=\"Gesch\u00e4tzte Lesezeit\" \/>\n\t<meta name=\"twitter:data1\" content=\"9 Minuten\" \/>\n<script type=\"application\/ld+json\" class=\"yoast-schema-graph\">{\"@context\":\"https:\\\/\\\/schema.org\",\"@graph\":[{\"@type\":\"WebPage\",\"@id\":\"https:\\\/\\\/valvex.com\\\/de\\\/ueber-uns\\\/markensaeulen\\\/\",\"url\":\"https:\\\/\\\/valvex.com\\\/de\\\/ueber-uns\\\/markensaeulen\\\/\",\"name\":\"Markens\u00e4ulen - Valvex\",\"isPartOf\":{\"@id\":\"https:\\\/\\\/valvex.com\\\/de\\\/#website\"},\"primaryImageOfPage\":{\"@id\":\"https:\\\/\\\/valvex.com\\\/de\\\/ueber-uns\\\/markensaeulen\\\/#primaryimage\"},\"image\":{\"@id\":\"https:\\\/\\\/valvex.com\\\/de\\\/ueber-uns\\\/markensaeulen\\\/#primaryimage\"},\"thumbnailUrl\":\"https:\\\/\\\/valvex.com\\\/wp-content\\\/uploads\\\/2024\\\/07\\\/Header_Filary-marki.png\",\"datePublished\":\"2022-01-03T11:46:10+00:00\",\"dateModified\":\"2024-04-19T06:18:34+00:00\",\"breadcrumb\":{\"@id\":\"https:\\\/\\\/valvex.com\\\/de\\\/ueber-uns\\\/markensaeulen\\\/#breadcrumb\"},\"inLanguage\":\"de\",\"potentialAction\":[{\"@type\":\"ReadAction\",\"target\":[\"https:\\\/\\\/valvex.com\\\/de\\\/ueber-uns\\\/markensaeulen\\\/\"]}]},{\"@type\":\"ImageObject\",\"inLanguage\":\"de\",\"@id\":\"https:\\\/\\\/valvex.com\\\/de\\\/ueber-uns\\\/markensaeulen\\\/#primaryimage\",\"url\":\"https:\\\/\\\/valvex.com\\\/wp-content\\\/uploads\\\/2024\\\/07\\\/Header_Filary-marki.png\",\"contentUrl\":\"https:\\\/\\\/valvex.com\\\/wp-content\\\/uploads\\\/2024\\\/07\\\/Header_Filary-marki.png\",\"width\":2400,\"height\":384},{\"@type\":\"BreadcrumbList\",\"@id\":\"https:\\\/\\\/valvex.com\\\/de\\\/ueber-uns\\\/markensaeulen\\\/#breadcrumb\",\"itemListElement\":[{\"@type\":\"ListItem\",\"position\":1,\"name\":\"Strona g\u0142\u00f3wna\",\"item\":\"https:\\\/\\\/valvex.com\\\/de\\\/\"},{\"@type\":\"ListItem\",\"position\":2,\"name\":\"\u00dcber uns\",\"item\":\"https:\\\/\\\/valvex.com\\\/de\\\/o-nas\\\/\"},{\"@type\":\"ListItem\",\"position\":3,\"name\":\"Markens\u00e4ulen\"}]},{\"@type\":\"WebSite\",\"@id\":\"https:\\\/\\\/valvex.com\\\/de\\\/#website\",\"url\":\"https:\\\/\\\/valvex.com\\\/de\\\/\",\"name\":\"Valvex\",\"description\":\"Hersteller von Sanit\u00e4ranlagen und Armaturen\\n\\n\",\"potentialAction\":[{\"@type\":\"SearchAction\",\"target\":{\"@type\":\"EntryPoint\",\"urlTemplate\":\"https:\\\/\\\/valvex.com\\\/de\\\/?s={search_term_string}\"},\"query-input\":{\"@type\":\"PropertyValueSpecification\",\"valueRequired\":true,\"valueName\":\"search_term_string\"}}],\"inLanguage\":\"de\"}]}<\/script>\n<!-- \/ Yoast SEO plugin. -->","yoast_head_json":{"title":"Markens\u00e4ulen - Valvex","robots":{"index":"index","follow":"follow","max-snippet":"max-snippet:-1","max-image-preview":"max-image-preview:large","max-video-preview":"max-video-preview:-1"},"canonical":"https:\/\/valvex.com\/de\/ueber-uns\/markensaeulen\/","og_locale":"de_DE","og_type":"article","og_title":"Markens\u00e4ulen - Valvex","og_description":"TECHNOLOGIE Fertigung mit Blick auf die Zukunft Bei der Herstellung von Sanit\u00e4rarmaturen orientieren wir uns am Kundenwohl. Durch strenge Qualit\u00e4tskontrollen und den Einsatz modernster Technologie wollen wir Produkte von h\u00f6chster Qualit\u00e4t herstellen. Solcher, die so lange wie m\u00f6glich bei Ihnen bleiben und ihre Aufgabe in nahezu perfekter Weise erf\u00fcllen. Wir handeln auf sozial verantwortliche Weise. [&hellip;]","og_url":"https:\/\/valvex.com\/de\/ueber-uns\/markensaeulen\/","og_site_name":"Valvex","article_modified_time":"2024-04-19T06:18:34+00:00","og_image":[{"width":2400,"height":384,"url":"https:\/\/valvex.com\/wp-content\/uploads\/2024\/07\/Header_Filary-marki.png","type":"image\/png"}],"twitter_card":"summary_large_image","twitter_misc":{"Gesch\u00e4tzte Lesezeit":"9 Minuten"},"schema":{"@context":"https:\/\/schema.org","@graph":[{"@type":"WebPage","@id":"https:\/\/valvex.com\/de\/ueber-uns\/markensaeulen\/","url":"https:\/\/valvex.com\/de\/ueber-uns\/markensaeulen\/","name":"Markens\u00e4ulen - Valvex","isPartOf":{"@id":"https:\/\/valvex.com\/de\/#website"},"primaryImageOfPage":{"@id":"https:\/\/valvex.com\/de\/ueber-uns\/markensaeulen\/#primaryimage"},"image":{"@id":"https:\/\/valvex.com\/de\/ueber-uns\/markensaeulen\/#primaryimage"},"thumbnailUrl":"https:\/\/valvex.com\/wp-content\/uploads\/2024\/07\/Header_Filary-marki.png","datePublished":"2022-01-03T11:46:10+00:00","dateModified":"2024-04-19T06:18:34+00:00","breadcrumb":{"@id":"https:\/\/valvex.com\/de\/ueber-uns\/markensaeulen\/#breadcrumb"},"inLanguage":"de","potentialAction":[{"@type":"ReadAction","target":["https:\/\/valvex.com\/de\/ueber-uns\/markensaeulen\/"]}]},{"@type":"ImageObject","inLanguage":"de","@id":"https:\/\/valvex.com\/de\/ueber-uns\/markensaeulen\/#primaryimage","url":"https:\/\/valvex.com\/wp-content\/uploads\/2024\/07\/Header_Filary-marki.png","contentUrl":"https:\/\/valvex.com\/wp-content\/uploads\/2024\/07\/Header_Filary-marki.png","width":2400,"height":384},{"@type":"BreadcrumbList","@id":"https:\/\/valvex.com\/de\/ueber-uns\/markensaeulen\/#breadcrumb","itemListElement":[{"@type":"ListItem","position":1,"name":"Strona g\u0142\u00f3wna","item":"https:\/\/valvex.com\/de\/"},{"@type":"ListItem","position":2,"name":"\u00dcber uns","item":"https:\/\/valvex.com\/de\/o-nas\/"},{"@type":"ListItem","position":3,"name":"Markens\u00e4ulen"}]},{"@type":"WebSite","@id":"https:\/\/valvex.com\/de\/#website","url":"https:\/\/valvex.com\/de\/","name":"Valvex","description":"Hersteller von Sanit\u00e4ranlagen und Armaturen\n\n","potentialAction":[{"@type":"SearchAction","target":{"@type":"EntryPoint","urlTemplate":"https:\/\/valvex.com\/de\/?s={search_term_string}"},"query-input":{"@type":"PropertyValueSpecification","valueRequired":true,"valueName":"search_term_string"}}],"inLanguage":"de"}]}},"_links":{"self":[{"href":"https:\/\/valvex.com\/de\/wp-json\/wp\/v2\/pages\/67842","targetHints":{"allow":["GET"]}}],"collection":[{"href":"https:\/\/valvex.com\/de\/wp-json\/wp\/v2\/pages"}],"about":[{"href":"https:\/\/valvex.com\/de\/wp-json\/wp\/v2\/types\/page"}],"author":[{"embeddable":true,"href":"https:\/\/valvex.com\/de\/wp-json\/wp\/v2\/users\/12"}],"replies":[{"embeddable":true,"href":"https:\/\/valvex.com\/de\/wp-json\/wp\/v2\/comments?post=67842"}],"version-history":[{"count":2,"href":"https:\/\/valvex.com\/de\/wp-json\/wp\/v2\/pages\/67842\/revisions"}],"predecessor-version":[{"id":71486,"href":"https:\/\/valvex.com\/de\/wp-json\/wp\/v2\/pages\/67842\/revisions\/71486"}],"up":[{"embeddable":true,"href":"https:\/\/valvex.com\/de\/wp-json\/wp\/v2\/pages\/67823"}],"wp:featuredmedia":[{"embeddable":true,"href":"https:\/\/valvex.com\/de\/wp-json\/wp\/v2\/media\/73334"}],"wp:attachment":[{"href":"https:\/\/valvex.com\/de\/wp-json\/wp\/v2\/media?parent=67842"}],"curies":[{"name":"wp","href":"https:\/\/api.w.org\/{rel}","templated":true}]}}