{"id":67823,"date":"2023-07-21T14:20:21","date_gmt":"2023-07-21T12:20:21","guid":{"rendered":"http:\/\/valvex.com\/o-nas\/"},"modified":"2024-04-19T08:10:48","modified_gmt":"2024-04-19T06:10:48","slug":"ueber-uns","status":"publish","type":"page","link":"https:\/\/valvex.com\/de\/ueber-uns\/","title":{"rendered":"\u00dcber uns"},"content":{"rendered":"\n<div class=\"wp-block-columns my-16 is-layout-flex wp-container-core-columns-is-layout-9d6595d7 wp-block-columns-is-layout-flex\">\n<div class=\"wp-block-column is-layout-flow wp-block-column-is-layout-flow\" style=\"flex-basis:33.33%\">\n<ul class=\"mb-16 side-menu\"><li><a href=\"https:\/\/valvex.com\/de\/ueber-uns\/markensaeulen\/\" class=\"block py-4 border-b border-gray-200 font-bold hover:underline\">Markens\u00e4ulen<\/a><li><a href=\"https:\/\/valvex.com\/de\/ueber-uns\/fuer-aktionaere\/\" class=\"block py-4 border-b border-gray-200 font-bold hover:underline\">F\u00fcr Aktion\u00e4re<\/a><li><a href=\"https:\/\/valvex.com\/de\/ueber-uns\/b2b-dienstleistungen\/\" class=\"block py-4 border-b border-gray-200 font-bold hover:underline\">B2B-Dienstleistungen<\/a><li><a href=\"https:\/\/valvex.com\/de\/ueber-uns\/service\/\" class=\"block py-4 border-b border-gray-200 font-bold hover:underline\">Service<\/a><li><a href=\"https:\/\/valvex.com\/de\/ueber-uns\/karriere\/\" class=\"block py-4 border-b border-gray-200 font-bold hover:underline\">Karriere<\/a><\/ul>\n<\/div>\n\n\n\n<div class=\"wp-block-column is-layout-flow wp-block-column-is-layout-flow\" style=\"flex-basis:66.66%\">\n<h3 class=\"wp-block-heading\">Marke Valvex<\/h3>\n\n\n\n<p>Valvex S.A. ist ein Name, der seit langem mit Zuverl\u00e4ssigkeit, kreativen Designs und modernster Technologie in Verbindung gebracht wird. Seit 1922 bauen wir unsere Erfahrung und unser Wissen \u2013 eine wesentliche Voraussetzung, um h\u00f6chste Qualit\u00e4t zu erreichen und mit den Anforderungen der Branche Schritt zu halten. Dank unserer st\u00e4ndigen Pr\u00e4senz auf dem Markt wird unsere Marke in den L\u00e4ndern der Europ\u00e4ischen Union, in Nord- und S\u00fcdamerika und im Nahen Osten bekannt und gesch\u00e4tzt.<\/p>\n\n\n\n<p>Wir sind ein polnischer Hersteller von Sanit\u00e4rarmaturen und Marktf\u00fchrer im Bereich der Kugelh\u00e4hne. Wir produzieren mehrere tausend Sortimentsartikel. Dazu geh\u00f6ren unter anderem Bad- und K\u00fcchenarmaturen, Armaturen f\u00fcr Wasserinstallationen, Armaturen f\u00fcr Gasinstallationen, Zentralheizungsinstallationssysteme und eine breite Palette von Armaturen oder Anschlussschl\u00e4uchen.<\/p>\n\n\n\n<p>Valvex steht f\u00fcr \u201cPower of Quality\u201c und bedeutet, dass wir uns auf hochwertige Komponenten, einzigartige Designl\u00f6sungen und strenge Qualit\u00e4tstests verlassen, bevor wir unsere Produkte auf den Markt bringen. Unser hochmoderner Technologiepark erm\u00f6glicht es uns, ma\u00dfgeschneiderte Produkte f\u00fcr die fortschrittlichsten Bauprojekte zu entwickeln, und unser innovativer Ansatz wird den Bed\u00fcrfnissen jedes Endkunden gerecht.<\/p>\n\n\n\n<p>Valvex steht f\u00fcr Vielfalt \u2013 modernes Design, umweltfreundliche L\u00f6sungen, Funktionalit\u00e4t f\u00fcr viele Jahre und lokale Produktion. Sie k\u00f6nnen uns vertrauen.<\/p>\n<\/div>\n<\/div>\n\n\n\n<div class=\"wp-block-columns are-vertically-aligned-center mt-24 is-layout-flex wp-container-core-columns-is-layout-9d6595d7 wp-block-columns-is-layout-flex\">\n<div class=\"wp-block-column is-vertically-aligned-center p-8 is-layout-flow wp-block-column-is-layout-flow\">\n<h3 class=\"wp-block-heading\"><strong>Leidenschaft ist der Schl\u00fcssel zur Qualit\u00e4t<\/strong><\/h3>\n\n\n\n<p>Wir verwenden neueste Technologie, um unsere Produkte un\u00fcbertroffen zu machen.<\/p>\n\n\n\n<p>Seit 1970 stellen wir in unserem Werk in Jordan\u00f3w, in der Woiwodschaft Kleinpolen, Waren vor Ort her. Eine Niederlassung, die mit modernsten Produktionslinien, computergest\u00fctzten Design-Workstations und spezialisierter Software ausgestattet ist, erm\u00f6glicht es uns, immer hochwertigere und interessantere Designs zu produzieren.<\/p>\n\n\n\n<p>Unser Team besteht aus erfahrenen Ingenieuren, kreativen Designern und Spezialisten, die das Potenzial der Branche jeden Tag aufs Neue erkennen. Ihr Wissen und ihre Erfahrung garantieren nicht nur die Zufriedenheit mit dem gekauften Produkt, sondern auch mit allen Aspekten des Umgangs mit der Marke \u2013 von der Schulung \u00fcber den Kontakt mit dem Kundendienst bis hin zu m\u00f6glichen Beschwerdeverfahren. Valvex besteht aus Menschen, die offen f\u00fcr Entwicklung sind und zusammenarbeiten, um die Vision eines modernen und soliden Unternehmens zu verwirklichen.<\/p>\n<\/div>\n\n\n\n<div class=\"wp-block-column is-vertically-aligned-center is-layout-flow wp-block-column-is-layout-flow\">\n<figure class=\"wp-block-image size-full\"><img loading=\"lazy\" decoding=\"async\" width=\"512\" height=\"524\" src=\"http:\/\/valvex.com\/wp-content\/uploads\/2022\/08\/Pasja-kluczem-do-jakosci.png\" alt=\"\" class=\"wp-image-63267\" srcset=\"https:\/\/valvex.com\/wp-content\/uploads\/2022\/08\/Pasja-kluczem-do-jakosci.png 512w, https:\/\/valvex.com\/wp-content\/uploads\/2022\/08\/Pasja-kluczem-do-jakosci-293x300.png 293w\" sizes=\"auto, (max-width: 512px) 100vw, 512px\" \/><\/figure>\n<\/div>\n<\/div>\n\n\n\n<div class=\"wp-block-columns mt-8 is-layout-flex wp-container-core-columns-is-layout-9d6595d7 wp-block-columns-is-layout-flex\">\n<div class=\"wp-block-column is-layout-flow wp-block-column-is-layout-flow\">\n<figure class=\"wp-block-image size-large\"><img loading=\"lazy\" decoding=\"async\" width=\"809\" height=\"1024\" src=\"http:\/\/valvex.com\/wp-content\/uploads\/2022\/06\/IMG_0772-809x1024.png\" alt=\"\" class=\"wp-image-62879\" srcset=\"https:\/\/valvex.com\/wp-content\/uploads\/2022\/06\/IMG_0772-809x1024.png 809w, https:\/\/valvex.com\/wp-content\/uploads\/2022\/06\/IMG_0772-237x300.png 237w, https:\/\/valvex.com\/wp-content\/uploads\/2022\/06\/IMG_0772-768x972.png 768w, https:\/\/valvex.com\/wp-content\/uploads\/2022\/06\/IMG_0772-1214x1536.png 1214w, https:\/\/valvex.com\/wp-content\/uploads\/2022\/06\/IMG_0772.png 1498w\" sizes=\"auto, (max-width: 809px) 100vw, 809px\" \/><\/figure>\n<\/div>\n\n\n\n<div class=\"wp-block-column mt-8 p-8 is-layout-flow wp-block-column-is-layout-flow\">\n<h3 class=\"wp-block-heading\"><strong>Geschichte des Unternehmens<\/strong><\/h3>\n\n\n\n<p>Die Geschichte der Marke beginnt im Jahr 1922 mit der Er\u00f6ffnung der ersten Armaturenfabrik in Polen.<\/p>\n\n\n\n<p>Das Unternehmen bleibt \u2013 trotz der ung\u00fcnstigen Bedingungen der Nachkriegszeit \u2013 auf dem Markt erhalten und setzt sich ehrgeizige Ziele. Die Entwicklung und Modernisierung der Produktion, die Schaffung von Produkten, die den aktuellen Bed\u00fcrfnissen entsprechen, oder das Setzen von Trends bei der Gestaltung von Waren \u2013 all dies sind Grunds\u00e4tze, die die Grundlage f\u00fcr die Mission des Unternehmens bildeten und auch heute noch bilden.<\/p>\n\n\n\n<p>Ein Meilenstein in der Geschichte des Unternehmens war 1970 die Er\u00f6ffnung der Produktionsst\u00e4tte in Jordan\u00f3w, die noch heute in Betrieb ist. Schon in den ersten Betriebsjahren konnte sie sich r\u00fchmen, die h\u00f6chsten Standards in Bezug auf Ausr\u00fcstung, Arbeitsorganisation und Produktionsabwicklung zu erf\u00fcllen, die auch in den folgenden Jahren beibehalten werden sollten. Dies erm\u00f6glicht es dem Unternehmen, seine Wettbewerbsposition unter den sich \u00e4ndernden Bedingungen der polnischen Marktwirtschaft zu behaupten.<\/p>\n\n\n\n<p>Im Laufe des Unternehmens wird eine Marke aufgebaut, die f\u00fcr die lokale Produktion bekannt ist, wodurch der Familienmarkt an Popularit\u00e4t gewinnt. Unsere Priorit\u00e4t ist es, die Erwartungen unserer Kunden zu erf\u00fcllen \u2013 umso mehr, wenn dies bedeutet, innovative Initiativen zu entwickeln. Wir sind die ersten, die Kugelh\u00e4hne unserer eigenen Konstruktion auf dem polnischen Markt einf\u00fchren. Seit der Gewinnung eines Investors im Jahr 1994 treten wir als Valvex S.A. auf. Wir werden Partner der US-amerikanischen Meridian International Group mit Sitz in Milwaukee, Wisconsin, USA, die fast eintausend Mitarbeiter in Produktionsst\u00e4tten und Vertriebsb\u00fcros in den USA und Europa besch\u00e4ftigt. Derzeit investieren wir in Technologie und Designeinrichtungen. Wir besitzen das renommierte ISO 9001-Zertifikat und das so genannte Umweltzertifikat ISO 14001, das beweist, dass wir umweltschonend produzieren. Wir wollen den Bed\u00fcrfnissen unserer Kunden zuh\u00f6ren und so gut wie m\u00f6glich auf sie eingehen. Unver\u00e4nderlich.<\/p>\n<\/div>\n<\/div>\n","protected":false},"excerpt":{"rendered":"<p>Marke Valvex Valvex S.A. ist ein Name, der seit langem mit Zuverl\u00e4ssigkeit, kreativen Designs und modernster Technologie in Verbindung gebracht wird. Seit 1922 bauen wir unsere Erfahrung und unser Wissen \u2013 eine wesentliche Voraussetzung, um h\u00f6chste Qualit\u00e4t zu erreichen und mit den Anforderungen der Branche Schritt zu halten. Dank unserer st\u00e4ndigen Pr\u00e4senz auf dem Markt [&hellip;]<\/p>\n","protected":false},"author":12,"featured_media":73342,"parent":0,"menu_order":150,"comment_status":"closed","ping_status":"closed","template":"","meta":{"_acf_changed":false,"footnotes":""},"class_list":["post-67823","page","type-page","status-publish","has-post-thumbnail","hentry"],"acf":[],"yoast_head":"<!-- This site is optimized with the Yoast SEO plugin v27.3 - https:\/\/yoast.com\/product\/yoast-seo-wordpress\/ -->\n<title>\u00dcber uns - Valvex<\/title>\n<meta name=\"robots\" content=\"index, follow, max-snippet:-1, max-image-preview:large, max-video-preview:-1\" \/>\n<link rel=\"canonical\" href=\"https:\/\/valvex.com\/de\/ueber-uns\/\" \/>\n<meta property=\"og:locale\" content=\"de_DE\" \/>\n<meta property=\"og:type\" content=\"article\" \/>\n<meta property=\"og:title\" content=\"\u00dcber uns - Valvex\" \/>\n<meta property=\"og:description\" content=\"Marke Valvex Valvex S.A. ist ein Name, der seit langem mit Zuverl\u00e4ssigkeit, kreativen Designs und modernster Technologie in Verbindung gebracht wird. Seit 1922 bauen wir unsere Erfahrung und unser Wissen \u2013 eine wesentliche Voraussetzung, um h\u00f6chste Qualit\u00e4t zu erreichen und mit den Anforderungen der Branche Schritt zu halten. Dank unserer st\u00e4ndigen Pr\u00e4senz auf dem Markt [&hellip;]\" \/>\n<meta property=\"og:url\" content=\"https:\/\/valvex.com\/de\/ueber-uns\/\" \/>\n<meta property=\"og:site_name\" content=\"Valvex\" \/>\n<meta property=\"article:modified_time\" content=\"2024-04-19T06:10:48+00:00\" \/>\n<meta property=\"og:image\" content=\"https:\/\/valvex.com\/wp-content\/uploads\/2024\/07\/Header_O-nas.png\" \/>\n\t<meta property=\"og:image:width\" content=\"2400\" \/>\n\t<meta property=\"og:image:height\" content=\"384\" \/>\n\t<meta property=\"og:image:type\" content=\"image\/png\" \/>\n<meta name=\"twitter:card\" content=\"summary_large_image\" \/>\n<meta name=\"twitter:label1\" content=\"Gesch\u00e4tzte Lesezeit\" \/>\n\t<meta name=\"twitter:data1\" content=\"5 Minuten\" \/>\n<script type=\"application\/ld+json\" class=\"yoast-schema-graph\">{\"@context\":\"https:\\\/\\\/schema.org\",\"@graph\":[{\"@type\":\"WebPage\",\"@id\":\"https:\\\/\\\/valvex.com\\\/de\\\/ueber-uns\\\/\",\"url\":\"https:\\\/\\\/valvex.com\\\/de\\\/ueber-uns\\\/\",\"name\":\"\u00dcber uns - Valvex\",\"isPartOf\":{\"@id\":\"https:\\\/\\\/valvex.com\\\/de\\\/#website\"},\"primaryImageOfPage\":{\"@id\":\"https:\\\/\\\/valvex.com\\\/de\\\/ueber-uns\\\/#primaryimage\"},\"image\":{\"@id\":\"https:\\\/\\\/valvex.com\\\/de\\\/ueber-uns\\\/#primaryimage\"},\"thumbnailUrl\":\"https:\\\/\\\/valvex.com\\\/wp-content\\\/uploads\\\/2024\\\/07\\\/Header_O-nas.png\",\"datePublished\":\"2023-07-21T12:20:21+00:00\",\"dateModified\":\"2024-04-19T06:10:48+00:00\",\"breadcrumb\":{\"@id\":\"https:\\\/\\\/valvex.com\\\/de\\\/ueber-uns\\\/#breadcrumb\"},\"inLanguage\":\"de\",\"potentialAction\":[{\"@type\":\"ReadAction\",\"target\":[\"https:\\\/\\\/valvex.com\\\/de\\\/ueber-uns\\\/\"]}]},{\"@type\":\"ImageObject\",\"inLanguage\":\"de\",\"@id\":\"https:\\\/\\\/valvex.com\\\/de\\\/ueber-uns\\\/#primaryimage\",\"url\":\"https:\\\/\\\/valvex.com\\\/wp-content\\\/uploads\\\/2024\\\/07\\\/Header_O-nas.png\",\"contentUrl\":\"https:\\\/\\\/valvex.com\\\/wp-content\\\/uploads\\\/2024\\\/07\\\/Header_O-nas.png\",\"width\":2400,\"height\":384},{\"@type\":\"BreadcrumbList\",\"@id\":\"https:\\\/\\\/valvex.com\\\/de\\\/ueber-uns\\\/#breadcrumb\",\"itemListElement\":[{\"@type\":\"ListItem\",\"position\":1,\"name\":\"Strona g\u0142\u00f3wna\",\"item\":\"https:\\\/\\\/valvex.com\\\/de\\\/\"},{\"@type\":\"ListItem\",\"position\":2,\"name\":\"\u00dcber uns\"}]},{\"@type\":\"WebSite\",\"@id\":\"https:\\\/\\\/valvex.com\\\/de\\\/#website\",\"url\":\"https:\\\/\\\/valvex.com\\\/de\\\/\",\"name\":\"Valvex\",\"description\":\"Hersteller von Sanit\u00e4ranlagen und Armaturen\\n\\n\",\"potentialAction\":[{\"@type\":\"SearchAction\",\"target\":{\"@type\":\"EntryPoint\",\"urlTemplate\":\"https:\\\/\\\/valvex.com\\\/de\\\/?s={search_term_string}\"},\"query-input\":{\"@type\":\"PropertyValueSpecification\",\"valueRequired\":true,\"valueName\":\"search_term_string\"}}],\"inLanguage\":\"de\"}]}<\/script>\n<!-- \/ Yoast SEO plugin. -->","yoast_head_json":{"title":"\u00dcber uns - Valvex","robots":{"index":"index","follow":"follow","max-snippet":"max-snippet:-1","max-image-preview":"max-image-preview:large","max-video-preview":"max-video-preview:-1"},"canonical":"https:\/\/valvex.com\/de\/ueber-uns\/","og_locale":"de_DE","og_type":"article","og_title":"\u00dcber uns - Valvex","og_description":"Marke Valvex Valvex S.A. ist ein Name, der seit langem mit Zuverl\u00e4ssigkeit, kreativen Designs und modernster Technologie in Verbindung gebracht wird. Seit 1922 bauen wir unsere Erfahrung und unser Wissen \u2013 eine wesentliche Voraussetzung, um h\u00f6chste Qualit\u00e4t zu erreichen und mit den Anforderungen der Branche Schritt zu halten. Dank unserer st\u00e4ndigen Pr\u00e4senz auf dem Markt [&hellip;]","og_url":"https:\/\/valvex.com\/de\/ueber-uns\/","og_site_name":"Valvex","article_modified_time":"2024-04-19T06:10:48+00:00","og_image":[{"width":2400,"height":384,"url":"https:\/\/valvex.com\/wp-content\/uploads\/2024\/07\/Header_O-nas.png","type":"image\/png"}],"twitter_card":"summary_large_image","twitter_misc":{"Gesch\u00e4tzte Lesezeit":"5 Minuten"},"schema":{"@context":"https:\/\/schema.org","@graph":[{"@type":"WebPage","@id":"https:\/\/valvex.com\/de\/ueber-uns\/","url":"https:\/\/valvex.com\/de\/ueber-uns\/","name":"\u00dcber uns - Valvex","isPartOf":{"@id":"https:\/\/valvex.com\/de\/#website"},"primaryImageOfPage":{"@id":"https:\/\/valvex.com\/de\/ueber-uns\/#primaryimage"},"image":{"@id":"https:\/\/valvex.com\/de\/ueber-uns\/#primaryimage"},"thumbnailUrl":"https:\/\/valvex.com\/wp-content\/uploads\/2024\/07\/Header_O-nas.png","datePublished":"2023-07-21T12:20:21+00:00","dateModified":"2024-04-19T06:10:48+00:00","breadcrumb":{"@id":"https:\/\/valvex.com\/de\/ueber-uns\/#breadcrumb"},"inLanguage":"de","potentialAction":[{"@type":"ReadAction","target":["https:\/\/valvex.com\/de\/ueber-uns\/"]}]},{"@type":"ImageObject","inLanguage":"de","@id":"https:\/\/valvex.com\/de\/ueber-uns\/#primaryimage","url":"https:\/\/valvex.com\/wp-content\/uploads\/2024\/07\/Header_O-nas.png","contentUrl":"https:\/\/valvex.com\/wp-content\/uploads\/2024\/07\/Header_O-nas.png","width":2400,"height":384},{"@type":"BreadcrumbList","@id":"https:\/\/valvex.com\/de\/ueber-uns\/#breadcrumb","itemListElement":[{"@type":"ListItem","position":1,"name":"Strona g\u0142\u00f3wna","item":"https:\/\/valvex.com\/de\/"},{"@type":"ListItem","position":2,"name":"\u00dcber uns"}]},{"@type":"WebSite","@id":"https:\/\/valvex.com\/de\/#website","url":"https:\/\/valvex.com\/de\/","name":"Valvex","description":"Hersteller von Sanit\u00e4ranlagen und Armaturen\n\n","potentialAction":[{"@type":"SearchAction","target":{"@type":"EntryPoint","urlTemplate":"https:\/\/valvex.com\/de\/?s={search_term_string}"},"query-input":{"@type":"PropertyValueSpecification","valueRequired":true,"valueName":"search_term_string"}}],"inLanguage":"de"}]}},"_links":{"self":[{"href":"https:\/\/valvex.com\/de\/wp-json\/wp\/v2\/pages\/67823","targetHints":{"allow":["GET"]}}],"collection":[{"href":"https:\/\/valvex.com\/de\/wp-json\/wp\/v2\/pages"}],"about":[{"href":"https:\/\/valvex.com\/de\/wp-json\/wp\/v2\/types\/page"}],"author":[{"embeddable":true,"href":"https:\/\/valvex.com\/de\/wp-json\/wp\/v2\/users\/12"}],"replies":[{"embeddable":true,"href":"https:\/\/valvex.com\/de\/wp-json\/wp\/v2\/comments?post=67823"}],"version-history":[{"count":1,"href":"https:\/\/valvex.com\/de\/wp-json\/wp\/v2\/pages\/67823\/revisions"}],"predecessor-version":[{"id":71484,"href":"https:\/\/valvex.com\/de\/wp-json\/wp\/v2\/pages\/67823\/revisions\/71484"}],"wp:featuredmedia":[{"embeddable":true,"href":"https:\/\/valvex.com\/de\/wp-json\/wp\/v2\/media\/73342"}],"wp:attachment":[{"href":"https:\/\/valvex.com\/de\/wp-json\/wp\/v2\/media?parent=67823"}],"curies":[{"name":"wp","href":"https:\/\/api.w.org\/{rel}","templated":true}]}}