{"id":62683,"date":"2022-01-03T12:48:05","date_gmt":"2022-01-03T11:48:05","guid":{"rendered":"http:\/\/valvex.com\/instalacje\/"},"modified":"2024-04-19T09:41:12","modified_gmt":"2024-04-19T07:41:12","slug":"installationen","status":"publish","type":"page","link":"https:\/\/valvex.com\/de\/installationen\/","title":{"rendered":"Installationen"},"content":{"rendered":"\n<h3 class=\"wp-block-heading\"><strong>Installationen \u2013 wir erf\u00fcllen die Anforderungen der anspruchsvollsten Projekte<\/strong><\/h3>\n\n\n\n<p>Die hohe Qualit\u00e4t und Langlebigkeit einer Anlage h\u00e4ngt von den Eigenschaften ihrer einzelnen Komponenten ab. Wir sind bestrebt, die Funktionalit\u00e4t unserer Produkte zu verbessern und suchen nach L\u00f6sungen, die dem neuesten Stand der Technik entsprechen, um die Arbeit der Installateure zu erleichtern und zu beschleunigen und die Qualit\u00e4t und Zuverl\u00e4ssigkeit der Installation selbst zu erh\u00f6hen. Als f\u00fchrendes Unternehmen in der Kugelhahnbranche garantieren wir, dass Sie uns vertrauen k\u00f6nnen, wenn es um Wasser-, Gas- und Heizungsinstallationssysteme geht.<\/p>\n","protected":false},"excerpt":{"rendered":"<p>Installationen \u2013 wir erf\u00fcllen die Anforderungen der anspruchsvollsten Projekte Die hohe Qualit\u00e4t und Langlebigkeit einer Anlage h\u00e4ngt von den Eigenschaften ihrer einzelnen Komponenten ab. Wir sind bestrebt, die Funktionalit\u00e4t unserer Produkte zu verbessern und suchen nach L\u00f6sungen, die dem neuesten Stand der Technik entsprechen, um die Arbeit der Installateure zu erleichtern und zu beschleunigen und [&hellip;]<\/p>\n","protected":false},"author":12,"featured_media":62678,"parent":0,"menu_order":90,"comment_status":"closed","ping_status":"closed","template":"page-grupa-produktow.php","meta":{"_acf_changed":false,"footnotes":""},"class_list":["post-62683","page","type-page","status-publish","has-post-thumbnail","hentry"],"acf":[],"yoast_head":"<!-- This site is optimized with the Yoast SEO plugin v27.3 - https:\/\/yoast.com\/product\/yoast-seo-wordpress\/ -->\n<title>Installationen - Valvex<\/title>\n<meta name=\"robots\" content=\"index, follow, max-snippet:-1, max-image-preview:large, max-video-preview:-1\" \/>\n<link rel=\"canonical\" href=\"https:\/\/valvex.com\/de\/installationen\/\" \/>\n<meta property=\"og:locale\" content=\"de_DE\" \/>\n<meta property=\"og:type\" content=\"article\" \/>\n<meta property=\"og:title\" content=\"Installationen - Valvex\" \/>\n<meta property=\"og:description\" content=\"Installationen \u2013 wir erf\u00fcllen die Anforderungen der anspruchsvollsten Projekte Die hohe Qualit\u00e4t und Langlebigkeit einer Anlage h\u00e4ngt von den Eigenschaften ihrer einzelnen Komponenten ab. Wir sind bestrebt, die Funktionalit\u00e4t unserer Produkte zu verbessern und suchen nach L\u00f6sungen, die dem neuesten Stand der Technik entsprechen, um die Arbeit der Installateure zu erleichtern und zu beschleunigen und [&hellip;]\" \/>\n<meta property=\"og:url\" content=\"https:\/\/valvex.com\/de\/installationen\/\" \/>\n<meta property=\"og:site_name\" content=\"Valvex\" \/>\n<meta property=\"article:modified_time\" content=\"2024-04-19T07:41:12+00:00\" \/>\n<meta property=\"og:image\" content=\"https:\/\/valvex.com\/wp-content\/uploads\/2022\/01\/Master.jpg\" \/>\n\t<meta property=\"og:image:width\" content=\"150\" \/>\n\t<meta property=\"og:image:height\" content=\"150\" \/>\n\t<meta property=\"og:image:type\" content=\"image\/jpeg\" \/>\n<meta name=\"twitter:card\" content=\"summary_large_image\" \/>\n<meta name=\"twitter:label1\" content=\"Gesch\u00e4tzte Lesezeit\" \/>\n\t<meta name=\"twitter:data1\" content=\"1 Minute\" \/>\n<script type=\"application\/ld+json\" class=\"yoast-schema-graph\">{\"@context\":\"https:\\\/\\\/schema.org\",\"@graph\":[{\"@type\":\"WebPage\",\"@id\":\"https:\\\/\\\/valvex.com\\\/de\\\/installationen\\\/\",\"url\":\"https:\\\/\\\/valvex.com\\\/de\\\/installationen\\\/\",\"name\":\"Installationen - Valvex\",\"isPartOf\":{\"@id\":\"https:\\\/\\\/valvex.com\\\/de\\\/#website\"},\"primaryImageOfPage\":{\"@id\":\"https:\\\/\\\/valvex.com\\\/de\\\/installationen\\\/#primaryimage\"},\"image\":{\"@id\":\"https:\\\/\\\/valvex.com\\\/de\\\/installationen\\\/#primaryimage\"},\"thumbnailUrl\":\"https:\\\/\\\/valvex.com\\\/wp-content\\\/uploads\\\/2022\\\/01\\\/Master.jpg\",\"datePublished\":\"2022-01-03T11:48:05+00:00\",\"dateModified\":\"2024-04-19T07:41:12+00:00\",\"breadcrumb\":{\"@id\":\"https:\\\/\\\/valvex.com\\\/de\\\/installationen\\\/#breadcrumb\"},\"inLanguage\":\"de\",\"potentialAction\":[{\"@type\":\"ReadAction\",\"target\":[\"https:\\\/\\\/valvex.com\\\/de\\\/installationen\\\/\"]}]},{\"@type\":\"ImageObject\",\"inLanguage\":\"de\",\"@id\":\"https:\\\/\\\/valvex.com\\\/de\\\/installationen\\\/#primaryimage\",\"url\":\"https:\\\/\\\/valvex.com\\\/wp-content\\\/uploads\\\/2022\\\/01\\\/Master.jpg\",\"contentUrl\":\"https:\\\/\\\/valvex.com\\\/wp-content\\\/uploads\\\/2022\\\/01\\\/Master.jpg\",\"width\":1440,\"height\":272},{\"@type\":\"BreadcrumbList\",\"@id\":\"https:\\\/\\\/valvex.com\\\/de\\\/installationen\\\/#breadcrumb\",\"itemListElement\":[{\"@type\":\"ListItem\",\"position\":1,\"name\":\"Strona g\u0142\u00f3wna\",\"item\":\"https:\\\/\\\/valvex.com\\\/de\\\/\"},{\"@type\":\"ListItem\",\"position\":2,\"name\":\"Installationen\"}]},{\"@type\":\"WebSite\",\"@id\":\"https:\\\/\\\/valvex.com\\\/de\\\/#website\",\"url\":\"https:\\\/\\\/valvex.com\\\/de\\\/\",\"name\":\"Valvex\",\"description\":\"Hersteller von Sanit\u00e4ranlagen und Armaturen\\n\\n\",\"potentialAction\":[{\"@type\":\"SearchAction\",\"target\":{\"@type\":\"EntryPoint\",\"urlTemplate\":\"https:\\\/\\\/valvex.com\\\/de\\\/?s={search_term_string}\"},\"query-input\":{\"@type\":\"PropertyValueSpecification\",\"valueRequired\":true,\"valueName\":\"search_term_string\"}}],\"inLanguage\":\"de\"}]}<\/script>\n<!-- \/ Yoast SEO plugin. -->","yoast_head_json":{"title":"Installationen - Valvex","robots":{"index":"index","follow":"follow","max-snippet":"max-snippet:-1","max-image-preview":"max-image-preview:large","max-video-preview":"max-video-preview:-1"},"canonical":"https:\/\/valvex.com\/de\/installationen\/","og_locale":"de_DE","og_type":"article","og_title":"Installationen - Valvex","og_description":"Installationen \u2013 wir erf\u00fcllen die Anforderungen der anspruchsvollsten Projekte Die hohe Qualit\u00e4t und Langlebigkeit einer Anlage h\u00e4ngt von den Eigenschaften ihrer einzelnen Komponenten ab. Wir sind bestrebt, die Funktionalit\u00e4t unserer Produkte zu verbessern und suchen nach L\u00f6sungen, die dem neuesten Stand der Technik entsprechen, um die Arbeit der Installateure zu erleichtern und zu beschleunigen und [&hellip;]","og_url":"https:\/\/valvex.com\/de\/installationen\/","og_site_name":"Valvex","article_modified_time":"2024-04-19T07:41:12+00:00","og_image":[{"width":150,"height":150,"url":"https:\/\/valvex.com\/wp-content\/uploads\/2022\/01\/Master.jpg","type":"image\/jpeg"}],"twitter_card":"summary_large_image","twitter_misc":{"Gesch\u00e4tzte Lesezeit":"1 Minute"},"schema":{"@context":"https:\/\/schema.org","@graph":[{"@type":"WebPage","@id":"https:\/\/valvex.com\/de\/installationen\/","url":"https:\/\/valvex.com\/de\/installationen\/","name":"Installationen - Valvex","isPartOf":{"@id":"https:\/\/valvex.com\/de\/#website"},"primaryImageOfPage":{"@id":"https:\/\/valvex.com\/de\/installationen\/#primaryimage"},"image":{"@id":"https:\/\/valvex.com\/de\/installationen\/#primaryimage"},"thumbnailUrl":"https:\/\/valvex.com\/wp-content\/uploads\/2022\/01\/Master.jpg","datePublished":"2022-01-03T11:48:05+00:00","dateModified":"2024-04-19T07:41:12+00:00","breadcrumb":{"@id":"https:\/\/valvex.com\/de\/installationen\/#breadcrumb"},"inLanguage":"de","potentialAction":[{"@type":"ReadAction","target":["https:\/\/valvex.com\/de\/installationen\/"]}]},{"@type":"ImageObject","inLanguage":"de","@id":"https:\/\/valvex.com\/de\/installationen\/#primaryimage","url":"https:\/\/valvex.com\/wp-content\/uploads\/2022\/01\/Master.jpg","contentUrl":"https:\/\/valvex.com\/wp-content\/uploads\/2022\/01\/Master.jpg","width":1440,"height":272},{"@type":"BreadcrumbList","@id":"https:\/\/valvex.com\/de\/installationen\/#breadcrumb","itemListElement":[{"@type":"ListItem","position":1,"name":"Strona g\u0142\u00f3wna","item":"https:\/\/valvex.com\/de\/"},{"@type":"ListItem","position":2,"name":"Installationen"}]},{"@type":"WebSite","@id":"https:\/\/valvex.com\/de\/#website","url":"https:\/\/valvex.com\/de\/","name":"Valvex","description":"Hersteller von Sanit\u00e4ranlagen und Armaturen\n\n","potentialAction":[{"@type":"SearchAction","target":{"@type":"EntryPoint","urlTemplate":"https:\/\/valvex.com\/de\/?s={search_term_string}"},"query-input":{"@type":"PropertyValueSpecification","valueRequired":true,"valueName":"search_term_string"}}],"inLanguage":"de"}]}},"_links":{"self":[{"href":"https:\/\/valvex.com\/de\/wp-json\/wp\/v2\/pages\/62683","targetHints":{"allow":["GET"]}}],"collection":[{"href":"https:\/\/valvex.com\/de\/wp-json\/wp\/v2\/pages"}],"about":[{"href":"https:\/\/valvex.com\/de\/wp-json\/wp\/v2\/types\/page"}],"author":[{"embeddable":true,"href":"https:\/\/valvex.com\/de\/wp-json\/wp\/v2\/users\/12"}],"replies":[{"embeddable":true,"href":"https:\/\/valvex.com\/de\/wp-json\/wp\/v2\/comments?post=62683"}],"version-history":[{"count":2,"href":"https:\/\/valvex.com\/de\/wp-json\/wp\/v2\/pages\/62683\/revisions"}],"predecessor-version":[{"id":71531,"href":"https:\/\/valvex.com\/de\/wp-json\/wp\/v2\/pages\/62683\/revisions\/71531"}],"wp:featuredmedia":[{"embeddable":true,"href":"https:\/\/valvex.com\/de\/wp-json\/wp\/v2\/media\/62678"}],"wp:attachment":[{"href":"https:\/\/valvex.com\/de\/wp-json\/wp\/v2\/media?parent=62683"}],"curies":[{"name":"wp","href":"https:\/\/api.w.org\/{rel}","templated":true}]}}