{"id":62677,"date":"2022-01-03T12:47:45","date_gmt":"2022-01-03T11:47:45","guid":{"rendered":"http:\/\/valvex.com\/lazienka\/"},"modified":"2024-04-19T08:07:17","modified_gmt":"2024-04-19T06:07:17","slug":"badezimmer","status":"publish","type":"page","link":"https:\/\/valvex.com\/de\/badezimmer\/","title":{"rendered":"Badezimmer"},"content":{"rendered":"\n<p><\/p>\n\n\n\n<h3 class=\"wp-block-heading\"><strong>Badezimmer \u2013 Ihr intimer R\u00fcckzugsort<\/strong><\/h3>\n\n\n\n<p>Das Badezimmer stellt einen besonderen Lebensraum dar. Es dient vor allem der Hygiene, kann aber auch ein wunderbarer R\u00fcckzugsort sein, um der Hektik des Tages f\u00fcr einen Moment zu entfliehen. Wenn wir es mit einer Reihe von Farben, Texturen und Materialien einrichten, die unserem individuellen Sinn f\u00fcr \u00c4sthetik entsprechen, umgibt uns das Badezimmer mit einem Gef\u00fchl von Intimit\u00e4t, Ruhe und Entspannung. Tauchen Sie ein in das Valvex-Sortiment an Badezimmerprodukten und w\u00e4hlen Sie Armaturen und Duschen, die Ihrem Badezimmer eine einzigartige Note verleihen.<\/p>\n","protected":false},"excerpt":{"rendered":"<p>Badezimmer \u2013 Ihr intimer R\u00fcckzugsort Das Badezimmer stellt einen besonderen Lebensraum dar. Es dient vor allem der Hygiene, kann aber auch ein wunderbarer R\u00fcckzugsort sein, um der Hektik des Tages f\u00fcr einen Moment zu entfliehen. Wenn wir es mit einer Reihe von Farben, Texturen und Materialien einrichten, die unserem individuellen Sinn f\u00fcr \u00c4sthetik entsprechen, umgibt [&hellip;]<\/p>\n","protected":false},"author":12,"featured_media":69159,"parent":0,"menu_order":138,"comment_status":"closed","ping_status":"closed","template":"page-grupa-produktow.php","meta":{"_acf_changed":false,"footnotes":""},"class_list":["post-62677","page","type-page","status-publish","has-post-thumbnail","hentry"],"acf":[],"yoast_head":"<!-- This site is optimized with the Yoast SEO plugin v27.3 - https:\/\/yoast.com\/product\/yoast-seo-wordpress\/ -->\n<title>Badezimmer - Valvex<\/title>\n<meta name=\"robots\" content=\"index, follow, max-snippet:-1, max-image-preview:large, max-video-preview:-1\" \/>\n<link rel=\"canonical\" href=\"https:\/\/valvex.com\/de\/badezimmer\/\" \/>\n<meta property=\"og:locale\" content=\"de_DE\" \/>\n<meta property=\"og:type\" content=\"article\" \/>\n<meta property=\"og:title\" content=\"Badezimmer - Valvex\" \/>\n<meta property=\"og:description\" content=\"Badezimmer \u2013 Ihr intimer R\u00fcckzugsort Das Badezimmer stellt einen besonderen Lebensraum dar. Es dient vor allem der Hygiene, kann aber auch ein wunderbarer R\u00fcckzugsort sein, um der Hektik des Tages f\u00fcr einen Moment zu entfliehen. Wenn wir es mit einer Reihe von Farben, Texturen und Materialien einrichten, die unserem individuellen Sinn f\u00fcr \u00c4sthetik entsprechen, umgibt [&hellip;]\" \/>\n<meta property=\"og:url\" content=\"https:\/\/valvex.com\/de\/badezimmer\/\" \/>\n<meta property=\"og:site_name\" content=\"Valvex\" \/>\n<meta property=\"article:modified_time\" content=\"2024-04-19T06:07:17+00:00\" \/>\n<meta property=\"og:image\" content=\"https:\/\/valvex.com\/wp-content\/uploads\/2024\/01\/Header_baterie-lazienki-1024x164.png\" \/>\n\t<meta property=\"og:image:width\" content=\"1024\" \/>\n\t<meta property=\"og:image:height\" content=\"164\" \/>\n\t<meta property=\"og:image:type\" content=\"image\/png\" \/>\n<meta name=\"twitter:card\" content=\"summary_large_image\" \/>\n<meta name=\"twitter:label1\" content=\"Gesch\u00e4tzte Lesezeit\" \/>\n\t<meta name=\"twitter:data1\" content=\"1 Minute\" \/>\n<script type=\"application\/ld+json\" class=\"yoast-schema-graph\">{\"@context\":\"https:\\\/\\\/schema.org\",\"@graph\":[{\"@type\":\"WebPage\",\"@id\":\"https:\\\/\\\/valvex.com\\\/de\\\/badezimmer\\\/\",\"url\":\"https:\\\/\\\/valvex.com\\\/de\\\/badezimmer\\\/\",\"name\":\"Badezimmer - Valvex\",\"isPartOf\":{\"@id\":\"https:\\\/\\\/valvex.com\\\/de\\\/#website\"},\"primaryImageOfPage\":{\"@id\":\"https:\\\/\\\/valvex.com\\\/de\\\/badezimmer\\\/#primaryimage\"},\"image\":{\"@id\":\"https:\\\/\\\/valvex.com\\\/de\\\/badezimmer\\\/#primaryimage\"},\"thumbnailUrl\":\"https:\\\/\\\/valvex.com\\\/wp-content\\\/uploads\\\/2024\\\/01\\\/Header_baterie-lazienki.png\",\"datePublished\":\"2022-01-03T11:47:45+00:00\",\"dateModified\":\"2024-04-19T06:07:17+00:00\",\"breadcrumb\":{\"@id\":\"https:\\\/\\\/valvex.com\\\/de\\\/badezimmer\\\/#breadcrumb\"},\"inLanguage\":\"de\",\"potentialAction\":[{\"@type\":\"ReadAction\",\"target\":[\"https:\\\/\\\/valvex.com\\\/de\\\/badezimmer\\\/\"]}]},{\"@type\":\"ImageObject\",\"inLanguage\":\"de\",\"@id\":\"https:\\\/\\\/valvex.com\\\/de\\\/badezimmer\\\/#primaryimage\",\"url\":\"https:\\\/\\\/valvex.com\\\/wp-content\\\/uploads\\\/2024\\\/01\\\/Header_baterie-lazienki.png\",\"contentUrl\":\"https:\\\/\\\/valvex.com\\\/wp-content\\\/uploads\\\/2024\\\/01\\\/Header_baterie-lazienki.png\",\"width\":2400,\"height\":384},{\"@type\":\"BreadcrumbList\",\"@id\":\"https:\\\/\\\/valvex.com\\\/de\\\/badezimmer\\\/#breadcrumb\",\"itemListElement\":[{\"@type\":\"ListItem\",\"position\":1,\"name\":\"Strona g\u0142\u00f3wna\",\"item\":\"https:\\\/\\\/valvex.com\\\/de\\\/\"},{\"@type\":\"ListItem\",\"position\":2,\"name\":\"Badezimmer\"}]},{\"@type\":\"WebSite\",\"@id\":\"https:\\\/\\\/valvex.com\\\/de\\\/#website\",\"url\":\"https:\\\/\\\/valvex.com\\\/de\\\/\",\"name\":\"Valvex\",\"description\":\"Hersteller von Sanit\u00e4ranlagen und Armaturen\\n\\n\",\"potentialAction\":[{\"@type\":\"SearchAction\",\"target\":{\"@type\":\"EntryPoint\",\"urlTemplate\":\"https:\\\/\\\/valvex.com\\\/de\\\/?s={search_term_string}\"},\"query-input\":{\"@type\":\"PropertyValueSpecification\",\"valueRequired\":true,\"valueName\":\"search_term_string\"}}],\"inLanguage\":\"de\"}]}<\/script>\n<!-- \/ Yoast SEO plugin. -->","yoast_head_json":{"title":"Badezimmer - Valvex","robots":{"index":"index","follow":"follow","max-snippet":"max-snippet:-1","max-image-preview":"max-image-preview:large","max-video-preview":"max-video-preview:-1"},"canonical":"https:\/\/valvex.com\/de\/badezimmer\/","og_locale":"de_DE","og_type":"article","og_title":"Badezimmer - Valvex","og_description":"Badezimmer \u2013 Ihr intimer R\u00fcckzugsort Das Badezimmer stellt einen besonderen Lebensraum dar. Es dient vor allem der Hygiene, kann aber auch ein wunderbarer R\u00fcckzugsort sein, um der Hektik des Tages f\u00fcr einen Moment zu entfliehen. Wenn wir es mit einer Reihe von Farben, Texturen und Materialien einrichten, die unserem individuellen Sinn f\u00fcr \u00c4sthetik entsprechen, umgibt [&hellip;]","og_url":"https:\/\/valvex.com\/de\/badezimmer\/","og_site_name":"Valvex","article_modified_time":"2024-04-19T06:07:17+00:00","og_image":[{"width":1024,"height":164,"url":"https:\/\/valvex.com\/wp-content\/uploads\/2024\/01\/Header_baterie-lazienki-1024x164.png","type":"image\/png"}],"twitter_card":"summary_large_image","twitter_misc":{"Gesch\u00e4tzte Lesezeit":"1 Minute"},"schema":{"@context":"https:\/\/schema.org","@graph":[{"@type":"WebPage","@id":"https:\/\/valvex.com\/de\/badezimmer\/","url":"https:\/\/valvex.com\/de\/badezimmer\/","name":"Badezimmer - Valvex","isPartOf":{"@id":"https:\/\/valvex.com\/de\/#website"},"primaryImageOfPage":{"@id":"https:\/\/valvex.com\/de\/badezimmer\/#primaryimage"},"image":{"@id":"https:\/\/valvex.com\/de\/badezimmer\/#primaryimage"},"thumbnailUrl":"https:\/\/valvex.com\/wp-content\/uploads\/2024\/01\/Header_baterie-lazienki.png","datePublished":"2022-01-03T11:47:45+00:00","dateModified":"2024-04-19T06:07:17+00:00","breadcrumb":{"@id":"https:\/\/valvex.com\/de\/badezimmer\/#breadcrumb"},"inLanguage":"de","potentialAction":[{"@type":"ReadAction","target":["https:\/\/valvex.com\/de\/badezimmer\/"]}]},{"@type":"ImageObject","inLanguage":"de","@id":"https:\/\/valvex.com\/de\/badezimmer\/#primaryimage","url":"https:\/\/valvex.com\/wp-content\/uploads\/2024\/01\/Header_baterie-lazienki.png","contentUrl":"https:\/\/valvex.com\/wp-content\/uploads\/2024\/01\/Header_baterie-lazienki.png","width":2400,"height":384},{"@type":"BreadcrumbList","@id":"https:\/\/valvex.com\/de\/badezimmer\/#breadcrumb","itemListElement":[{"@type":"ListItem","position":1,"name":"Strona g\u0142\u00f3wna","item":"https:\/\/valvex.com\/de\/"},{"@type":"ListItem","position":2,"name":"Badezimmer"}]},{"@type":"WebSite","@id":"https:\/\/valvex.com\/de\/#website","url":"https:\/\/valvex.com\/de\/","name":"Valvex","description":"Hersteller von Sanit\u00e4ranlagen und Armaturen\n\n","potentialAction":[{"@type":"SearchAction","target":{"@type":"EntryPoint","urlTemplate":"https:\/\/valvex.com\/de\/?s={search_term_string}"},"query-input":{"@type":"PropertyValueSpecification","valueRequired":true,"valueName":"search_term_string"}}],"inLanguage":"de"}]}},"_links":{"self":[{"href":"https:\/\/valvex.com\/de\/wp-json\/wp\/v2\/pages\/62677","targetHints":{"allow":["GET"]}}],"collection":[{"href":"https:\/\/valvex.com\/de\/wp-json\/wp\/v2\/pages"}],"about":[{"href":"https:\/\/valvex.com\/de\/wp-json\/wp\/v2\/types\/page"}],"author":[{"embeddable":true,"href":"https:\/\/valvex.com\/de\/wp-json\/wp\/v2\/users\/12"}],"replies":[{"embeddable":true,"href":"https:\/\/valvex.com\/de\/wp-json\/wp\/v2\/comments?post=62677"}],"version-history":[{"count":2,"href":"https:\/\/valvex.com\/de\/wp-json\/wp\/v2\/pages\/62677\/revisions"}],"predecessor-version":[{"id":71482,"href":"https:\/\/valvex.com\/de\/wp-json\/wp\/v2\/pages\/62677\/revisions\/71482"}],"wp:featuredmedia":[{"embeddable":true,"href":"https:\/\/valvex.com\/de\/wp-json\/wp\/v2\/media\/69159"}],"wp:attachment":[{"href":"https:\/\/valvex.com\/de\/wp-json\/wp\/v2\/media?parent=62677"}],"curies":[{"name":"wp","href":"https:\/\/api.w.org\/{rel}","templated":true}]}}